{"id":16622,"date":"2015-06-11T13:12:56","date_gmt":"2015-06-11T09:12:56","guid":{"rendered":"https:\/\/globecore.info\/regeneratsiya-masla-fullerovoj-zemlej-ful\/"},"modified":"2024-03-18T10:45:31","modified_gmt":"2024-03-18T06:45:31","slug":"regeneratsiya-masla-fullerovoj-zemlej-ful","status":"publish","type":"page","link":"https:\/\/globecore.info\/az\/products\/regeneratsiya-promyshlennyh-masel\/regeneratsiya-masla-fullerovoj-zemlej-ful\/","title":{"rendered":"Transformator ya\u011f\u0131n\u0131n regenerasiyas\u0131 \u00fc\u00e7\u00fcn mobil ya\u011f stansiyas\u0131 CMM-12R"},"content":{"rendered":"","protected":false},"excerpt":{"rendered":"","protected":false},"author":3,"featured_media":15875,"parent":16657,"menu_order":3,"comment_status":"closed","ping_status":"closed","template":"templates\/single-product.php","meta":{"_acf_changed":false,"footnotes":""},"categories":[],"class_list":["post-16622","page","type-page","status-publish","has-post-thumbnail","hentry"],"acf":{"add_tab":[{"tab_title":"T\u0259svir","tab_content":"<p style=\"text-align: justify;\">Transformator ya\u011f\u0131n\u0131n regenerasiya kompleksi MYS-12R. Hal-haz\u0131rda enerji t\u0259hcizat\u0131 m\u00fc\u0259ssis\u0259l\u0259rind\u0259, 25 ild\u0259n art\u0131q istismar edil\u0259n,\u00a0 40%-d\u0259n \u00e7ox g\u00fcc transformatorlardan istifad\u0259 olunur. Transformatorlar\u0131n illik z\u0259r\u0259rl\u0259nm\u0259si \u0259h\u0259miyy\u0259tli artma tendensiyas\u0131na malikdir.<\/p>\r\n<p style=\"text-align: justify;\">Q\u0259za v\u0259ziyy\u0259tinin analizin\u0259 m\u00fcxt\u0259lif yana\u015fmalara baxmayaraq, \u0259sas n\u0259tic\u0259l\u0259r ola bil\u0259r ki, transformatorlar\u0131n \u0259n z\u0259d\u0259l\u0259n\u0259n d\u00fcy\u00fcnl\u0259ri aparmalar\u0131n dolamalar\u0131n\u0131n \u0259sas izolyasiyas\u0131, g\u0259rginliyin v\u0259 daxil etm\u0259l\u0259rin t\u0259nzim\u00e7il\u0259ridir.<\/p>\r\n<p style=\"text-align: justify;\">Uzun m\u00fcdd\u0259t xidm\u0259tli b\u00fct\u00fcn transformatorlar\u0131n \u0259v\u0259zetm\u0259si, real iqtisadi situasiyan\u0131 n\u0259z\u0259r\u0259 alaraq, qeyri-m\u00fcmk\u00fcn olur. Dig\u0259r t\u0259r\u0259fd\u0259n is\u0259, transformatorlar\u0131n \u00e7oxunun faktiki resursu bitm\u0259yib. Bundan \u0259lav\u0259, t\u0259l\u0259b edil\u0259n istismar etibarl\u0131\u011f\u0131n\u0131 saxlayaraq, onun m\u00fcdd\u0259tini <strong>art\u0131rmaq <\/strong>olar. Ya\u011f\u0131n regenerasiyas\u0131n\u0131 ke\u00e7irm\u0259k kifay\u0259tdir.<\/p>\r\n<p style=\"text-align: justify;\"><strong>Ya\u011f mobil stansiyas\u0131<\/strong> <strong>MYS<\/strong><strong>-12<\/strong><strong>R<\/strong> (Regenerasiyal\u0131 Ya\u011f Mobil Stansiyas\u0131) elektrik izolyasiya ya\u011flar\u0131n\u0131n dielektrik m\u00f6hk\u0259mliyin v\u0259 kimy\u0259vi t\u0259rkibinin b\u0259rpas\u0131 metoduyla transformatorlar\u0131n xidm\u0259t m\u00fcdd\u0259tinin uzad\u0131lmas\u0131 \u00fc\u00e7\u00fcn haz\u0131rlanm\u0131\u015fd\u0131r.<\/p>\r\n<p style=\"text-align: justify;\">Transformator ya\u011f\u0131n\u0131n b\u0259rpas\u0131 prosesind\u0259 onun t\u0259rkibind\u0259n ya\u011f\u0131n da\u011f\u0131lmas\u0131n\u0131n m\u0259hsullar\u0131 v\u0259 tur\u015funu t\u0259\u015fkil ed\u0259nl\u0259r t\u0259mizl\u0259nir, ya\u011f\u0131n safla\u015fmas\u0131 \u0259m\u0259l\u0259 g\u0259lir, onun oksidl\u0259\u015fm\u0259y\u0259 qar\u015f\u0131 davamiyy\u0259ti art\u0131r v\u0259 qazlar\u0131n h\u0259ll olunmas\u0131na qabiliyy\u0259ti a\u015fa\u011f\u0131 d\u00fc\u015f\u00fcr.<\/p>\r\n<p style=\"text-align: justify;\"><strong>MYS-12R<\/strong> qur\u011fular\u0131n unikall\u0131\u011f\u0131 onlar\u0131n birba\u015fa transformatorda izolyasiya ya\u011flar\u0131n\u0131n <strong>regenerasiyas\u0131n\u0131 <\/strong>ke\u00e7irm\u0259k qabiliyy\u0259tind\u0259n ibar\u0259tdir v\u0259 transformator h\u0259m <strong>qo\u015fulmu\u015f<\/strong>, h\u0259m d\u0259 <strong>s\u00f6nd\u00fcr\u00fclm\u00fc\u015f<\/strong> halda emal edil\u0259 bil\u0259r. \u0130stismar yerind\u0259 ya\u011f\u0131n regenerasiyas\u0131 dolamalar\u0131n izolyasiyas\u0131ndan \u00e7\u00f6k\u00fcnt\u00fcn\u00fc h\u0259ll etm\u0259y\u0259 v\u0259 onu sorbentin k\u00f6m\u0259yi il\u0259 t\u0259mizl\u0259m\u0259y\u0259 imkan verir.<\/p>\r\n<p style=\"text-align: justify;\"><strong>Regenerasiya<\/strong> qur\u011fusunun \u015f\u00fcbh\u0259siz diqq\u0259t\u0259layiq olan x\u00fcsusiyy\u0259ti, xarakteristikalar\u0131 <strong>\u00e7oxqat b\u0259rpas\u0131na<\/strong> imkan\u0131 olan, <strong>\"Fuller Torpa\u011f\u0131\" sorbentd\u0259n<\/strong> istifad\u0259sidir, bu is\u0259 sorbentin \u0259v\u0259zetm\u0259sin\u0259 v\u0259 onun ehtiyatlar\u0131n\u0131n doldurulmas\u0131na dayanmadan ya\u011f\u0131n fasil\u0259siz emal\u0131n\u0131 ke\u00e7irm\u0259y\u0259 imkan verir.<\/p>"}],"add_def_tab":[{"tab_title":"Spesifikasiyalar","tab_content":"<table width=\"641\">\r\n<thead>\r\n<tr>\r\n<td width=\"418\">\r\n<p style=\"text-align: center;\"><strong>Parametrin ad\u0131<\/strong><\/p>\r\n<\/td>\r\n<td width=\"74\">\r\n<p style=\"text-align: center;\"><strong>\u00d6l. vah.<\/strong><\/p>\r\n<\/td>\r\n<td width=\"148\">\r\n<p style=\"text-align: center;\"><strong>G\u00f6st\u0259rici<\/strong><\/p>\r\n<\/td>\r\n<\/tr>\r\n<tr>\r\n<td width=\"418\">\r\n<p style=\"text-align: left;\">M\u0259hsuldarl\u0131q<\/p>\r\n<\/td>\r\n<td width=\"74\">\r\n<p style=\"text-align: center;\">l\/s<\/p>\r\n<\/td>\r\n<td width=\"148\">\r\n<p style=\"text-align: center;\">4000<\/p>\r\n<\/td>\r\n<\/tr>\r\n<tr>\r\n<td width=\"418\">\r\n<p style=\"text-align: left;\">Regenerasiya rejimind\u0259 ya\u011f\u0131n itkisi<\/p>\r\n<\/td>\r\n<td width=\"74\">\r\n<p style=\"text-align: center;\">%<\/p>\r\n<\/td>\r\n<td width=\"148\">\r\n<p style=\"text-align: center;\">2-20<\/p>\r\n<\/td>\r\n<\/tr>\r\n<tr>\r\n<td width=\"418\">\r\n<p style=\"text-align: left;\">Ya\u011f\u0131n maksimal icaz\u0259 veril\u0259n temperaturu<\/p>\r\n<\/td>\r\n<td width=\"74\">\r\n<p style=\"text-align: center;\"><sup>\u043e<\/sup>\u0421<\/p>\r\n<\/td>\r\n<td width=\"148\">\r\n<p style=\"text-align: center;\">80<\/p>\r\n<\/td>\r\n<\/tr>\r\n<tr>\r\n<td width=\"418\">\r\n<p style=\"text-align: left;\">\u00c7\u0131x\u0131\u015fda t\u0259zyiq<\/p>\r\n<\/td>\r\n<td width=\"74\">\r\n<p style=\"text-align: center;\">\u0431\u0430\u0440<\/p>\r\n<\/td>\r\n<td width=\"148\">\r\n<p style=\"text-align: center;\">2,5<\/p>\r\n<\/td>\r\n<\/tr>\r\n<tr>\r\n<td width=\"418\">\r\n<p style=\"text-align: left;\">Ya\u011f\u0131n q\u0131zd\u0131r\u0131c\u0131s\u0131n\u0131n g\u00fcc\u00fc<\/p>\r\n<\/td>\r\n<td width=\"74\">\r\n<p style=\"text-align: center;\">kVt<\/p>\r\n<\/td>\r\n<td width=\"148\">\r\n<p style=\"text-align: center;\">75<\/p>\r\n<\/td>\r\n<\/tr>\r\n<tr>\r\n<td width=\"418\">\r\n<p style=\"text-align: left;\">Vakuum sisteminin sorulmas\u0131n\u0131n nominal s\u00fcr\u0259ti<\/p>\r\n<\/td>\r\n<td width=\"74\">\r\n<p style=\"text-align: center;\">l\/s<\/p>\r\n<\/td>\r\n<td width=\"148\">\r\n<p style=\"text-align: center;\">280 000<\/p>\r\n<\/td>\r\n<\/tr>\r\n<tr>\r\n<td width=\"418\">\r\n<p style=\"text-align: left;\">\u0130stifad\u0259 edil\u0259n Fuller Torpa\u011f\u0131nn k\u00fctl\u0259si<\/p>\r\n<\/td>\r\n<td width=\"74\">\r\n<p style=\"text-align: center;\">kq<\/p>\r\n<\/td>\r\n<td width=\"148\">\r\n<p style=\"text-align: center;\">1600<\/p>\r\n<\/td>\r\n<\/tr>\r\n<tr>\r\n<td width=\"418\">\r\n<p style=\"text-align: left;\">Maksimal s\u0259rf edil\u0259n g\u00fcc, MYS \u2013R12D bloku il\u0259 v\u0259 bloksuz<\/p>\r\n<\/td>\r\n<td width=\"74\">\r\n<p style=\"text-align: center;\">kVt<\/p>\r\n<\/td>\r\n<td width=\"148\">\r\n<p style=\"text-align: center;\">130\/145<\/p>\r\n<\/td>\r\n<\/tr>\r\n<tr>\r\n<td colspan=\"3\" width=\"641\">\r\n<p style=\"text-align: left;\">Enerji t\u0259chizat\u0131n\u0131n parametrl\u0259ri<\/p>\r\n<\/td>\r\n<\/tr>\r\n<tr>\r\n<td width=\"418\">\r\n<p style=\"text-align: left;\">Fazalar\u0131n say\u0131<\/p>\r\n<\/td>\r\n<td width=\"74\"><\/td>\r\n<td width=\"148\">\r\n<p style=\"text-align: center;\">3p+1N+PE<\/p>\r\n<\/td>\r\n<\/tr>\r\n<tr>\r\n<td width=\"418\">\r\n<p style=\"text-align: left;\">C\u0259r\u0259yan<\/p>\r\n<\/td>\r\n<td width=\"74\">\r\n<p style=\"text-align: center;\">V<\/p>\r\n<\/td>\r\n<td width=\"148\">\r\n<p style=\"text-align: center;\">380<\/p>\r\n<\/td>\r\n<\/tr>\r\n<tr>\r\n<td width=\"418\">\r\n<p style=\"text-align: left;\">D\u0259yi\u015f\u0259n c\u0259r\u0259yan\u0131n tezliyi<\/p>\r\n<\/td>\r\n<td width=\"74\">\r\n<p style=\"text-align: center;\">Hs<\/p>\r\n<\/td>\r\n<td width=\"148\">\r\n<p style=\"text-align: center;\">50<\/p>\r\n<\/td>\r\n<\/tr>\r\n<tr>\r\n<td colspan=\"3\" width=\"641\">\r\n<p style=\"text-align: left;\">Birl\u0259\u015fdirici \u00f6l\u00e7\u00fcl\u0259r<\/p>\r\n<\/td>\r\n<\/tr>\r\n<tr>\r\n<td width=\"418\">\r\n<p style=\"text-align: left;\">Ya\u011f\u0131n giri\u015fi<\/p>\r\n<\/td>\r\n<td width=\"74\">\r\n<p style=\"text-align: center;\">\u015ed<\/p>\r\n<\/td>\r\n<td width=\"148\">\r\n<p style=\"text-align: center;\">40\/Camlock C150<\/p>\r\n<\/td>\r\n<\/tr>\r\n<tr>\r\n<td width=\"418\">\r\n<p style=\"text-align: left;\">Ya\u011f\u0131n \u00e7\u0131x\u0131\u015f\u0131<\/p>\r\n<\/td>\r\n<td width=\"74\">\r\n<p style=\"text-align: center;\">\u015ed<\/p>\r\n<\/td>\r\n<td width=\"148\">\r\n<p style=\"text-align: center;\">40\/Camlock C150<\/p>\r\n<\/td>\r\n<\/tr>\r\n<tr>\r\n<td width=\"418\">\r\n<p style=\"text-align: left;\">Vakuum nasoslar\u0131n\u0131n i\u015fl\u0259nmi\u015f qaz\u0131n \u00e7\u0131xmas\u0131<\/p>\r\n<\/td>\r\n<td width=\"74\">\r\n<p style=\"text-align: center;\">\u015ed<\/p>\r\n<\/td>\r\n<td width=\"148\">\r\n<p style=\"text-align: center;\">32<\/p>\r\n<\/td>\r\n<\/tr>\r\n<tr>\r\n<td width=\"418\">\r\n<p style=\"text-align: left;\">Reaktivasiya blokunun i\u015fl\u0259nmi\u015f qaz\u0131n \u00e7\u0131xmas\u0131<\/p>\r\n<\/td>\r\n<td width=\"74\">\r\n<p style=\"text-align: center;\">\u015ed<\/p>\r\n<\/td>\r\n<td width=\"148\">\r\n<p style=\"text-align: center;\">50<\/p>\r\n<\/td>\r\n<\/tr>\r\n<tr>\r\n<td colspan=\"3\" width=\"641\">\r\n<p style=\"text-align: left;\">S\u00fczg\u0259c elementl\u0259rin spesifikasiyalar\u0131<\/p>\r\n<\/td>\r\n<\/tr>\r\n<tr>\r\n<td width=\"418\">\r\n<p style=\"text-align: left;\">Kobud t\u0259mizl\u0259m\u0259nin (torlu filtr) filtri<\/p>\r\n<\/td>\r\n<td width=\"74\">\r\n<p style=\"text-align: center;\">mkm<\/p>\r\n<\/td>\r\n<td width=\"148\">\r\n<p style=\"text-align: center;\">100<\/p>\r\n<\/td>\r\n<\/tr>\r\n<tr>\r\n<td width=\"418\">\r\n<p style=\"text-align: left;\">S\u00fczg\u0259c elementiyl\u0259 ilkin t\u0259mizl\u0259m\u0259nin filtri<\/p>\r\n<\/td>\r\n<td width=\"74\">\r\n<p style=\"text-align: center;\">mkm<\/p>\r\n<\/td>\r\n<td width=\"148\">\r\n<p style=\"text-align: center;\">25<\/p>\r\n<\/td>\r\n<\/tr>\r\n<tr>\r\n<td width=\"418\">\r\n<p style=\"text-align: left;\">S\u00fczg\u0259c elementiyl\u0259 t\u0259mizl\u0259m\u0259nin regenerasiya blokunun filtri<\/p>\r\n<\/td>\r\n<td width=\"74\">\r\n<p style=\"text-align: center;\">mkm<\/p>\r\n<\/td>\r\n<td width=\"148\">\r\n<p style=\"text-align: center;\">0,3 \u0425 2<\/p>\r\n<\/td>\r\n<\/tr>\r\n<tr>\r\n<td width=\"418\">\r\n<p style=\"text-align: left;\">S\u00fczg\u0259c elementiyl\u0259 inc\u0259 t\u0259mizl\u0259m\u0259nin filtri<\/p>\r\n<\/td>\r\n<td width=\"74\">\r\n<p style=\"text-align: center;\">mkm<\/p>\r\n<\/td>\r\n<td width=\"148\">\r\n<p style=\"text-align: center;\">5<\/p>\r\n<\/td>\r\n<\/tr>\r\n<tr>\r\n<td colspan=\"3\" width=\"641\">\r\n<p style=\"text-align: left;\">Qabarit \u00f6l\u00e7\u00fcl\u0259r\/qo\u015fmas\u0131z<\/p>\r\n<\/td>\r\n<\/tr>\r\n<tr>\r\n<td width=\"418\">\r\n<p style=\"text-align: left;\">Uzunluq<\/p>\r\n<\/td>\r\n<td width=\"74\">\r\n<p style=\"text-align: center;\">mm<\/p>\r\n<\/td>\r\n<td width=\"148\">\r\n<p style=\"text-align: center;\">11500<\/p>\r\n<\/td>\r\n<\/tr>\r\n<tr>\r\n<td width=\"418\">\r\n<p style=\"text-align: left;\">Enlik<\/p>\r\n<\/td>\r\n<td width=\"74\">\r\n<p style=\"text-align: center;\">mm<\/p>\r\n<\/td>\r\n<td width=\"148\">\r\n<p style=\"text-align: center;\">2090<\/p>\r\n<\/td>\r\n<\/tr>\r\n<tr>\r\n<td width=\"418\">\r\n<p style=\"text-align: left;\">H\u00fcnd\u00fcrl\u00fck<\/p>\r\n<\/td>\r\n<td width=\"74\">\r\n<p style=\"text-align: center;\">mm<\/p>\r\n<\/td>\r\n<td width=\"148\">\r\n<p style=\"text-align: center;\">2110<\/p>\r\n<\/td>\r\n<\/tr>\r\n<tr>\r\n<td width=\"418\">\r\n<p style=\"text-align: left;\">\u00c7\u0259ki<\/p>\r\n<\/td>\r\n<td width=\"74\">\r\n<p style=\"text-align: center;\">kq<\/p>\r\n<\/td>\r\n<td width=\"148\">\r\n<p style=\"text-align: center;\">15000<\/p>\r\n<\/td>\r\n<\/tr>\r\n<\/thead>\r\n<\/table>"},{"tab_title":"\u00dcst\u00fcnl\u00fckl\u0259r","tab_content":"<ul>\r\n \t<li style=\"text-align: justify;\">regenerasiya s\u00fctunlar\u0131 sorbentl\u0259 y\u00fckl\u0259nir, hans\u0131 ki, ya\u011f\u0131n ayr\u0131lmas\u0131n\u0131n b\u00fct\u00fcn m\u0259hsullar\u0131n\u0131 tutur;<\/li>\r\n \t<li style=\"text-align: justify;\">qur\u011funun reaktivasiyas\u0131n\u0131 n\u0259z\u0259r\u0259 alaraq 2-3 il boyunca eyni sorbentd\u0259n istifad\u0259 ed\u0259 bil\u0259rl\u0259r;<\/li>\r\n \t<li style=\"text-align: justify;\">sorbent 300 d\u0259f\u0259y\u0259 q\u0259d\u0259r reaktivasiya edil\u0259 bil\u0259r;<\/li>\r\n \t<li style=\"text-align: justify;\">regenerasiya sisteml\u0259ri deqazasiya bloklar\u0131yla birl\u0259\u015fdirilmi\u015f ola bil\u0259r v\u0259 ya m\u00fcst\u0259qil sisteml\u0259r \u015f\u0259klind\u0259 \u0259ld\u0259 edilmi\u015f ola bil\u0259r;<\/li>\r\n \t<li style=\"text-align: justify;\">regenerasiya sisteml\u0259ri deqazasiya v\u0259 ya qurutma \u00fc\u00e7\u00fcn m\u00f6vcud qur\u011fu il\u0259 uy\u011funluqda istifad\u0259 oluna bil\u0259r.<\/li>\r\n<\/ul>\r\n<p style=\"text-align: justify;\">H\u0259r modul k\u00f6kl\u0259nmi\u015f ola bil\u0259r v\u0259 bir s\u0131ra se\u00e7iml\u0259r\u0259 m\u00f6vcuddur:<\/p>\r\n\r\n<ul>\r\n \t<li style=\"text-align: justify;\">transformatorun deqazasiyas\u0131 \u00fc\u00e7\u00fcn \u0259lav\u0259 vakuum nasosu;<\/li>\r\n \t<li style=\"text-align: justify;\">qo\u015fmada v\u0259 ya yar\u0131mqo\u015fquda b\u0259rkidil\u0259 bil\u0259r;<\/li>\r\n \t<li style=\"text-align: justify;\">ya\u011f\u0131n r\u00fctub\u0259tinin giri\u015f v\u0259\/v\u0259 ya \u00e7\u0131x\u0131\u015f \u00f6t\u00fcr\u00fcc\u00fcl\u0259ri;<\/li>\r\n \t<li style=\"text-align: justify;\">distans idar\u0259etm\u0259 v\u0259 smartfon v\u0259 ya FK vasit\u0259sil\u0259 prosesin kontrolu;<\/li>\r\n \t<li style=\"text-align: justify;\">n\u0259zar\u0259t edil\u0259n iqliml\u0259 i\u015f zonas\u0131.<\/li>\r\n<\/ul>"}],"add_video_tab":[{"video_tab_title":"Video","add_video_id":[{"video_id":"R-6_UVrnXgA"}]}],"add_gallery_tab":[{"gallery_tab_title":"\u015e\u0259kill\u0259r","add_img":[15475,15476,15477,15478,15479,15483,15703,15710]}],"add_price_tab":null,"science_title":"","science_id":null},"language":"az","_links":{"self":[{"href":"https:\/\/globecore.info\/az\/wp-json\/wp\/v2\/pages\/16622","targetHints":{"allow":["GET"]}}],"collection":[{"href":"https:\/\/globecore.info\/az\/wp-json\/wp\/v2\/pages"}],"about":[{"href":"https:\/\/globecore.info\/az\/wp-json\/wp\/v2\/types\/page"}],"author":[{"embeddable":true,"href":"https:\/\/globecore.info\/az\/wp-json\/wp\/v2\/users\/3"}],"replies":[{"embeddable":true,"href":"https:\/\/globecore.info\/az\/wp-json\/wp\/v2\/comments?post=16622"}],"version-history":[{"count":5,"href":"https:\/\/globecore.info\/az\/wp-json\/wp\/v2\/pages\/16622\/revisions"}],"predecessor-version":[{"id":17284,"href":"https:\/\/globecore.info\/az\/wp-json\/wp\/v2\/pages\/16622\/revisions\/17284"}],"up":[{"embeddable":true,"href":"https:\/\/globecore.info\/az\/wp-json\/wp\/v2\/pages\/16657"}],"wp:featuredmedia":[{"embeddable":true,"href":"https:\/\/globecore.info\/az\/wp-json\/wp\/v2\/media\/15875"}],"wp:attachment":[{"href":"https:\/\/globecore.info\/az\/wp-json\/wp\/v2\/media?parent=16622"}],"wp:term":[{"taxonomy":"category","embeddable":true,"href":"https:\/\/globecore.info\/az\/wp-json\/wp\/v2\/categories?post=16622"}],"curies":[{"name":"wp","href":"https:\/\/api.w.org\/{rel}","templated":true}]}}