{"id":16623,"date":"2015-12-24T10:51:17","date_gmt":"2015-12-24T06:51:17","guid":{"rendered":"https:\/\/globecore.info\/stantsiya-maslyanaya-mobilnaya-smm-03\/"},"modified":"2024-03-18T10:52:26","modified_gmt":"2024-03-18T06:52:26","slug":"stantsiya-maslyanaya-mobilnaya-smm-03","status":"publish","type":"page","link":"https:\/\/globecore.info\/az\/products\/termovakuumnaya-ochistka-masel\/stantsiya-maslyanaya-mobilnaya-smm-03\/","title":{"rendered":"Mobil ya\u011f stansiyas\u0131 CMM-0,6L"},"content":{"rendered":"","protected":false},"excerpt":{"rendered":"","protected":false},"author":4,"featured_media":16221,"parent":16660,"menu_order":8,"comment_status":"closed","ping_status":"closed","template":"templates\/single-product.php","meta":{"_acf_changed":false,"footnotes":""},"categories":[],"class_list":["post-16623","page","type-page","status-publish","has-post-thumbnail","hentry"],"acf":{"add_tab":[{"tab_title":"T\u0259svir","tab_content":"<p style=\"text-align: justify;\">Saxlama v\u0259 istismar zaman\u0131 transformator ya\u011f\u0131 havayla v\u0259 qazlarla \u0259laq\u0259d\u0259 ola bil\u0259r, bu onun elektrik m\u00f6hk\u0259mliyini (k\u00f6p\u00fckl\u0259rin yaranmamas\u0131 \u015f\u0259rti il\u0259) 20-30% a\u015fa\u011f\u0131 sal\u0131r. Ya\u011fda h\u0259ll edilmi\u015f v\u0259 m\u00f6hk\u0259m izolyasiyada olan hava transformatorun b\u00fct\u00fcn izolyasiya konstruksiyas\u0131n\u0131n elektrik m\u00f6hk\u0259mliyini a\u015fa\u011f\u0131 sal\u0131r ki, bu elektrik bo\u015falmalar\u0131n \u0259m\u0259l\u0259 g\u0259lm\u0259si il\u0259 ba\u011fl\u0131d\u0131r. Mobil ya\u011f stansiyas\u0131 MYS-0,6L sadalanan hallar\u0131n qar\u015f\u0131s\u0131n\u0131 alma\u011fa icaz\u0259 verir.<\/p>\r\n<p style=\"text-align: justify;\">\u00c7oxlu istehsal\u00e7\u0131lar gec transformatorlar\u0131n\u0131n deqazasiyas\u0131 v\u0259 transformator ya\u011flar\u0131nda qazlar\u0131n m\u00f6vcudlu\u011fu bar\u0259sind\u0259 s\u0259rt t\u0259l\u0259bl\u0259ri ir\u0259li s\u00fcr\u00fcrl\u0259r, bu is\u0259 izolyasiya sisteminin v\u0259 i\u015finin etibarl\u0131l\u0131\u011f\u0131n\u0131n xidm\u0259t m\u00fcdd\u0259tini uzatma\u011fa icaz\u0259 verir . Eyni zamanda transformator ya\u011f\u0131n\u0131n istismar xarakteristikalar\u0131na h\u0259m\u00e7inin mexaniki qat\u0131\u015f\u0131qlarla \u00e7irkl\u0259ndirm\u0259 v\u0259 r\u00fctub\u0259tin m\u00f6vcudlu\u011fu b\u00f6y\u00fck t\u0259sir g\u00f6st\u0259rir. Deqazasiya v\u0259 izolyasiya mayenin avadanl\u0131\u011fa t\u00f6km\u0259sin\u0259 q\u0259d\u0259r t\u0259mizl\u0259m\u0259si transformatorun isin\u0259n hiss\u0259l\u0259rind\u0259n yax\u015f\u0131 istilik \u00f6t\u00fcrm\u0259ni v\u0259 c\u0259r\u0259yan \u00f6t\u00fcr\u0259n elementl\u0259rin izolyasiyas\u0131na z\u0259man\u0259t verm\u0259y\u0259 icaz\u0259 verir.<\/p>\r\n<p style=\"text-align: justify;\"><strong><em>GlobeCore<\/em><\/strong> \u015firk\u0259ti balaca ya\u011fla doldurulmu\u015f sisteml\u0259rin texniki xidm\u0259tiyl\u0259 v\u0259 t\u0259mirl\u0259 m\u0259\u015f\u011ful olan m\u00fch\u0259ndislik t\u0259\u015fkilatlar\u0131n v\u0259 servis xidm\u0259tl\u0259rin diqq\u0259tin\u0259 MYS-0,6L tipli mobil ya\u011f stansiyalar\u0131 t\u0259klif edir\u00a0 .<\/p>\r\n<p style=\"text-align: justify;\"><strong>Mobil ya\u011f stansiyas\u0131 MYS-0,6L <\/strong>vakuum s\u00fctunundan, q\u0131zd\u0131r\u0131c\u0131dan, maye \u00f6t\u00fcr\u00fclm\u0259si nasosundan, vakuum nasosundan v\u0259 n\u00f6vb\u0259li kartricl\u0259rl\u0259 blok-filtrd\u0259n ibar\u0259tdir. Avadanl\u0131q termovakuum t\u0259mizl\u0259m\u0259 prinsipi \u00fczr\u0259 i\u015fl\u0259yir, hans\u0131 ki, h\u0259m ya\u011fdan z\u0259r\u0259rli qat\u0131\u015f\u0131qlar\u0131 t\u0259mizl\u0259m\u0259y\u0259, h\u0259m d\u0259 b\u00fct\u00fcn faydal\u0131 karbohidrogenl\u0259ri saxlama\u011fa icaz\u0259 vermir. Bundan ba\u015fqa, qura\u015fd\u0131rma izolyasiya mayenin \u00f6t\u00fcr\u00fclm\u0259si v\u0259 q\u0131zd\u0131rmas\u0131 rejimin\u0259 sal\u0131na bil\u0259r.<\/p>"}],"add_def_tab":[{"tab_title":"Spesifikasiyalar","tab_content":"<table width=\"602\">\r\n<thead>\r\n<tr>\r\n<td width=\"53\"><strong>\u2116<\/strong><\/td>\r\n<td width=\"349\">\r\n<p style=\"text-align: center;\"><strong>Parametrin ad\u0131<\/strong><\/p>\r\n<\/td>\r\n<td width=\"199\">\r\n<p style=\"text-align: center;\"><strong>G\u00f6st\u0259rici<\/strong><\/p>\r\n<\/td>\r\n<\/tr>\r\n<tr>\r\n<td width=\"53\">1.<\/td>\r\n<td width=\"349\">\r\n<p style=\"text-align: left;\">M\u0259hsuldarl\u0131q, m<sup>3<\/sup>\/saat<\/p>\r\n<\/td>\r\n<td width=\"199\">\r\n<p style=\"text-align: center;\">0,6<\/p>\r\n<\/td>\r\n<\/tr>\r\n<tr>\r\n<td width=\"53\">2.<\/td>\r\n<td width=\"349\">\r\n<p style=\"text-align: left;\">D\u0259yi\u015f\u0259n c\u0259r\u0259yan\u0131n \u015f\u0259b\u0259k\u0259sinin t\u0259chizetm\u0259nin g\u0259rginliyi tezlikl\u0259 50 Hs, V<\/p>\r\n<\/td>\r\n<td width=\"199\">\r\n<p style=\"text-align: center;\">220<\/p>\r\n<\/td>\r\n<\/tr>\r\n<tr>\r\n<td width=\"53\">3.<\/td>\r\n<td width=\"349\">\r\n<p style=\"text-align: left;\">M\u00fc\u0259yy\u0259n edilmi\u015f s\u0259rf edil\u0259n g\u00fcc, kVt<\/p>\r\n<\/td>\r\n<td width=\"199\">\r\n<p style=\"text-align: center;\">3<\/p>\r\n<\/td>\r\n<\/tr>\r\n<tr>\r\n<td width=\"53\">4.<\/td>\r\n<td width=\"349\">\r\n<p style=\"text-align: left;\">\u0130lkin filtr, mkm<\/p>\r\n<\/td>\r\n<td width=\"199\">\r\n<p style=\"text-align: center;\">200<\/p>\r\n<\/td>\r\n<\/tr>\r\n<tr>\r\n<td width=\"53\">5.<\/td>\r\n<td width=\"349\">\r\n<p style=\"text-align: left;\">Filtrasiyan\u0131n inc\u0259liyi, mkm<\/p>\r\n<\/td>\r\n<td width=\"199\">\r\n<p style=\"text-align: center;\">5<\/p>\r\n<\/td>\r\n<\/tr>\r\n<tr>\r\n<td width=\"53\">6.<\/td>\r\n<td width=\"349\">\r\n<p style=\"text-align: left;\">Emaldan sonra t\u0259mizliyin sinfi (ISO 4406 \u00fczr\u0259)<\/p>\r\n<\/td>\r\n<td width=\"199\">\r\n<p style=\"text-align: center;\">-\/14\/12<\/p>\r\n<\/td>\r\n<\/tr>\r\n<tr>\r\n<td width=\"53\">7.<\/td>\r\n<td width=\"349\">\r\n<p style=\"text-align: left;\">Emal\u0131n bir d\u00f6vr\u00fcnd\u0259n sonra ya\u011f\u0131n de\u015fm\u0259 g\u0259rginliyi \u0259n az\u0131, kV<\/p>\r\n<\/td>\r\n<td width=\"199\">\r\n<p style=\"text-align: center;\">60<\/p>\r\n<\/td>\r\n<\/tr>\r\n<tr>\r\n<td width=\"53\">8.<\/td>\r\n<td width=\"349\">\r\n<p style=\"text-align: left;\">Qabarit \u00f6l\u00e7\u00fcl\u0259r (\u015flanqlars\u0131z) \u0259n \u00e7ox, mm<\/p>\r\n<\/td>\r\n<td width=\"199\"><\/td>\r\n<\/tr>\r\n<tr>\r\n<td width=\"53\"><\/td>\r\n<td width=\"349\">\r\n<p style=\"text-align: left;\">\u2014 uzunluq<\/p>\r\n<\/td>\r\n<td width=\"199\">\r\n<p style=\"text-align: center;\">1700<\/p>\r\n<\/td>\r\n<\/tr>\r\n<tr>\r\n<td width=\"53\"><\/td>\r\n<td width=\"349\">\r\n<p style=\"text-align: left;\">\u2014 enlik<\/p>\r\n<\/td>\r\n<td width=\"199\">\r\n<p style=\"text-align: center;\">1300<\/p>\r\n<\/td>\r\n<\/tr>\r\n<tr>\r\n<td width=\"53\"><\/td>\r\n<td width=\"349\">\r\n<p style=\"text-align: left;\">\u2014 h\u00fcnd\u00fcrl\u00fck<\/p>\r\n<\/td>\r\n<td width=\"199\">\r\n<p style=\"text-align: center;\">2000<\/p>\r\n<\/td>\r\n<\/tr>\r\n<tr>\r\n<td width=\"53\">9.<\/td>\r\n<td width=\"349\">\r\n<p style=\"text-align: left;\">\u00c7\u0259ki (ya\u011fs\u0131z) \u0259n \u00e7ox, kq<\/p>\r\n<\/td>\r\n<td width=\"199\">\r\n<p style=\"text-align: center;\">500<\/p>\r\n<\/td>\r\n<\/tr>\r\n<\/thead>\r\n<\/table>"},{"tab_title":"\u00dcst\u00fcnl\u00fckl\u0259r","tab_content":"<ul>\r\n \t<li style=\"text-align: justify;\">\u00f6l\u00e7\u00fcl\u0259rin y\u0131\u011fcaml\u0131\u011f\u0131;<\/li>\r\n \t<li style=\"text-align: justify;\">xidm\u0259td\u0259 v\u0259 istismarda sad\u0259lik;<\/li>\r\n \t<li style=\"text-align: justify;\">ya\u011f\u0131n t\u00f6kelm\u0259sind\u0259n v\u0259 k\u00f6p\u00fckl\u0259nm\u0259nin yaranmas\u0131ndan m\u00fcdafi\u0259 n\u0259z\u0259rd\u0259 tutulmu\u015fdur;<\/li>\r\n \t<li style=\"text-align: justify;\">i\u015fl\u0259m\u0259yin s\u0259ssizliyi;<\/li>\r\n \t<li style=\"text-align: justify;\">adi rozetka vasit\u0259sil\u0259 qidaland\u0131ran \u015f\u0259b\u0259k\u0259y\u0259 qo\u015fulman\u0131n imkan\u0131;<\/li>\r\n \t<li style=\"text-align: justify;\">ya\u011fla doldurulmu\u015f avadanl\u0131\u011f\u0131n i\u015finin etibarl\u0131l\u0131\u011f\u0131n\u0131n art\u0131m\u0131<\/li>\r\n<\/ul>"}],"add_video_tab":[{"video_tab_title":"Video","add_video_id":[{"video_id":"_1ApEC1Z2RY"}]}],"add_gallery_tab":[{"gallery_tab_title":"\u015e\u0259kill\u0259r","add_img":[11754,11543,11542,11541,11540,11539,11538,11544]}],"add_price_tab":null,"science_title":"","science_id":null},"language":"az","_links":{"self":[{"href":"https:\/\/globecore.info\/az\/wp-json\/wp\/v2\/pages\/16623","targetHints":{"allow":["GET"]}}],"collection":[{"href":"https:\/\/globecore.info\/az\/wp-json\/wp\/v2\/pages"}],"about":[{"href":"https:\/\/globecore.info\/az\/wp-json\/wp\/v2\/types\/page"}],"author":[{"embeddable":true,"href":"https:\/\/globecore.info\/az\/wp-json\/wp\/v2\/users\/4"}],"replies":[{"embeddable":true,"href":"https:\/\/globecore.info\/az\/wp-json\/wp\/v2\/comments?post=16623"}],"version-history":[{"count":3,"href":"https:\/\/globecore.info\/az\/wp-json\/wp\/v2\/pages\/16623\/revisions"}],"predecessor-version":[{"id":19539,"href":"https:\/\/globecore.info\/az\/wp-json\/wp\/v2\/pages\/16623\/revisions\/19539"}],"up":[{"embeddable":true,"href":"https:\/\/globecore.info\/az\/wp-json\/wp\/v2\/pages\/16660"}],"wp:featuredmedia":[{"embeddable":true,"href":"https:\/\/globecore.info\/az\/wp-json\/wp\/v2\/media\/16221"}],"wp:attachment":[{"href":"https:\/\/globecore.info\/az\/wp-json\/wp\/v2\/media?parent=16623"}],"wp:term":[{"taxonomy":"category","embeddable":true,"href":"https:\/\/globecore.info\/az\/wp-json\/wp\/v2\/categories?post=16623"}],"curies":[{"name":"wp","href":"https:\/\/api.w.org\/{rel}","templated":true}]}}