{"id":16627,"date":"2019-12-17T14:11:27","date_gmt":"2019-12-17T10:11:27","guid":{"rendered":"https:\/\/globecore.info\/products\/ustanovka-filtratsii-masel\/"},"modified":"2024-03-18T10:39:19","modified_gmt":"2024-03-18T06:39:19","slug":"ustanovka-filtratsii-masel","status":"publish","type":"page","link":"https:\/\/globecore.info\/az\/products\/ustanovka-filtratsii-masel\/","title":{"rendered":"Ya\u011flar\u0131n filtrasiya avadanl\u0131\u011f\u0131"},"content":{"rendered":"","protected":false},"excerpt":{"rendered":"","protected":false},"author":4,"featured_media":0,"parent":16624,"menu_order":1,"comment_status":"closed","ping_status":"closed","template":"templates\/products-sidebar.php","meta":{"_acf_changed":false,"footnotes":""},"categories":[],"class_list":["post-16627","page","type-page","status-publish","hentry"],"acf":[],"language":"az","_links":{"self":[{"href":"https:\/\/globecore.info\/az\/wp-json\/wp\/v2\/pages\/16627","targetHints":{"allow":["GET"]}}],"collection":[{"href":"https:\/\/globecore.info\/az\/wp-json\/wp\/v2\/pages"}],"about":[{"href":"https:\/\/globecore.info\/az\/wp-json\/wp\/v2\/types\/page"}],"author":[{"embeddable":true,"href":"https:\/\/globecore.info\/az\/wp-json\/wp\/v2\/users\/4"}],"replies":[{"embeddable":true,"href":"https:\/\/globecore.info\/az\/wp-json\/wp\/v2\/comments?post=16627"}],"version-history":[{"count":7,"href":"https:\/\/globecore.info\/az\/wp-json\/wp\/v2\/pages\/16627\/revisions"}],"predecessor-version":[{"id":16664,"href":"https:\/\/globecore.info\/az\/wp-json\/wp\/v2\/pages\/16627\/revisions\/16664"}],"up":[{"embeddable":true,"href":"https:\/\/globecore.info\/az\/wp-json\/wp\/v2\/pages\/16624"}],"wp:attachment":[{"href":"https:\/\/globecore.info\/az\/wp-json\/wp\/v2\/media?parent=16627"}],"wp:term":[{"taxonomy":"category","embeddable":true,"href":"https:\/\/globecore.info\/az\/wp-json\/wp\/v2\/categories?post=16627"}],"curies":[{"name":"wp","href":"https:\/\/api.w.org\/{rel}","templated":true}]}}