{"id":16629,"date":"2018-05-29T17:11:36","date_gmt":"2018-05-29T13:11:36","guid":{"rendered":"https:\/\/globecore.info\/products\/ustanovka-filtratsii-masel\/ustanovka-dlya-udaleniya-vody-iz-masla-smm-1cf\/"},"modified":"2024-04-18T13:00:31","modified_gmt":"2024-04-18T09:00:31","slug":"ustanovka-dlya-udaleniya-vody-iz-masla-smm-1cf","status":"publish","type":"page","link":"https:\/\/globecore.info\/az\/products\/ustanovka-filtratsii-masel\/ustanovka-dlya-udaleniya-vody-iz-masla-smm-1cf\/","title":{"rendered":"Mobil ya\u011f stansiyas\u0131 MYS-1,0SF"},"content":{"rendered":"","protected":false},"excerpt":{"rendered":"","protected":false},"author":4,"featured_media":15960,"parent":16627,"menu_order":1,"comment_status":"closed","ping_status":"closed","template":"templates\/single-product.php","meta":{"_acf_changed":false,"footnotes":""},"categories":[],"class_list":["post-16629","page","type-page","status-publish","has-post-thumbnail","hentry"],"acf":{"add_tab":[{"tab_title":"T\u0259svir","tab_content":"<p style=\"text-align: justify;\">Mobil ya\u011f stansiyas\u0131 MYS-1,0SF \u2013 bu qabaritl\u0259r \u00fczr\u0259 balaca, ya\u011flardan suyun, yanacaqlardan sular\u0131n t\u0259mizl\u0259nm\u0259si v\u0259 b\u00f6l\u00fcnm\u0259si, su-ya\u011f emulsiyas\u0131n\u0131n b\u00f6l\u00fcnm\u0259si, iri miqdarda sudan ya\u011flar\u0131n v\u0259 yanacaqlar\u0131n t\u0259mizl\u0259m\u0259si \u00fc\u00e7\u00fcn mobil ma\u015f\u0131nd\u0131r.<\/p>\r\n<p style=\"text-align: justify;\">Qura\u015fd\u0131rma ayr\u0131ca su il\u0259 bol olan ya\u011flar\u0131n v\u0259 yanacaqlar\u0131n t\u0259mizl\u0259m\u0259si \u00fc\u00e7\u00fcn n\u0259z\u0259rd\u0259 tutulmu\u015fdur. Suyun v\u0259 t\u0259mizl\u0259n\u0259n m\u0259hsulun nisb\u0259ti 50\/50 % v\u0259 daha \u00e7ox burax\u0131l\u0131r.<\/p>\r\n<p style=\"text-align: justify;\">MYS-1,0SF tipinin qura\u015fd\u0131r\u0131lmas\u0131 koaqulyasiya metoduyla sudan t\u0259mizl\u0259nm\u0259si \u00fc\u00e7\u00fcn t\u0259tbiq edilir. Ya\u011f\u0131n x\u00fcsusi filtrin vasit\u0259sil\u0259 ke\u00e7irilm\u0259si vaxt\u0131 suyun molekullar\u0131 damc\u0131lara birl\u0259\u015firl\u0259r v\u0259 filtrin s\u0259thi \u00fczr\u0259 durulducuya ax\u0131rlar. Su bo\u015faltma kran vasit\u0259sil\u0259 t\u00f6k\u00fcl\u00fcr.<\/p>\r\n<p style=\"text-align: justify;\">Avadanl\u0131qda dizel yanaca\u011f\u0131n\u0131n, a\u011f neftin, benzinin, transformator ya\u011f\u0131n\u0131n t\u0259mizl\u0259m\u0259si m\u00fcmk\u00fcnd\u00fcr.<\/p>\r\n<p style=\"text-align: justify;\">Qura\u015fd\u0131rma ibar\u0259tdir:<\/p>\r\n\r\n<ol>\r\n \t<li style=\"text-align: justify;\">\u0130lkin filtr.<\/li>\r\n \t<li style=\"text-align: justify;\">Nasos.<\/li>\r\n \t<li style=\"text-align: justify;\">Filtr-koaqulyator.<\/li>\r\n<\/ol>"}],"add_def_tab":[{"tab_title":"Spesifikasiyalar","tab_content":"<table width=\"602\">\r\n<thead>\r\n<tr>\r\n<td width=\"46\"><strong>\u2116<\/strong><\/td>\r\n<td width=\"425\">\r\n<p style=\"text-align: center;\"><strong>Parametrin ad\u0131<\/strong><\/p>\r\n<\/td>\r\n<td colspan=\"2\" width=\"130\">\r\n<p style=\"text-align: center;\"><strong>G\u00f6st\u0259rici<\/strong><\/p>\r\n<\/td>\r\n<\/tr>\r\n<tr>\r\n<td width=\"46\">1<\/td>\r\n<td style=\"text-align: left;\" width=\"425\">M\u0259hsuldarl\u0131q, m<sup>3<\/sup>\/s<\/td>\r\n<td colspan=\"2\" width=\"130\">\r\n<p style=\"text-align: center;\">1<\/p>\r\n<\/td>\r\n<\/tr>\r\n<tr>\r\n<td width=\"46\">2<\/td>\r\n<td style=\"text-align: left;\" width=\"425\">Filtrasiyan\u0131n inc\u0259liyi, mkm*; pill\u0259 1 \/ pill\u0259 2<\/td>\r\n<td width=\"68\">\r\n<p style=\"text-align: center;\">25<\/p>\r\n<\/td>\r\n<td width=\"62\">\r\n<p style=\"text-align: center;\">5<\/p>\r\n<\/td>\r\n<\/tr>\r\n<tr>\r\n<td width=\"46\">3<\/td>\r\n<td style=\"text-align: left;\" width=\"425\">Sudan t\u0259mizl\u0259nm\u0259si<\/td>\r\n<td colspan=\"2\" width=\"130\">\r\n<p style=\"text-align: center;\">99%<\/p>\r\n<\/td>\r\n<\/tr>\r\n<tr>\r\n<td width=\"46\">4<\/td>\r\n<td style=\"text-align: left;\" width=\"425\">M\u00fc\u0259yy\u0259n edilmi\u015f s\u0259rf edil\u0259n g\u00fcc, kVt<\/td>\r\n<td colspan=\"2\" width=\"130\">\r\n<p style=\"text-align: center;\">1,1<\/p>\r\n<\/td>\r\n<\/tr>\r\n<tr>\r\n<td width=\"46\">5<\/td>\r\n<td style=\"text-align: left;\" width=\"425\">T\u0259zyiqin maksimal d\u0259yi\u015fm\u0259si, MPa<\/td>\r\n<td colspan=\"2\" width=\"130\">\r\n<p style=\"text-align: center;\">0,5<\/p>\r\n<\/td>\r\n<\/tr>\r\n<tr>\r\n<td width=\"46\">8<\/td>\r\n<td style=\"text-align: left;\" width=\"425\">\u00c7\u0131x\u0131\u015fda ya\u011f\u0131n t\u0259zyiqi, bar<\/td>\r\n<td colspan=\"2\" width=\"130\">\r\n<p style=\"text-align: center;\">2\u20262,5<\/p>\r\n<\/td>\r\n<\/tr>\r\n<tr>\r\n<td width=\"46\">9<\/td>\r\n<td style=\"text-align: left;\" width=\"425\">D\u0259yi\u015f\u0259n c\u0259r\u0259yan\u0131n \u00fc\u00e7fazal\u0131 \u015f\u0259b\u0259k\u0259sinin t\u0259chizetm\u0259nin g\u0259rginliyin tezliyi 50Hs, V<\/td>\r\n<td colspan=\"2\" width=\"130\">\r\n<p style=\"text-align: center;\">380<\/p>\r\n<\/td>\r\n<\/tr>\r\n<tr>\r\n<td width=\"46\">10<\/td>\r\n<td width=\"425\">\r\n<p style=\"text-align: left;\">Qabarit ol\u00e7\u00fcl\u0259r, mm \u0259n \u00e7ox<\/p>\r\n<p style=\"text-align: left;\">\u2013 uzunluq<\/p>\r\n<p style=\"text-align: left;\">\u2013 enlik<\/p>\r\n<p style=\"text-align: left;\">\u2013 h\u00fcnd\u00fcrl\u00fck<\/p>\r\n<\/td>\r\n<td colspan=\"2\" width=\"130\">&nbsp;\r\n<p style=\"text-align: center;\">600<\/p>\r\n<p style=\"text-align: center;\">600<\/p>\r\n<p style=\"text-align: center;\">1100<\/p>\r\n<\/td>\r\n<\/tr>\r\n<tr>\r\n<td width=\"46\">11<\/td>\r\n<td style=\"text-align: left;\" width=\"425\">\u00c7\u0259ki, kq \u0259n \u00e7ox<\/td>\r\n<td colspan=\"2\" width=\"130\">\r\n<p style=\"text-align: center;\">120<\/p>\r\n<\/td>\r\n<\/tr>\r\n<\/thead>\r\n<\/table>"},{"tab_title":"\u00dcst\u00fcnl\u00fckl\u0259r","tab_content":"<ul>\r\n \t<li style=\"text-align: justify;\">az miqdarda enerji istehlak\u0131;<\/li>\r\n \t<li style=\"text-align: justify;\">balaca qabaritl\u0259r;<\/li>\r\n \t<li style=\"text-align: justify;\">portativlik;<\/li>\r\n \t<li style=\"text-align: justify;\">emal zaman\u0131, ya\u011f, istismar xarakteristikalar\u0131na m\u0259nfi t\u0259sir g\u00f6st\u0259r\u0259 bil\u0259c\u0259k, q\u0131zd\u0131rmaya, kimy\u0259vi reaktivl\u0259rinin t\u0259sirin\u0259 v\u0259 ba\u015fqa amill\u0259r\u0259 m\u0259ruz qalm\u0131r.<\/li>\r\n<\/ul>"}],"add_video_tab":[{"video_tab_title":"Video","add_video_id":[{"video_id":"bVwE0x6c8gU"}]}],"add_gallery_tab":null,"add_price_tab":null,"science_title":"","science_id":null},"language":"az","_links":{"self":[{"href":"https:\/\/globecore.info\/az\/wp-json\/wp\/v2\/pages\/16629","targetHints":{"allow":["GET"]}}],"collection":[{"href":"https:\/\/globecore.info\/az\/wp-json\/wp\/v2\/pages"}],"about":[{"href":"https:\/\/globecore.info\/az\/wp-json\/wp\/v2\/types\/page"}],"author":[{"embeddable":true,"href":"https:\/\/globecore.info\/az\/wp-json\/wp\/v2\/users\/4"}],"replies":[{"embeddable":true,"href":"https:\/\/globecore.info\/az\/wp-json\/wp\/v2\/comments?post=16629"}],"version-history":[{"count":6,"href":"https:\/\/globecore.info\/az\/wp-json\/wp\/v2\/pages\/16629\/revisions"}],"predecessor-version":[{"id":19559,"href":"https:\/\/globecore.info\/az\/wp-json\/wp\/v2\/pages\/16629\/revisions\/19559"}],"up":[{"embeddable":true,"href":"https:\/\/globecore.info\/az\/wp-json\/wp\/v2\/pages\/16627"}],"wp:featuredmedia":[{"embeddable":true,"href":"https:\/\/globecore.info\/az\/wp-json\/wp\/v2\/media\/15960"}],"wp:attachment":[{"href":"https:\/\/globecore.info\/az\/wp-json\/wp\/v2\/media?parent=16629"}],"wp:term":[{"taxonomy":"category","embeddable":true,"href":"https:\/\/globecore.info\/az\/wp-json\/wp\/v2\/categories?post=16629"}],"curies":[{"name":"wp","href":"https:\/\/api.w.org\/{rel}","templated":true}]}}