{"id":16637,"date":"2018-05-23T09:26:39","date_gmt":"2018-05-23T05:26:39","guid":{"rendered":"https:\/\/globecore.info\/products\/ustanovka-filtratsii-masel\/ustanovka-filtratsii-masla-tsfu-4\/"},"modified":"2024-03-18T10:41:45","modified_gmt":"2024-03-18T06:41:45","slug":"ustanovka-filtratsii-masla-tsfu-4","status":"publish","type":"page","link":"https:\/\/globecore.info\/az\/products\/ustanovka-filtratsii-masel\/ustanovka-filtratsii-masla-tsfu-4\/","title":{"rendered":"Mobil ya\u011f stansiyas\u0131 MYS-4,0F"},"content":{"rendered":"","protected":false},"excerpt":{"rendered":"","protected":false},"author":4,"featured_media":15959,"parent":16627,"menu_order":0,"comment_status":"closed","ping_status":"closed","template":"templates\/single-product.php","meta":{"_acf_changed":false,"footnotes":""},"categories":[],"class_list":["post-16637","page","type-page","status-publish","has-post-thumbnail","hentry"],"acf":{"add_tab":[{"tab_title":"T\u0259svir","tab_content":"<p style=\"text-align: justify;\"><strong>Mobil ya\u011f stansiyas\u0131 MYS-4,0F<\/strong> s\u00fcrtk\u00fc v\u0259 elektrik izolyasiya ya\u011flar\u0131n\u0131n mexaniki qat\u0131\u015f\u0131qlar\u0131ndan t\u0259mizl\u0259m\u0259 \u00fc\u00e7\u00fcn n\u0259z\u0259rd\u0259 tutulmu\u015fdur. Qura\u015fd\u0131rma montaj, t\u0259mir v\u0259 ya\u011fla doldurulmu\u015f avadanl\u0131\u011f\u0131n istismar\u0131 vaxt\u0131 istifad\u0259 olunur.<\/p>\r\n<p style=\"text-align: justify;\">\u0130stismar \u015f\u0259rtl\u0259ri:<\/p>\r\n\r\n<ul style=\"text-align: justify;\">\r\n \t<li>\u0259traf m\u00fchitin temperaturu 283-d\u0259n 308K-a q\u0259d\u0259r (m\u00fcsb\u0259t 10-dan m\u00fcsb\u0259t 35\u00b0\u0421 q\u0259d\u0259r);<\/li>\r\n \t<li>atmosfer t\u0259zyiqi 84-d\u0259n 106,7 kPa q\u0259d\u0259r (c.st. 630-dan 800 mm q\u0259d\u0259r);<\/li>\r\n \t<li>d\u0259niz s\u0259viyy\u0259sind\u0259n h\u00fcnd\u00fcrl\u00fck 2000 m q\u0259d\u0259r;<\/li>\r\n \t<li>yan\u011f\u0131ndan, partlay\u0131\u015fdan t\u0259hl\u00fck\u0259siz yer.<\/li>\r\n<\/ul>\r\n<h2 style=\"text-align: center;\"><strong>Qura\u015fd\u0131rman\u0131n qur\u011fusu<\/strong><\/h2>\r\n<p style=\"text-align: justify;\">Qura\u015fd\u0131rma ibar\u0259tdir:<\/p>\r\n\r\n<ul style=\"text-align: justify;\">\r\n \t<li>patron filtrl\u0259ri;<\/li>\r\n \t<li>elektrik \u00f6t\u00fcr\u00fcc\u00fcs\u00fcyl\u0259 di\u015fli nasos;<\/li>\r\n \t<li>idar\u0259 etm\u0259 bloku;<\/li>\r\n \t<li>metal \u00e7\u0259r\u00e7iv\u0259-altl\u0131q (t\u0259k\u0259rd\u0259 v\u0259 ya stasionar).<\/li>\r\n<\/ul>\r\n<p style=\"text-align: justify;\">Patron filtri, i\u00e7ind\u0259 maqnitl\u0259r bloku (kartric) il\u0259 olan filtrelement, metal korpusu t\u0259\u015fkil edir. Filtrasiyan\u0131n inc\u0259liyi 40 v\u0259 5 mkm (qurulmu\u015f filtrelementin tipind\u0259n as\u0131l\u0131d\u0131r). Maqnitl\u0259rin t\u0259mizl\u0259m\u0259si filtrasiya ed\u0259n elementin \u0259v\u0259zetm\u0259si vaxt\u0131 h\u0259yata ke\u00e7irilir.<\/p>"}],"add_def_tab":[{"tab_title":"Spesifikasiyalar","tab_content":"<table width=\"602\">\r\n<thead>\r\n<tr>\r\n<td width=\"51\"><strong>\u2116<\/strong><\/td>\r\n<td width=\"213\">\r\n<p style=\"text-align: center;\"><strong>Parametrin ad\u0131<\/strong><\/p>\r\n<\/td>\r\n<td width=\"163\">\r\n<p style=\"text-align: center;\"><strong>G\u00f6st\u0259rici<\/strong><\/p>\r\n<\/td>\r\n<td colspan=\"2\" width=\"175\">\r\n<p style=\"text-align: center;\"><strong>G\u00f6st\u0259rici<\/strong><\/p>\r\n<\/td>\r\n<\/tr>\r\n<tr>\r\n<td width=\"51\"><\/td>\r\n<td width=\"213\"><\/td>\r\n<td width=\"163\">\r\n<p style=\"text-align: center;\"><strong>MYS \u2013 2.2<\/strong><strong>F<\/strong><\/p>\r\n<\/td>\r\n<td width=\"114\">\r\n<p style=\"text-align: center;\"><strong>MYS-4,0<\/strong><strong>F<\/strong><\/p>\r\n<\/td>\r\n<td width=\"60\"><\/td>\r\n<\/tr>\r\n<tr>\r\n<td width=\"51\">1.<\/td>\r\n<td width=\"213\">\r\n<p style=\"text-align: left;\">M\u0259hsuldarl\u0131q, m<sup>3<\/sup>\/s<\/p>\r\n<\/td>\r\n<td width=\"163\">\r\n<p style=\"text-align: center;\">2,2<\/p>\r\n<\/td>\r\n<td colspan=\"2\" width=\"175\">\r\n<p style=\"text-align: center;\">4<\/p>\r\n<\/td>\r\n<\/tr>\r\n<tr>\r\n<td width=\"51\">2.<\/td>\r\n<td width=\"213\">\r\n<p style=\"text-align: left;\">Filtrasiyan\u0131n inc\u0259liyi, mkm*<\/p>\r\n<\/td>\r\n<td width=\"163\">\r\n<p style=\"text-align: center;\">5<\/p>\r\n<\/td>\r\n<td width=\"114\">\r\n<p style=\"text-align: center;\">25<\/p>\r\n<\/td>\r\n<td width=\"60\">\r\n<p style=\"text-align: center;\">5<\/p>\r\n<\/td>\r\n<\/tr>\r\n<tr>\r\n<td width=\"51\">3.<\/td>\r\n<td width=\"213\">\r\n<p style=\"text-align: left;\">M\u00fc\u0259yy\u0259n edilmi\u015f s\u0259rf edil\u0259n g\u00fcc, kVt<\/p>\r\n<\/td>\r\n<td width=\"163\">\r\n<p style=\"text-align: center;\">2,2<\/p>\r\n<\/td>\r\n<td colspan=\"2\" width=\"175\">\r\n<p style=\"text-align: center;\">1,5<\/p>\r\n<\/td>\r\n<\/tr>\r\n<tr>\r\n<td width=\"51\">4.<\/td>\r\n<td width=\"213\">\r\n<p style=\"text-align: left;\">T\u0259zyiqin maksimal d\u0259yi\u015fm\u0259si, MPa<\/p>\r\n<\/td>\r\n<td width=\"163\">\r\n<p style=\"text-align: center;\">0,4<\/p>\r\n<\/td>\r\n<td colspan=\"2\" width=\"175\">\r\n<p style=\"text-align: center;\">0,5<\/p>\r\n<\/td>\r\n<\/tr>\r\n<tr>\r\n<td width=\"51\">5.<\/td>\r\n<td width=\"213\">\r\n<p style=\"text-align: left;\">\u00c7\u0131x\u0131\u015fda ya\u011f\u0131n t\u0259zyiqi, MPa<\/p>\r\n<\/td>\r\n<td width=\"163\">\r\n<p style=\"text-align: center;\">0,25<\/p>\r\n<\/td>\r\n<td colspan=\"2\" width=\"175\">\r\n<p style=\"text-align: center;\">2\u20262,5<\/p>\r\n<\/td>\r\n<\/tr>\r\n<tr>\r\n<td width=\"51\">6.<\/td>\r\n<td width=\"213\">\r\n<p style=\"text-align: left;\">D\u0259yi\u015f\u0259n c\u0259r\u0259yan\u0131n \u00fc\u00e7fazal\u0131 \u015f\u0259b\u0259k\u0259sinin t\u0259chizetm\u0259nin g\u0259rginliyin tezliyi 50 Hs, V<\/p>\r\n<\/td>\r\n<td width=\"163\">\r\n<p style=\"text-align: center;\">380<\/p>\r\n<\/td>\r\n<td colspan=\"2\" width=\"175\">\r\n<p style=\"text-align: center;\">380<\/p>\r\n<\/td>\r\n<\/tr>\r\n<tr>\r\n<td rowspan=\"4\" width=\"51\">7.<\/td>\r\n<td width=\"213\">\r\n<p style=\"text-align: left;\">Qabarit \u00f6l\u00e7\u00fcl\u0259r, mm \u0259n \u00e7ox<\/p>\r\n<\/td>\r\n<td width=\"163\"><\/td>\r\n<td colspan=\"2\" width=\"175\"><\/td>\r\n<\/tr>\r\n<tr>\r\n<td width=\"213\">\r\n<p style=\"text-align: left;\">\u2013 uzunluq<\/p>\r\n<\/td>\r\n<td width=\"163\">\r\n<p style=\"text-align: center;\">600<\/p>\r\n<\/td>\r\n<td colspan=\"2\" width=\"175\">\r\n<p style=\"text-align: center;\">600<\/p>\r\n<\/td>\r\n<\/tr>\r\n<tr>\r\n<td width=\"213\">\r\n<p style=\"text-align: left;\">\u2013 enlik<\/p>\r\n<\/td>\r\n<td width=\"163\">\r\n<p style=\"text-align: center;\">600<\/p>\r\n<\/td>\r\n<td colspan=\"2\" width=\"175\">\r\n<p style=\"text-align: center;\">600<\/p>\r\n<\/td>\r\n<\/tr>\r\n<tr>\r\n<td width=\"213\">\r\n<p style=\"text-align: left;\">\u2013 h\u00fcbd\u00fcrl\u00fck<\/p>\r\n<\/td>\r\n<td width=\"163\">\r\n<p style=\"text-align: center;\">1100<\/p>\r\n<\/td>\r\n<td colspan=\"2\" width=\"175\">\r\n<p style=\"text-align: center;\">1100<\/p>\r\n<\/td>\r\n<\/tr>\r\n<tr>\r\n<td width=\"51\">8.<\/td>\r\n<td width=\"213\">\r\n<p style=\"text-align: left;\">\u00c7\u0259ki, kq \u0259n \u00e7ox<\/p>\r\n<\/td>\r\n<td width=\"163\">\r\n<p style=\"text-align: center;\">120<\/p>\r\n<\/td>\r\n<td colspan=\"2\" width=\"175\">\r\n<p style=\"text-align: center;\">100<\/p>\r\n<\/td>\r\n<\/tr>\r\n<\/thead>\r\n<\/table>"},{"tab_title":"\u00dcst\u00fcnl\u00fckl\u0259r","tab_content":"<ul>\r\n \t<li style=\"text-align: justify;\">xidm\u0259td\u0259 v\u0259 istismarda sad\u0259lik;<\/li>\r\n \t<li style=\"text-align: justify;\">y\u0131\u011fcam \u00f6l\u00e7\u00fc;<\/li>\r\n \t<li style=\"text-align: justify;\">portativlik;<\/li>\r\n \t<li style=\"text-align: justify;\">qura\u015fd\u0131rma il\u0259 komplektd\u0259 Z\u0130P m\u00f6vcuddur.<\/li>\r\n<\/ul>"}],"add_video_tab":[{"video_tab_title":"Video","add_video_id":[{"video_id":"Cc0sUiusUoU"}]}],"add_gallery_tab":null,"add_price_tab":null,"science_title":"","science_id":null},"language":"az","_links":{"self":[{"href":"https:\/\/globecore.info\/az\/wp-json\/wp\/v2\/pages\/16637","targetHints":{"allow":["GET"]}}],"collection":[{"href":"https:\/\/globecore.info\/az\/wp-json\/wp\/v2\/pages"}],"about":[{"href":"https:\/\/globecore.info\/az\/wp-json\/wp\/v2\/types\/page"}],"author":[{"embeddable":true,"href":"https:\/\/globecore.info\/az\/wp-json\/wp\/v2\/users\/4"}],"replies":[{"embeddable":true,"href":"https:\/\/globecore.info\/az\/wp-json\/wp\/v2\/comments?post=16637"}],"version-history":[{"count":2,"href":"https:\/\/globecore.info\/az\/wp-json\/wp\/v2\/pages\/16637\/revisions"}],"predecessor-version":[{"id":16640,"href":"https:\/\/globecore.info\/az\/wp-json\/wp\/v2\/pages\/16637\/revisions\/16640"}],"up":[{"embeddable":true,"href":"https:\/\/globecore.info\/az\/wp-json\/wp\/v2\/pages\/16627"}],"wp:featuredmedia":[{"embeddable":true,"href":"https:\/\/globecore.info\/az\/wp-json\/wp\/v2\/media\/15959"}],"wp:attachment":[{"href":"https:\/\/globecore.info\/az\/wp-json\/wp\/v2\/media?parent=16637"}],"wp:term":[{"taxonomy":"category","embeddable":true,"href":"https:\/\/globecore.info\/az\/wp-json\/wp\/v2\/categories?post=16637"}],"curies":[{"name":"wp","href":"https:\/\/api.w.org\/{rel}","templated":true}]}}