{"id":16642,"date":"2021-03-09T18:19:06","date_gmt":"2021-03-09T14:19:06","guid":{"rendered":"https:\/\/globecore.info\/products\/ustanovka-filtratsii-masel\/ustanovka-ochistki-transformatornogo-masla-smm-1lt\/"},"modified":"2025-06-27T15:09:08","modified_gmt":"2025-06-27T11:09:08","slug":"ustanovka-ochistki-transformatornogo-masla-smm-1lt","status":"publish","type":"page","link":"https:\/\/globecore.info\/az\/products\/ustanovka-filtratsii-masel\/ustanovka-ochistki-transformatornogo-masla-smm-1lt\/","title":{"rendered":"Mobil ya\u011f stansiyas\u0131 MYS-1,0LT"},"content":{"rendered":"","protected":false},"excerpt":{"rendered":"","protected":false},"author":4,"featured_media":16341,"parent":16627,"menu_order":0,"comment_status":"closed","ping_status":"closed","template":"templates\/single-product.php","meta":{"_acf_changed":false,"footnotes":""},"categories":[],"class_list":["post-16642","page","type-page","status-publish","has-post-thumbnail","hentry"],"acf":{"add_tab":[{"tab_title":"T\u0259svir","tab_content":"<p style=\"text-align: justify;\">Mobil ya\u011f stansiyas\u0131 MYS-1,0LT ya\u011flama sisteml\u0259rind\u0259, s\u0131xla\u015fd\u0131rma sisteml\u0259ri, qaz turbin v\u0259 qaz \u00f6t\u00fcrm\u0259 aqreqatlar\u0131n\u0131n hidravlik idar\u0259 sisteml\u0259rind\u0259 qaz-motor kompressorlar\u0131, h\u0259m\u00e7inin transformatorlarda istifad\u0259 olunan termovakuum qurutmas\u0131 v\u0259 s\u0259naye ya\u011flar\u0131n\u0131n filtrasiyas\u0131 \u00fc\u00e7\u00fcn n\u0259z\u0259rd\u0259 tutulmu\u015fdur.<\/p>\r\n<p style=\"text-align: justify;\">Ya\u011flar\u0131n t\u0259mizl\u0259m\u0259sind\u0259n ba\u015fqa mobil ya\u011f stansiyas\u0131ndan MYS-1,0LT h\u0259m\u00e7inin q\u0131zd\u0131rma v\u0259 ya\u011fla doldurulmu\u015f elektrik aparatlar\u0131n\u0131n qurutmas\u0131 \u00fc\u00e7\u00fcn istifad\u0259 oluna bil\u0259r.<\/p>\r\n<p style=\"text-align: center;\"><strong>\u0130\u015f prinsipi<\/strong><\/p>\r\n<p style=\"text-align: justify;\">Vakuum t\u0259siri alt\u0131nda ya\u011f 200 mikron filtrasiyan\u0131n inc\u0259liyiyl\u0259 kobud t\u0259mizl\u0259m\u0259 filtrind\u0259n ke\u00e7ir, sonra q\u0131zd\u0131r\u0131c\u0131 olan, vakuum h\u0259cminin i\u00e7 hiss\u0259sin\u0259 d\u00fc\u015f\u00fcr. A\u015fa\u011f\u0131dan-yuxar\u0131 qalxaraq, ya\u011f q\u0131z\u0131r v\u0259 x\u00fcsusi kanallar\u0131 olan qapaq vasit\u0259sil\u0259 s\u00fctunun ba\u015fqa hiss\u0259sin\u0259 birba\u015fa x\u00fcsusi taxmalara d\u00fc\u015f\u00fcr. Sonra ya\u011f a\u015fa\u011f\u0131 taxmalar \u00fczr\u0259 ax\u0131r, v\u0259 bu zaman onun i\u00e7ind\u0259n vakuumun t\u0259siri alt\u0131nda r\u00fctub\u0259tin buxarlar\u0131 v\u0259 qaz t\u0259mizl\u0259nir. Sonra qura\u015fd\u0131rmadan \u00e7\u0131x\u0131\u015f\u0131na h\u0259cmin a\u015fa\u011f\u0131 hiss\u0259sind\u0259n inc\u0259 t\u0259mizl\u0259m\u0259nin iki filtri vasit\u0259sil\u0259 ya\u011f\u0131n \u00e7\u0259kilm\u0259si ba\u015f verir. Filtrl\u0259rin filtrasiyas\u0131n\u0131n inc\u0259liyi 5, 3, 1 v\u0259 ya 0,3 mikron s\u0259viyy\u0259d\u0259 se\u00e7il\u0259 bil\u0259r.<\/p>\r\n<p style=\"text-align: center;\"><strong>Konstruksiyan\u0131n x\u00fcsusiyy\u0259tl\u0259ri<\/strong><\/p>\r\n<p style=\"text-align: justify;\">Q\u0131zd\u0131r\u0131c\u0131 vakuum h\u0259cminin daxilind\u0259 yerl\u0259\u015fir, bu h\u0259m qura\u015fd\u0131rman\u0131n \u00f6l\u00e7\u00fcs\u00fcn\u00fc azaltma\u011fa, h\u0259m d\u0259 ya\u011f\u0131n q\u0131zd\u0131rmas\u0131 vaxt\u0131 istiliyin itm\u0259sini azaltma\u011fa icaz\u0259 verir.<\/p>\r\n<p style=\"text-align: justify;\">Ya\u011f, vakuum sistemi t\u0259r\u0259find\u0259n yarad\u0131lan al\u00e7aq t\u0259zyiq n\u0259tic\u0259sind\u0259 vakuum kameras\u0131na sorulur. Qur\u011funun dig\u0259r komponentl\u0259rin\u0259 yeni d\u00fcz\u00fcl\u00fc\u015f t\u0259tbiq edilib. B\u00fct\u00fcn bu yenilikl\u0259r avadanl\u0131\u011f\u0131n ki\u00e7ik \u00f6l\u00e7\u00fcl\u0259ri bax\u0131m\u0131ndan yax\u015f\u0131 n\u0259tic\u0259l\u0259r verib.<\/p>"}],"add_def_tab":[{"tab_title":"Spesifikasiyalar","tab_content":"<table width=\"602\">\r\n<thead>\r\n<tr>\r\n<td colspan=\"2\" width=\"478\">\r\n<p style=\"text-align: center;\"><strong>Parametrin ad\u0131<\/strong><\/p>\r\n<\/td>\r\n<td width=\"123\">\r\n<p style=\"text-align: center;\"><strong>G\u00f6\u011fst\u0259rici<\/strong><\/p>\r\n<\/td>\r\n<\/tr>\r\n<tr>\r\n<td colspan=\"3\" width=\"602\">\r\n<p style=\"text-align: left;\">1. M\u0259hsuldarl\u0131q, m<sup>3<\/sup>\/s (gpm), \u0259n az<\/p>\r\n<\/td>\r\n<\/tr>\r\n<tr>\r\n<td width=\"57\"><\/td>\r\n<td width=\"421\">\r\n<p style=\"text-align: left;\">\u2013 qurutman\u0131n v\u0259 filtrasiyan\u0131n termovakuum rejimind\u0259<\/p>\r\n<\/td>\r\n<td width=\"123\">\r\n<p style=\"text-align: center;\">1,0 (4,4)<\/p>\r\n<\/td>\r\n<\/tr>\r\n<tr>\r\n<td colspan=\"3\" width=\"602\">\r\n<p style=\"text-align: left;\">2.* Emal edilmi\u015f ya\u011f\u0131n parametrl\u0259ri (bir ne\u00e7\u0259 ke\u00e7idd\u0259n sonra):<\/p>\r\n<\/td>\r\n<\/tr>\r\n<tr>\r\n<td rowspan=\"4\" width=\"57\"><\/td>\r\n<td width=\"421\">\r\n<p style=\"text-align: left;\">\u2013 \u00fcmumi qaz\u0131n saxlamas\u0131, % \u0259n \u00e7ox<\/p>\r\n<\/td>\r\n<td width=\"123\">\r\n<p style=\"text-align: center;\">1,5<\/p>\r\n<\/td>\r\n<\/tr>\r\n<tr>\r\n<td width=\"421\">\r\n<p style=\"text-align: left;\">\u2013 ya\u011f\u0131n k\u00fctl\u0259vi r\u00fct\u00fcb\u0259ti, q\/t (ppm), \u0259n \u00e7ox<\/p>\r\n<\/td>\r\n<td width=\"123\">\r\n<p style=\"text-align: center;\">10<\/p>\r\n<\/td>\r\n<\/tr>\r\n<tr>\r\n<td width=\"421\">\r\n<p style=\"text-align: left;\">\u2013 ISO 4406 \u00fczr\u0259 s\u0259nay\u0259 t\u0259mizliyin sinfi<\/p>\r\n<\/td>\r\n<td width=\"123\">\r\n<p style=\"text-align: center;\">-\/14\/12<\/p>\r\n<\/td>\r\n<\/tr>\r\n<tr>\r\n<td width=\"421\">\r\n<p style=\"text-align: left;\">\u2013 D\u00d6ST 17216 \u00fczr\u0259 s\u0259nay\u0259 t\u0259mizliyin sinfi<\/p>\r\n<\/td>\r\n<td width=\"123\">\r\n<p style=\"text-align: center;\">9<\/p>\r\n<\/td>\r\n<\/tr>\r\n<tr>\r\n<td colspan=\"2\" width=\"478\">\r\n<p style=\"text-align: left;\">3. \u00c7\u0131x\u0131\u015fda ya\u011f\u0131n maksimal temperaturu, \u00ba\u0421 (\u00baF)<\/p>\r\n<\/td>\r\n<td width=\"123\">\r\n<p style=\"text-align: center;\">55 (131)<\/p>\r\n<\/td>\r\n<\/tr>\r\n<tr>\r\n<td colspan=\"2\" width=\"478\">\r\n<p style=\"text-align: left;\">4. \u00c7\u0131x\u0131\u015fda t\u0259zyiq, bar (psi)<\/p>\r\n<\/td>\r\n<td width=\"123\">\r\n<p style=\"text-align: center;\">3 (43,5)<\/p>\r\n<\/td>\r\n<\/tr>\r\n<tr>\r\n<td colspan=\"2\" width=\"478\">\r\n<p style=\"text-align: left;\">5. Ya\u011f q\u0131zd\u0131r\u0131c\u0131s\u0131n\u0131n g\u00fcc\u00fc, kVt, \u0259n \u00e7ox<\/p>\r\n<\/td>\r\n<td width=\"123\">\r\n<p style=\"text-align: center;\">12<\/p>\r\n<\/td>\r\n<\/tr>\r\n<tr>\r\n<td colspan=\"2\" width=\"478\">\r\n<p style=\"text-align: left;\">6. Maksimal istehlak g\u00fcc\u00fc, \u043a\u0412\u0442, \u0259n \u00e7ox<\/p>\r\n<\/td>\r\n<td width=\"123\">\r\n<p style=\"text-align: center;\">15<\/p>\r\n<\/td>\r\n<\/tr>\r\n<tr>\r\n<td colspan=\"3\" width=\"602\">\r\n<p style=\"text-align: left;\">7. Elektrik c\u0259r\u0259yan\u0131n\u0131n parametrl\u0259ri<\/p>\r\n<\/td>\r\n<\/tr>\r\n<tr>\r\n<td rowspan=\"2\" width=\"57\"><\/td>\r\n<td width=\"421\">\r\n<p style=\"text-align: left;\">\u2013 g\u0259rginlik, V<\/p>\r\n<\/td>\r\n<td width=\"123\">\r\n<p style=\"text-align: center;\">380<\/p>\r\n<\/td>\r\n<\/tr>\r\n<tr>\r\n<td width=\"421\">\r\n<p style=\"text-align: left;\">\u2013 tezliyi d\u0259yi\u015f\u0259n, Hs<\/p>\r\n<\/td>\r\n<td width=\"123\">\r\n<p style=\"text-align: center;\">50<\/p>\r\n<\/td>\r\n<\/tr>\r\n<tr>\r\n<td width=\"57\"><\/td>\r\n<td width=\"421\">\r\n<p style=\"text-align: left;\">\u2013 fazalar\u0131n say\u0131<\/p>\r\n<\/td>\r\n<td width=\"123\">\r\n<p style=\"text-align: center;\">3<\/p>\r\n<\/td>\r\n<\/tr>\r\n<tr>\r\n<td colspan=\"2\" width=\"478\">\r\n<p style=\"text-align: left;\">8. Qabarit \u00f6l\u00e7\u00fcl\u0259ri, mm (in), \u0259n \u00e7ox<\/p>\r\n<\/td>\r\n<td width=\"123\"><strong>\u00a0<\/strong><\/td>\r\n<\/tr>\r\n<tr>\r\n<td width=\"57\"><\/td>\r\n<td width=\"421\">\r\n<p style=\"text-align: left;\">\u2013 uzunluq<\/p>\r\n<\/td>\r\n<td width=\"123\">\r\n<p style=\"text-align: center;\">900 (35)<\/p>\r\n<\/td>\r\n<\/tr>\r\n<tr>\r\n<td width=\"57\"><\/td>\r\n<td width=\"421\">\r\n<p style=\"text-align: left;\">\u2013 enlik<\/p>\r\n<\/td>\r\n<td width=\"123\">\r\n<p style=\"text-align: center;\">620 (24)<\/p>\r\n<\/td>\r\n<\/tr>\r\n<tr>\r\n<td width=\"57\"><\/td>\r\n<td width=\"421\">\r\n<p style=\"text-align: left;\">\u2013 h\u00fcbd\u00fcrl\u00fck<\/p>\r\n<\/td>\r\n<td width=\"123\">\r\n<p style=\"text-align: center;\">1500 (59)<\/p>\r\n<\/td>\r\n<\/tr>\r\n<tr>\r\n<td colspan=\"2\" width=\"478\">\r\n<p style=\"text-align: left;\">9. \u00c7\u0259ki, \u043aq, \u0259n \u00e7ox<\/p>\r\n<\/td>\r\n<td width=\"123\">\r\n<p style=\"text-align: center;\">280 (617)<\/p>\r\n<\/td>\r\n<\/tr>\r\n<\/thead>\r\n<\/table>\r\n<p style=\"text-align: justify;\"><strong>Qeyd<\/strong><strong>:<\/strong><\/p>\r\n<p style=\"text-align: justify;\">* Ya\u011f\u0131n ilkin parametrl\u0259rin\u0259 g\u00f6r\u0259:<\/p>\r\n\r\n<ul>\r\n \t<li style=\"text-align: justify;\">qaz\u0131n h\u0259cmli saxlamas\u0131 \u2013 \u0259n \u00e7ox 10,5%<\/li>\r\n \t<li style=\"text-align: justify;\">k\u00fctl\u0259vi r\u00fct\u00fcb\u0259t \u2013 \u0259n \u00e7ox 0,005% (50 ppm)<\/li>\r\n \t<li style=\"text-align: justify;\">temperetur \u20130 \u00ba\u0421 (32 \u00baF) a\u015fa\u011f\u0131 olmayaraq;<\/li>\r\n \t<li style=\"text-align: justify;\">qura\u015fd\u0131rma vasit\u0259sil\u0259 ya\u011f\u0131n \u00e7oxqat ke\u00e7m\u0259si zaman\u0131.<\/li>\r\n<\/ul>"},{"tab_title":"\u00dcst\u00fcnl\u00fckl\u0259r","tab_content":"<ul>\r\n \t<li style=\"text-align: justify;\">y\u0131\u011fcaml\u0131q;<\/li>\r\n \t<li style=\"text-align: justify;\">portativlik;<\/li>\r\n \t<li style=\"text-align: justify;\">idar\u0259 etm\u0259nin sad\u0259liyi;<\/li>\r\n \t<li style=\"text-align: justify;\">s\u0259naye ya\u011flar\u0131n\u0131n m\u00fcxt\u0259lif tipl\u0259rinin t\u0259mizl\u0259m\u0259si \u00fc\u00e7\u00fcn istifad\u0259 olunur: turbin, hidravlik, kompressor v\u0259 ba\u015fqalar\u0131.<\/li>\r\n<\/ul>"}],"add_video_tab":[{"video_tab_title":"Video","add_video_id":[{"video_id":"0rwlAas0aaE"}]}],"add_gallery_tab":[{"gallery_tab_title":"\u015e\u0259kill\u0259r","add_img":[16748,16750,16752,16754]}],"add_price_tab":null,"science_title":"","science_id":null},"language":"az","_links":{"self":[{"href":"https:\/\/globecore.info\/az\/wp-json\/wp\/v2\/pages\/16642","targetHints":{"allow":["GET"]}}],"collection":[{"href":"https:\/\/globecore.info\/az\/wp-json\/wp\/v2\/pages"}],"about":[{"href":"https:\/\/globecore.info\/az\/wp-json\/wp\/v2\/types\/page"}],"author":[{"embeddable":true,"href":"https:\/\/globecore.info\/az\/wp-json\/wp\/v2\/users\/4"}],"replies":[{"embeddable":true,"href":"https:\/\/globecore.info\/az\/wp-json\/wp\/v2\/comments?post=16642"}],"version-history":[{"count":3,"href":"https:\/\/globecore.info\/az\/wp-json\/wp\/v2\/pages\/16642\/revisions"}],"predecessor-version":[{"id":19629,"href":"https:\/\/globecore.info\/az\/wp-json\/wp\/v2\/pages\/16642\/revisions\/19629"}],"up":[{"embeddable":true,"href":"https:\/\/globecore.info\/az\/wp-json\/wp\/v2\/pages\/16627"}],"wp:featuredmedia":[{"embeddable":true,"href":"https:\/\/globecore.info\/az\/wp-json\/wp\/v2\/media\/16341"}],"wp:attachment":[{"href":"https:\/\/globecore.info\/az\/wp-json\/wp\/v2\/media?parent=16642"}],"wp:term":[{"taxonomy":"category","embeddable":true,"href":"https:\/\/globecore.info\/az\/wp-json\/wp\/v2\/categories?post=16642"}],"curies":[{"name":"wp","href":"https:\/\/api.w.org\/{rel}","templated":true}]}}