{"id":16647,"date":"2020-06-25T15:13:08","date_gmt":"2020-06-25T11:13:08","guid":{"rendered":"https:\/\/globecore.info\/products\/ustanovka-filtratsii-masel\/ustanovka-ochistki-promyshlennyh-masel-smm-2-2lt\/"},"modified":"2024-03-18T10:42:27","modified_gmt":"2024-03-18T06:42:27","slug":"ustanovka-ochistki-promyshlennyh-masel-smm-2-2lt","status":"publish","type":"page","link":"https:\/\/globecore.info\/az\/products\/ustanovka-filtratsii-masel\/ustanovka-ochistki-promyshlennyh-masel-smm-2-2lt\/","title":{"rendered":"Mobil ya\u011f stansiyas\u0131 MYS-4\u041b\u0422"},"content":{"rendered":"","protected":false},"excerpt":{"rendered":"","protected":false},"author":4,"featured_media":16340,"parent":16627,"menu_order":0,"comment_status":"closed","ping_status":"closed","template":"templates\/single-product.php","meta":{"_acf_changed":false,"footnotes":""},"categories":[],"class_list":["post-16647","page","type-page","status-publish","has-post-thumbnail","hentry"],"acf":{"add_tab":[{"tab_title":"T\u0259svir","tab_content":"<p style=\"text-align: justify;\">Mobil ya\u011f stansiyas\u0131 MYS-4LT termovakuum qurutma, filtrasiya, mexaniki qat\u0131\u015f\u0131qlardan t\u0259mizl\u0259m\u0259, ya\u011flar\u0131n suyundan t\u0259mizl\u0259nm\u0259si \u00fc\u00e7\u00fcn n\u0259z\u0259rd\u0259 tutulmu\u015fdur, hans\u0131lar ki, ya\u011flama sisteml\u0259rind\u0259, s\u0131xla\u015fd\u0131rma sisteml\u0259rind\u0259, qaz turbin v\u0259 qaz \u00f6t\u00fcrm\u0259 aqreqatlar\u0131n\u0131n hidravlik idar\u0259 sisteml\u0259rind\u0259, qaz motorlu kompressorlar\u0131nda, h\u0259m\u00e7inin onlar\u0131n istismar\u0131 v\u0259 t\u0259mir i\u015fl\u0259rinin ke\u00e7irilm\u0259si zaman\u0131 transformatorlarda istifad\u0259 olunurlar.<\/p>\r\n<p style=\"text-align: justify;\">Qura\u015fd\u0131rma \u00e7irkl\u0259ndirilmi\u015f ya\u011flar\u0131n sudan, azad v\u0259 h\u0259ll edilmi\u015f qazlardan t\u0259mizl\u0259nm\u0259si, termavakuum metodu il\u0259 ya\u011fla doldurulmu\u015f elektrik aparatlar\u0131n\u0131 q\u0131zd\u0131rmas\u0131 v\u0259 qurutmas\u0131 \u00fc\u00e7\u00fcn istifad\u0259 edilmi\u015f ola bil\u0259r. H\u0259m\u00e7inin y\u00fcks\u0259k t\u0259sirli filtrelementl\u0259rin k\u00f6m\u0259yi il\u0259 mexaniki qat\u0131\u015f\u0131qlardan t\u0259mizl\u0259nm\u0259si \u00fc\u00e7\u00fcn. Qura\u015fd\u0131rma ya\u011f\u0131n emal\u0131 v\u0259 t\u0259mizl\u0259m\u0259siyl\u0259 m\u0259\u015f\u011ful olan montaj, t\u0259mir v\u0259 istismar t\u0259\u015fkilatlar\u0131nda t\u0259tbiq edilir.<\/p>\r\n<p style=\"text-align: justify;\">Opsion olaraq r\u00fctub\u0259t, koalestsent elementl\u0259rin v\u0259 sensor panel t\u0259nzim\u00e7il\u0259rin qura\u015fd\u0131r\u0131lmas\u0131 m\u00fcmk\u00fcnd\u00fcr.<\/p>"}],"add_def_tab":[{"tab_title":"Spesifikasiyalar","tab_content":"<table width=\"602\">\r\n<thead>\r\n<tr>\r\n<td colspan=\"3\" width=\"540\">\r\n<p style=\"text-align: center;\"><strong>Parametrin ad\u0131<\/strong><\/p>\r\n<\/td>\r\n<td width=\"61\">\r\n<p style=\"text-align: center;\"><strong>G\u00f6st\u0259rici<\/strong><\/p>\r\n<\/td>\r\n<\/tr>\r\n<tr>\r\n<td colspan=\"4\" width=\"602\">\r\n<p style=\"text-align: left;\">1 M\u0259hsuldarl\u0131q, l\/d\u0259q, \u0259n az\u0131<\/p>\r\n<\/td>\r\n<\/tr>\r\n<tr>\r\n<td colspan=\"2\" width=\"287\"><\/td>\r\n<td width=\"253\">\r\n<p style=\"text-align: left;\">\u2013 termovakuum qurutma v\u0259 filtrasiya rejimind\u0259<\/p>\r\n<\/td>\r\n<td width=\"61\">\r\n<p style=\"text-align: center;\"><strong><em>70<\/em><\/strong><\/p>\r\n<\/td>\r\n<\/tr>\r\n<tr>\r\n<td colspan=\"4\" width=\"602\">\r\n<p style=\"text-align: left;\">2<em>*<\/em> Emal edilmi\u015f ya\u011f\u0131n parametrl\u0259ri:<\/p>\r\n<\/td>\r\n<\/tr>\r\n<tr>\r\n<td colspan=\"2\" rowspan=\"4\" width=\"287\"><\/td>\r\n<td width=\"253\">\r\n<p style=\"text-align: left;\">\u2013ISO 4406 \u00fczr\u0259 ya\u011f\u0131n t\u0259mizliyinin sunfi , \u0259n az\u0131:<\/p>\r\n<\/td>\r\n<td width=\"61\">\r\n<p style=\"text-align: center;\"><strong><em>17\/15\/12<\/em><\/strong><\/p>\r\n<\/td>\r\n<\/tr>\r\n<tr>\r\n<td width=\"253\">\r\n<p style=\"text-align: left;\">\u2013 D\u00d6ST 17216-2001 \u00fczr\u0259 yaa\u011f\u0131n t\u0259mizliyin sinfi, \u0259n az\u0131:<\/p>\r\n<\/td>\r\n<td width=\"61\">\r\n<p style=\"text-align: center;\"><strong><em>10<\/em><\/strong><\/p>\r\n<\/td>\r\n<\/tr>\r\n<tr>\r\n<td width=\"253\">\r\n<p style=\"text-align: left;\">\u2013 ya\u011fdan azad suyun \u00e7\u0131xar\u0131lmas\u0131, %<\/p>\r\n<\/td>\r\n<td width=\"61\">\r\n<p style=\"text-align: center;\"><strong><em>100<\/em><\/strong><\/p>\r\n<\/td>\r\n<\/tr>\r\n<tr>\r\n<td width=\"253\">\r\n<p style=\"text-align: left;\">\u2013 ya\u011fdan h\u0259ll olunmu\u015f suyun v\u0259 qazlar\u0131n \u00e7\u0131xsr\u0131lmas\u0131<\/p>\r\n<\/td>\r\n<td width=\"61\">\r\n<p style=\"text-align: center;\"><strong><em>90<\/em><\/strong><\/p>\r\n<\/td>\r\n<\/tr>\r\n<tr>\r\n<td colspan=\"3\" width=\"540\">\r\n<p style=\"text-align: left;\">3 Ya\u011f\u0131n i\u015f temperaturlar\u0131n diapozonu, \u00ba\u0421<\/p>\r\n<\/td>\r\n<td width=\"61\"><strong><em>\u00a0<\/em><\/strong><\/td>\r\n<\/tr>\r\n<tr>\r\n<td rowspan=\"2\" width=\"33\"><em>\u00a0<\/em><\/td>\r\n<td colspan=\"2\" width=\"507\">\r\n<p style=\"text-align: left;\">\u2013 a\u015fa\u011f\u0131 h\u00fcdud, \u0259n \u00e7ox<\/p>\r\n<\/td>\r\n<td width=\"61\">\r\n<p style=\"text-align: center;\"><strong><em>+10<\/em><\/strong><\/p>\r\n<\/td>\r\n<\/tr>\r\n<tr>\r\n<td colspan=\"2\" width=\"507\">\r\n<p style=\"text-align: left;\">\u2013 yuxar\u0131 h\u00fcdud<\/p>\r\n<\/td>\r\n<td width=\"61\">\r\n<p style=\"text-align: center;\"><strong><em>+70\u2026+80<\/em><\/strong><\/p>\r\n<\/td>\r\n<\/tr>\r\n<tr>\r\n<td colspan=\"3\" width=\"540\">\r\n<p style=\"text-align: left;\">4 \u00c7\u0131x\u0131\u015fda t\u0259zyiq, bar, \u0259n az\u0131<\/p>\r\n<\/td>\r\n<td width=\"61\">\r\n<p style=\"text-align: center;\"><strong><em>1,5<\/em><\/strong><\/p>\r\n<\/td>\r\n<\/tr>\r\n<tr>\r\n<td colspan=\"3\" width=\"540\">\r\n<p style=\"text-align: left;\">5 Ya\u011f q\u0131zd\u0131r\u0131c\u0131s\u0131n\u0131n g\u00fcc\u00fc, kVt, \u0259n \u00e7ox<\/p>\r\n<\/td>\r\n<td width=\"61\">\r\n<p style=\"text-align: center;\"><strong><em>40<\/em><\/strong><\/p>\r\n<\/td>\r\n<\/tr>\r\n<tr>\r\n<td colspan=\"3\" width=\"540\">\r\n<p style=\"text-align: left;\">6 Maksimal istehlak g\u00fcc\u00fc, kVt, \u0259n \u00e7ox<\/p>\r\n<\/td>\r\n<td width=\"61\">\r\n<p style=\"text-align: center;\"><strong><em>46<\/em><\/strong><\/p>\r\n<\/td>\r\n<\/tr>\r\n<tr>\r\n<td colspan=\"4\" width=\"602\">\r\n<p style=\"text-align: left;\">7 Elektrik c\u0259r\u0259yan\u0131n\u0131n parametrl\u0259ri<\/p>\r\n<\/td>\r\n<\/tr>\r\n<tr>\r\n<td colspan=\"2\" rowspan=\"3\" width=\"287\"><\/td>\r\n<td width=\"253\">\r\n<p style=\"text-align: left;\">\u2013 g\u0259rginlik, \u0412<\/p>\r\n<\/td>\r\n<td width=\"61\">\r\n<p style=\"text-align: center;\"><strong><em>400<\/em><\/strong><\/p>\r\n<\/td>\r\n<\/tr>\r\n<tr>\r\n<td width=\"253\">\r\n<p style=\"text-align: left;\">\u2013 d\u0259yi\u015f\u0259n tezlikl\u0259, Hs<\/p>\r\n<\/td>\r\n<td width=\"61\">\r\n<p style=\"text-align: center;\"><strong><em>50<\/em><\/strong><\/p>\r\n<\/td>\r\n<\/tr>\r\n<tr>\r\n<td width=\"253\">\r\n<p style=\"text-align: left;\">\u2013 fazalar\u0131n say\u0131<\/p>\r\n<\/td>\r\n<td width=\"61\">\r\n<p style=\"text-align: center;\"><strong><em>3<\/em><\/strong><\/p>\r\n<\/td>\r\n<\/tr>\r\n<tr>\r\n<td colspan=\"4\" width=\"602\">\r\n<p style=\"text-align: left;\">8 Qabarit \u00f6l\u00e7\u00fcl\u0259ri, mm, \u0259n \u00e7ox<\/p>\r\n<\/td>\r\n<\/tr>\r\n<tr>\r\n<td colspan=\"2\" rowspan=\"3\" width=\"287\"><\/td>\r\n<td width=\"253\">\r\n<p style=\"text-align: left;\">\u2013 uzunluq<\/p>\r\n<\/td>\r\n<td width=\"61\">\r\n<p style=\"text-align: center;\"><strong><em>1700<\/em><\/strong><\/p>\r\n<\/td>\r\n<\/tr>\r\n<tr>\r\n<td width=\"253\">\r\n<p style=\"text-align: left;\">\u2013 enlik<\/p>\r\n<\/td>\r\n<td width=\"61\">\r\n<p style=\"text-align: center;\"><strong><em>900<\/em><\/strong><\/p>\r\n<\/td>\r\n<\/tr>\r\n<tr>\r\n<td width=\"253\">\r\n<p style=\"text-align: left;\">\u2013 h\u00fcnd\u00fcrl\u00fck<\/p>\r\n<\/td>\r\n<td width=\"61\">\r\n<p style=\"text-align: center;\"><strong><em>1970<\/em><\/strong><\/p>\r\n<\/td>\r\n<\/tr>\r\n<tr>\r\n<td colspan=\"3\" width=\"540\">\r\n<p style=\"text-align: left;\">9 \u00c7\u0259ki, kq, \u0259n \u00e7ox<\/p>\r\n<\/td>\r\n<td width=\"61\">\r\n<p style=\"text-align: center;\"><strong><em>600<\/em><\/strong><\/p>\r\n<\/td>\r\n<\/tr>\r\n<\/thead>\r\n<\/table>\r\n<p style=\"text-align: justify;\"><strong><em>Qeyd<\/em><\/strong><strong><em>\u2013 <\/em><\/strong><em>\u00a0\u00a0\u00a0*<\/em> Ya\u011f\u0131n ilkin parametrl\u0259ri \u00fczr\u0259:<\/p>\r\n\r\n<ul>\r\n \t<li style=\"text-align: justify;\">h\u0259cmli qaz t\u0259rkibi \u2013 \u0259n \u00e7ox 10,5%<\/li>\r\n \t<li style=\"text-align: justify;\">k\u00fctl\u0259vi r\u00fctub\u0259t \u2013 \u0259n \u00e7ox 0,005% (50q\/t)<\/li>\r\n \t<li style=\"text-align: justify;\">temperatur\u20130 \u00ba\u0421 a\u015fa\u011f\u0131 olmayaraq.<\/li>\r\n<\/ul>"},{"tab_title":"\u00dcst\u00fcnl\u00fckl\u0259r","tab_content":"<ul>\r\n \t<li style=\"text-align: justify;\">\u00e7oxfunksional;<\/li>\r\n \t<li style=\"text-align: justify;\">y\u0131\u011fcaml\u0131q;<\/li>\r\n \t<li style=\"text-align: justify;\">portativlik.<\/li>\r\n<\/ul>"}],"add_video_tab":[{"video_tab_title":"Video","add_video_id":[{"video_id":"1NvsHL-Ryho"}]}],"add_gallery_tab":[{"gallery_tab_title":"\u015e\u0259kill\u0259r","add_img":[16745]}],"add_price_tab":null,"science_title":"","science_id":null},"language":"az","_links":{"self":[{"href":"https:\/\/globecore.info\/az\/wp-json\/wp\/v2\/pages\/16647","targetHints":{"allow":["GET"]}}],"collection":[{"href":"https:\/\/globecore.info\/az\/wp-json\/wp\/v2\/pages"}],"about":[{"href":"https:\/\/globecore.info\/az\/wp-json\/wp\/v2\/types\/page"}],"author":[{"embeddable":true,"href":"https:\/\/globecore.info\/az\/wp-json\/wp\/v2\/users\/4"}],"replies":[{"embeddable":true,"href":"https:\/\/globecore.info\/az\/wp-json\/wp\/v2\/comments?post=16647"}],"version-history":[{"count":3,"href":"https:\/\/globecore.info\/az\/wp-json\/wp\/v2\/pages\/16647\/revisions"}],"predecessor-version":[{"id":16747,"href":"https:\/\/globecore.info\/az\/wp-json\/wp\/v2\/pages\/16647\/revisions\/16747"}],"up":[{"embeddable":true,"href":"https:\/\/globecore.info\/az\/wp-json\/wp\/v2\/pages\/16627"}],"wp:featuredmedia":[{"embeddable":true,"href":"https:\/\/globecore.info\/az\/wp-json\/wp\/v2\/media\/16340"}],"wp:attachment":[{"href":"https:\/\/globecore.info\/az\/wp-json\/wp\/v2\/media?parent=16647"}],"wp:term":[{"taxonomy":"category","embeddable":true,"href":"https:\/\/globecore.info\/az\/wp-json\/wp\/v2\/categories?post=16647"}],"curies":[{"name":"wp","href":"https:\/\/api.w.org\/{rel}","templated":true}]}}