{"id":16651,"date":"2021-04-22T13:03:14","date_gmt":"2021-04-22T09:03:14","guid":{"rendered":"https:\/\/globecore.info\/products\/ustanovka-filtratsii-masel\/ustanovka-ochistki-promyshlennyh-masel-smm-2-2lt-2\/"},"modified":"2024-03-18T10:41:06","modified_gmt":"2024-03-18T06:41:06","slug":"ustanovka-ochistki-promyshlennyh-masel-smm-2-2lt-2","status":"publish","type":"page","link":"https:\/\/globecore.info\/az\/products\/ustanovka-filtratsii-masel\/ustanovka-ochistki-promyshlennyh-masel-smm-2-2lt-2\/","title":{"rendered":"Mobil ya\u011f stansiyas\u0131 MYS-2.2LT"},"content":{"rendered":"","protected":false},"excerpt":{"rendered":"","protected":false},"author":4,"featured_media":16358,"parent":16627,"menu_order":0,"comment_status":"closed","ping_status":"closed","template":"templates\/single-product.php","meta":{"_acf_changed":false,"footnotes":""},"categories":[],"class_list":["post-16651","page","type-page","status-publish","has-post-thumbnail","hentry"],"acf":{"add_tab":[{"tab_title":"T\u0259svir","tab_content":"<p style=\"text-align: justify;\">Mobil ya\u011f stansiyas\u0131 MYS-2,2LT termovakuum qurutma, filtrasiya, mexaniki qat\u0131\u015f\u0131qlardan t\u0259mizl\u0259m\u0259, ya\u011flar\u0131n suyundan t\u0259mizl\u0259nm\u0259si \u00fc\u00e7\u00fcn n\u0259z\u0259rd\u0259 tutulmu\u015fdur, hans\u0131lar ki, ya\u011flama sisteml\u0259rind\u0259, s\u0131xla\u015fd\u0131rma sisteml\u0259rind\u0259, qaz turbin v\u0259 qaz \u00f6t\u00fcrm\u0259 aqreqatlar\u0131n\u0131n hidravlik idar\u0259 sisteml\u0259rind\u0259, qaz motorlu kompressorlar\u0131nda, h\u0259m\u00e7inin onlar\u0131n istismar\u0131 v\u0259 t\u0259mir i\u015fl\u0259rinin ke\u00e7irilm\u0259si zaman\u0131 transformatorlarda istifad\u0259 olunurlar.<\/p>\r\n<p style=\"text-align: justify;\">H\u0259m\u00e7inin qura\u015fd\u0131rma q\u0131zd\u0131rma v\u0259 ya\u011fla doldurulmu\u015f elektrik aparatlar\u0131n\u0131n qurutmas\u0131 \u00fc\u00e7\u00fcn isti transformator ya\u011f\u0131yla istifad\u0259 edil\u0259 bil\u0259r.<\/p>\r\n<p style=\"text-align: center;\"><strong>\u0130\u015f prinsipi<\/strong><\/p>\r\n<p style=\"text-align: justify;\">Vakuum t\u0259siri alt\u0131nda ya\u011f 200 mikron filtrasiyan\u0131n inc\u0259liyiyl\u0259 kobud t\u0259mizl\u0259m\u0259 filtrind\u0259n ke\u00e7ir, sonra q\u0131zd\u0131r\u0131c\u0131 olan, vakuum h\u0259cminin i\u00e7 hiss\u0259sin\u0259 d\u00fc\u015f\u00fcr. A\u015fa\u011f\u0131dan-yuxar\u0131 qalxaraq, ya\u011f q\u0131z\u0131r v\u0259 x\u00fcsusi kanallar\u0131 olan qapaq vasit\u0259sil\u0259 s\u00fctunun ba\u015fqa hiss\u0259sin\u0259 birba\u015fa x\u00fcsusi taxmalara d\u00fc\u015f\u00fcr. Sonra ya\u011f a\u015fa\u011f\u0131 taxmalar \u00fczr\u0259 ax\u0131r, v\u0259 bu zaman onun i\u00e7ind\u0259n vakuumun t\u0259siri alt\u0131nda r\u00fctub\u0259tin buxarlar\u0131 v\u0259 qaz t\u0259mizl\u0259nir. Sonra qura\u015fd\u0131rmadan \u00e7\u0131x\u0131\u015f\u0131na h\u0259cmin a\u015fa\u011f\u0131 hiss\u0259sind\u0259n inc\u0259 t\u0259mizl\u0259m\u0259nin iki filtri vasit\u0259sil\u0259 ya\u011f\u0131n \u00e7\u0259kilm\u0259si ba\u015f verir. Filtrl\u0259rin filtrasiyas\u0131n\u0131n inc\u0259liyi 5, 3, 1 v\u0259 ya 0,3 mikron s\u0259viyy\u0259d\u0259 se\u00e7il\u0259 bil\u0259r.<\/p>\r\n<p style=\"text-align: center;\"><strong>Konstruksiyan\u0131n x\u00fcsusiyy\u0259tl\u0259ri<\/strong><\/p>\r\n<p style=\"text-align: justify;\">Q\u0131zd\u0131r\u0131c\u0131 vakuum h\u0259cminin daxilind\u0259 yerl\u0259\u015fir, bu h\u0259m qura\u015fd\u0131rman\u0131n \u00f6l\u00e7\u00fcs\u00fcn\u00fc azaltma\u011fa, h\u0259m d\u0259 ya\u011f\u0131n q\u0131zd\u0131rmas\u0131 vaxt\u0131 istiliyin itm\u0259sini azaltma\u011fa icaz\u0259 verir.<\/p>\r\n<p style=\"text-align: justify;\">Ya\u011f onda bo\u015falman\u0131n yarad\u0131lmas\u0131n\u0131n hesab\u0131na vakuum s\u00fctununa vakuum sistemi t\u0259r\u0259find\u0259n hopur. Qura\u015fd\u0131rman\u0131n qalan elementl\u0259ri \u00fc\u00e7\u00fcn yeni t\u0259rtib etm\u0259 t\u0259tbiq edilmi\u015fdir. B\u00fct\u00fcn bu yenilikl\u0259r avadanl\u0131\u011f\u0131n balaca \u00f6l\u00e7\u00fcl\u0259ri bax\u0131m\u0131ndan yax\u015f\u0131 n\u0259tic\u0259ni verdi.<\/p>"}],"add_def_tab":[{"tab_title":"Spesifikasiyalar","tab_content":"<table width=\"602\">\r\n<thead>\r\n<tr>\r\n<td colspan=\"2\" width=\"478\">\r\n<p style=\"text-align: center;\"><strong>Parametrin ad\u0131<\/strong><\/p>\r\n<\/td>\r\n<td width=\"123\">\r\n<p style=\"text-align: center;\"><strong>G\u00f6st\u0259rici<\/strong><\/p>\r\n<\/td>\r\n<\/tr>\r\n<tr>\r\n<td colspan=\"3\" width=\"602\">\r\n<p style=\"text-align: left;\">1. M\u0259hsuldarl\u0131q, m<sup>3<\/sup>\/saat, \u0259n az\u0131<\/p>\r\n<\/td>\r\n<\/tr>\r\n<tr>\r\n<td width=\"57\"><\/td>\r\n<td width=\"421\">\r\n<p style=\"text-align: left;\">\u2013 termovakuum qurutma v\u0259 filtrasiya rejimind\u0259<\/p>\r\n<\/td>\r\n<td width=\"123\">\r\n<p style=\"text-align: center;\">2,2<\/p>\r\n<\/td>\r\n<\/tr>\r\n<tr>\r\n<td colspan=\"3\" width=\"602\">\r\n<p style=\"text-align: left;\">2.* Emal edilmi\u015f ya\u011f\u0131n parametrl\u0259ri (bir ne\u00e7\u0259 ke\u00e7idd\u0259n sonra):<\/p>\r\n<\/td>\r\n<\/tr>\r\n<tr>\r\n<td rowspan=\"4\" width=\"57\"><\/td>\r\n<td width=\"421\">\r\n<p style=\"text-align: left;\">\u2013 \u00fcmumi qaz t\u0259rkibi, % \u0259n \u00e7ox<\/p>\r\n<\/td>\r\n<td width=\"123\">\r\n<p style=\"text-align: center;\">1,5<\/p>\r\n<\/td>\r\n<\/tr>\r\n<tr>\r\n<td width=\"421\">\r\n<p style=\"text-align: left;\">\u2013 ya\u011f\u0131n k\u00fctl\u0259vi r\u00fctub\u0259ti, q\/t, \u0259n \u00e7ox<\/p>\r\n<\/td>\r\n<td width=\"123\">\r\n<p style=\"text-align: center;\">10<\/p>\r\n<\/td>\r\n<\/tr>\r\n<tr>\r\n<td width=\"421\">\r\n<p style=\"text-align: left;\">\u2013 ISO 4406 \u00fczr\u0259 s\u0259nay\u0259 t\u0259mizliyin sinfi<\/p>\r\n<\/td>\r\n<td width=\"123\">\r\n<p style=\"text-align: center;\">-\/14\/12<\/p>\r\n<\/td>\r\n<\/tr>\r\n<tr>\r\n<td width=\"421\">\r\n<p style=\"text-align: left;\">\u2013 D\u00d6ST 17216 \u00fczr\u0259 s\u0259nay\u0259 t\u0259mizliyin sinfi<\/p>\r\n<\/td>\r\n<td width=\"123\">\r\n<p style=\"text-align: center;\">9<\/p>\r\n<\/td>\r\n<\/tr>\r\n<tr>\r\n<td colspan=\"2\" width=\"478\">\r\n<p style=\"text-align: left;\">3. Ya\u011f\u0131n \u00e7\u0131x\u0131\u015fda maksimal temperaturu, \u00ba\u0421<\/p>\r\n<\/td>\r\n<td width=\"123\">\r\n<p style=\"text-align: center;\">55<\/p>\r\n<\/td>\r\n<\/tr>\r\n<tr>\r\n<td colspan=\"2\" width=\"478\">\r\n<p style=\"text-align: left;\">4. \u00c7\u0131x\u0131\u015fda t\u0259zyiq, bar<\/p>\r\n<\/td>\r\n<td width=\"123\">\r\n<p style=\"text-align: center;\">3<\/p>\r\n<\/td>\r\n<\/tr>\r\n<tr>\r\n<td colspan=\"2\" width=\"478\">\r\n<p style=\"text-align: left;\">5. Ya\u011f qz\u0131d\u0131r\u0131c\u0131s\u0131n\u0131n g\u00fcc\u00fc, kVt, \u0259n \u00e7ox<\/p>\r\n<\/td>\r\n<td width=\"123\">\r\n<p style=\"text-align: center;\">36<\/p>\r\n<\/td>\r\n<\/tr>\r\n<tr>\r\n<td colspan=\"2\" width=\"478\">\r\n<p style=\"text-align: left;\">6. Maksimal istehlak g\u00fcc\u00fc, kVt, \u0259n \u00e7ox<\/p>\r\n<\/td>\r\n<td width=\"123\">\r\n<p style=\"text-align: center;\">42<\/p>\r\n<\/td>\r\n<\/tr>\r\n<tr>\r\n<td colspan=\"3\" width=\"602\">\r\n<p style=\"text-align: left;\">7. Elektrik c\u0259r\u0259yan\u0131n parametrl\u0259ri<\/p>\r\n<\/td>\r\n<\/tr>\r\n<tr>\r\n<td rowspan=\"2\" width=\"57\"><\/td>\r\n<td width=\"421\">\r\n<p style=\"text-align: left;\">\u2013 c\u0259r\u0259yan, V<\/p>\r\n<\/td>\r\n<td width=\"123\">\r\n<p style=\"text-align: center;\">380<\/p>\r\n<\/td>\r\n<\/tr>\r\n<tr>\r\n<td width=\"421\">\r\n<p style=\"text-align: left;\">\u2013 d\u0259yi\u015f\u0259n tezlikl\u0259, Hs<\/p>\r\n<\/td>\r\n<td width=\"123\">\r\n<p style=\"text-align: center;\">50<\/p>\r\n<\/td>\r\n<\/tr>\r\n<tr>\r\n<td width=\"57\"><\/td>\r\n<td width=\"421\">\r\n<p style=\"text-align: left;\">\u2013 fazalar\u0131n say\u0131<\/p>\r\n<\/td>\r\n<td width=\"123\">\r\n<p style=\"text-align: center;\">3<\/p>\r\n<\/td>\r\n<\/tr>\r\n<tr>\r\n<td colspan=\"3\" width=\"602\">\r\n<p style=\"text-align: left;\">8. Qabarit \u00f6l\u00e7\u00fcl\u0259r, mm, \u0259n \u00e7ox<\/p>\r\n<\/td>\r\n<\/tr>\r\n<tr>\r\n<td rowspan=\"3\" width=\"57\"><\/td>\r\n<td width=\"421\">\r\n<p style=\"text-align: left;\">\u2013 uzunluq<\/p>\r\n<\/td>\r\n<td width=\"123\">\r\n<p style=\"text-align: center;\">1050<\/p>\r\n<\/td>\r\n<\/tr>\r\n<tr>\r\n<td width=\"421\">\r\n<p style=\"text-align: left;\">\u2013 enlik<\/p>\r\n<\/td>\r\n<td width=\"123\">\r\n<p style=\"text-align: center;\">760<\/p>\r\n<\/td>\r\n<\/tr>\r\n<tr>\r\n<td width=\"421\">\r\n<p style=\"text-align: left;\">\u2013 h\u00fcnd\u00fcrl\u00fck<\/p>\r\n<\/td>\r\n<td width=\"123\">\r\n<p style=\"text-align: center;\">1470<\/p>\r\n<\/td>\r\n<\/tr>\r\n<tr>\r\n<td colspan=\"2\" width=\"478\">\r\n<p style=\"text-align: left;\">9. \u00c7\u0259ki, kq, \u0259n \u00e7ox<\/p>\r\n<\/td>\r\n<td width=\"123\">\r\n<p style=\"text-align: center;\">420<\/p>\r\n<\/td>\r\n<\/tr>\r\n<\/thead>\r\n<\/table>\r\n<p style=\"text-align: justify;\"><strong><em>\u00a0<\/em><\/strong><strong>Qeyd<\/strong><strong>:<\/strong>* Ya\u011f\u0131n ilkin parametrl\u0259rin\u0259 g\u00f6r\u0259:<\/p>\r\n\r\n<ul>\r\n \t<li style=\"text-align: justify;\">qaz\u0131n h\u0259cmli saxlamas\u0131 \u2013 \u0259n \u00e7ox 10,5%<\/li>\r\n \t<li style=\"text-align: justify;\">k\u00fctl\u0259vi r\u00fct\u00fcb\u0259t \u2013 \u0259n \u00e7ox 0,005% (50 ppm)<\/li>\r\n \t<li style=\"text-align: justify;\">temperetur \u20130 \u00ba\u0421 (32 \u00baF) a\u015fa\u011f\u0131 olmayaraq;<\/li>\r\n \t<li style=\"text-align: justify;\">qura\u015fd\u0131rma vasit\u0259sil\u0259 ya\u011f\u0131n \u00e7oxqat ke\u00e7m\u0259si zaman\u0131.<\/li>\r\n<\/ul>"},{"tab_title":"\u00dcst\u00fcnl\u00fckl\u0259r","tab_content":"<ul>\r\n \t<li style=\"text-align: justify;\">y\u0131\u011fcaml\u0131q;<\/li>\r\n \t<li style=\"text-align: justify;\">portativlik;<\/li>\r\n \t<li style=\"text-align: justify;\">idar\u0259 etm\u0259nin sad\u0259liyi;<\/li>\r\n \t<li style=\"text-align: justify;\">s\u0259naye ya\u011flar\u0131n\u0131n m\u00fcxt\u0259lif tipl\u0259rinin t\u0259mizl\u0259m\u0259si \u00fc\u00e7\u00fcn istifad\u0259 olunur: turbin, hidravlik, kompressor v\u0259 ba\u015fqalar\u0131.<\/li>\r\n<\/ul>"}],"add_video_tab":[{"video_tab_title":"Video","add_video_id":[{"video_id":"1NvsHL-Ryho"}]}],"add_gallery_tab":[{"gallery_tab_title":"\u015e\u0259kill\u0259r","add_img":[13668,13669,13670]}],"add_price_tab":null,"science_title":"","science_id":null},"language":"az","_links":{"self":[{"href":"https:\/\/globecore.info\/az\/wp-json\/wp\/v2\/pages\/16651","targetHints":{"allow":["GET"]}}],"collection":[{"href":"https:\/\/globecore.info\/az\/wp-json\/wp\/v2\/pages"}],"about":[{"href":"https:\/\/globecore.info\/az\/wp-json\/wp\/v2\/types\/page"}],"author":[{"embeddable":true,"href":"https:\/\/globecore.info\/az\/wp-json\/wp\/v2\/users\/4"}],"replies":[{"embeddable":true,"href":"https:\/\/globecore.info\/az\/wp-json\/wp\/v2\/comments?post=16651"}],"version-history":[{"count":2,"href":"https:\/\/globecore.info\/az\/wp-json\/wp\/v2\/pages\/16651\/revisions"}],"predecessor-version":[{"id":16653,"href":"https:\/\/globecore.info\/az\/wp-json\/wp\/v2\/pages\/16651\/revisions\/16653"}],"up":[{"embeddable":true,"href":"https:\/\/globecore.info\/az\/wp-json\/wp\/v2\/pages\/16627"}],"wp:featuredmedia":[{"embeddable":true,"href":"https:\/\/globecore.info\/az\/wp-json\/wp\/v2\/media\/16358"}],"wp:attachment":[{"href":"https:\/\/globecore.info\/az\/wp-json\/wp\/v2\/media?parent=16651"}],"wp:term":[{"taxonomy":"category","embeddable":true,"href":"https:\/\/globecore.info\/az\/wp-json\/wp\/v2\/categories?post=16651"}],"curies":[{"name":"wp","href":"https:\/\/api.w.org\/{rel}","templated":true}]}}