{"id":16657,"date":"2018-03-23T13:38:22","date_gmt":"2018-03-23T09:38:22","guid":{"rendered":"https:\/\/globecore.info\/products\/regeneratsiya-promyshlennyh-masel\/"},"modified":"2024-03-18T10:43:49","modified_gmt":"2024-03-18T06:43:49","slug":"regeneratsiya-promyshlennyh-masel","status":"publish","type":"page","link":"https:\/\/globecore.info\/az\/products\/regeneratsiya-promyshlennyh-masel\/","title":{"rendered":"Ya\u011flar\u0131n regenerasiyas\u0131 avadanl\u0131\u011f\u0131"},"content":{"rendered":"","protected":false},"excerpt":{"rendered":"","protected":false},"author":4,"featured_media":0,"parent":16624,"menu_order":10,"comment_status":"closed","ping_status":"closed","template":"templates\/products-sidebar.php","meta":{"_acf_changed":false,"footnotes":""},"categories":[],"class_list":["post-16657","page","type-page","status-publish","hentry"],"acf":[],"language":"az","_links":{"self":[{"href":"https:\/\/globecore.info\/az\/wp-json\/wp\/v2\/pages\/16657","targetHints":{"allow":["GET"]}}],"collection":[{"href":"https:\/\/globecore.info\/az\/wp-json\/wp\/v2\/pages"}],"about":[{"href":"https:\/\/globecore.info\/az\/wp-json\/wp\/v2\/types\/page"}],"author":[{"embeddable":true,"href":"https:\/\/globecore.info\/az\/wp-json\/wp\/v2\/users\/4"}],"replies":[{"embeddable":true,"href":"https:\/\/globecore.info\/az\/wp-json\/wp\/v2\/comments?post=16657"}],"version-history":[{"count":9,"href":"https:\/\/globecore.info\/az\/wp-json\/wp\/v2\/pages\/16657\/revisions"}],"predecessor-version":[{"id":17285,"href":"https:\/\/globecore.info\/az\/wp-json\/wp\/v2\/pages\/16657\/revisions\/17285"}],"up":[{"embeddable":true,"href":"https:\/\/globecore.info\/az\/wp-json\/wp\/v2\/pages\/16624"}],"wp:attachment":[{"href":"https:\/\/globecore.info\/az\/wp-json\/wp\/v2\/media?parent=16657"}],"wp:term":[{"taxonomy":"category","embeddable":true,"href":"https:\/\/globecore.info\/az\/wp-json\/wp\/v2\/categories?post=16657"}],"curies":[{"name":"wp","href":"https:\/\/api.w.org\/{rel}","templated":true}]}}