{"id":16660,"date":"2018-03-23T14:14:20","date_gmt":"2018-03-23T10:14:20","guid":{"rendered":"https:\/\/globecore.info\/products\/termovakuumnaya-ochistka-masel\/"},"modified":"2024-03-20T10:46:01","modified_gmt":"2024-03-20T06:46:01","slug":"termovakuumnaya-ochistka-masel","status":"publish","type":"page","link":"https:\/\/globecore.info\/az\/products\/termovakuumnaya-ochistka-masel\/","title":{"rendered":"Ya\u011flar\u0131n deqazasuyas\u0131 v\u0259 vakuum qurutmas\u0131"},"content":{"rendered":"","protected":false},"excerpt":{"rendered":"","protected":false},"author":4,"featured_media":0,"parent":16624,"menu_order":11,"comment_status":"closed","ping_status":"closed","template":"templates\/products-sidebar.php","meta":{"_acf_changed":false,"footnotes":""},"categories":[],"class_list":["post-16660","page","type-page","status-publish","hentry"],"acf":[],"language":"az","_links":{"self":[{"href":"https:\/\/globecore.info\/az\/wp-json\/wp\/v2\/pages\/16660","targetHints":{"allow":["GET"]}}],"collection":[{"href":"https:\/\/globecore.info\/az\/wp-json\/wp\/v2\/pages"}],"about":[{"href":"https:\/\/globecore.info\/az\/wp-json\/wp\/v2\/types\/page"}],"author":[{"embeddable":true,"href":"https:\/\/globecore.info\/az\/wp-json\/wp\/v2\/users\/4"}],"replies":[{"embeddable":true,"href":"https:\/\/globecore.info\/az\/wp-json\/wp\/v2\/comments?post=16660"}],"version-history":[{"count":10,"href":"https:\/\/globecore.info\/az\/wp-json\/wp\/v2\/pages\/16660\/revisions"}],"predecessor-version":[{"id":19537,"href":"https:\/\/globecore.info\/az\/wp-json\/wp\/v2\/pages\/16660\/revisions\/19537"}],"up":[{"embeddable":true,"href":"https:\/\/globecore.info\/az\/wp-json\/wp\/v2\/pages\/16624"}],"wp:attachment":[{"href":"https:\/\/globecore.info\/az\/wp-json\/wp\/v2\/media?parent=16660"}],"wp:term":[{"taxonomy":"category","embeddable":true,"href":"https:\/\/globecore.info\/az\/wp-json\/wp\/v2\/categories?post=16660"}],"curies":[{"name":"wp","href":"https:\/\/api.w.org\/{rel}","templated":true}]}}