{"id":16669,"date":"2018-07-10T12:44:03","date_gmt":"2018-07-10T08:44:03","guid":{"rendered":"https:\/\/globecore.info\/products\/termovakuumnaya-ochistka-masel\/ustanovka-ochistki-masla-uvm-1\/"},"modified":"2024-03-18T10:51:21","modified_gmt":"2024-03-18T06:51:21","slug":"ustanovka-ochistki-masla-uvm-1","status":"publish","type":"page","link":"https:\/\/globecore.info\/az\/products\/termovakuumnaya-ochistka-masel\/ustanovka-ochistki-masla-uvm-1\/","title":{"rendered":"Transformator ya\u011f\u0131n\u0131n emal\u0131 \u00fc\u00e7\u00fcn qura\u015fd\u0131rma CMM-1L"},"content":{"rendered":"","protected":false},"excerpt":{"rendered":"","protected":false},"author":4,"featured_media":16028,"parent":16660,"menu_order":6,"comment_status":"closed","ping_status":"closed","template":"templates\/single-product.php","meta":{"_acf_changed":false,"footnotes":""},"categories":[],"class_list":["post-16669","page","type-page","status-publish","has-post-thumbnail","hentry"],"acf":{"add_tab":[{"tab_title":"T\u0259svir","tab_content":"<p style=\"text-align: justify;\">Transformator ya\u011f\u0131n\u0131n emal\u0131 \u00fc\u00e7\u00fcn UVM-1L qura\u015fd\u0131rmas\u0131 bu seriyan\u0131n avadanl\u0131\u011f\u0131n\u0131n funksionall\u0131\u011f\u0131n\u0131 saxlad\u0131, amma o daha y\u0131\u011fcam v\u0259 q\u0259na\u0259tlidir.<\/p>\r\n<p style=\"text-align: justify;\">UVM-1L mexaniki qat\u0131\u015f\u0131qlardan t\u0259mizl\u0259m\u0259, elektrik qur\u011fular\u0131 hiss\u0259l\u0259rinin izolyasiya ya\u011flar\u0131n\u0131n suyundan t\u0259mizl\u0259m\u0259 \u00fc\u00e7\u00fcn n\u0259z\u0259rd\u0259 tutulmu\u015fdur, hans\u0131lar\u0131n ki, kinematika qat\u0131l\u0131\u011f\u0131 50\u00b0\u0421 temperatur zaman\u0131 70 sSt \u00f6tm\u00fcr.<\/p>\r\n<p style=\"text-align: justify;\">Qura\u015fd\u0131rma ya\u011fla doldurulmu\u015f elektrik aparatlar\u0131n\u0131n isti transformator ya\u011f\u0131yla q\u0131zd\u0131rmas\u0131 \u00fc\u00e7\u00fcn istifad\u0259 edilmi\u015f ola bil\u0259r, h\u0259m\u00e7inin onlar\u0131n deqazasiyas\u0131 \u00fc\u00e7\u00fcn.<\/p>\r\n<p style=\"text-align: justify;\">Stansiya filtrl\u0259rin bloku vasit\u0259sil\u0259 t\u0259mizl\u0259n\u0259n m\u0259hsulun \u00e7oxqat ke\u00e7m\u0259si zaman\u0131 13 (\u00e7irkl\u0259ndiricinin k\u00fctl\u0259vi hiss\u0259si \u0259n \u00e7ox 0,004%) t\u0259mizliyin ilk sinifi zaman\u0131 9 sinif\u0259 q\u0259d\u0259r ya\u011f\u0131n t\u0259mizl\u0259m\u0259sini t\u0259min edir.<\/p>\r\n<p style=\"text-align: justify;\">UVM-1L montaj, t\u0259mir v\u0259 ya\u011fla doldurulmu\u015f y\u00fcks\u0259kvoltlu avadanl\u0131\u011f\u0131n (g\u00fcc transformatorlar\u0131, y\u00fcks\u0259kvoltlu s\u00f6nd\u00fcr\u00fcc\u00fcl\u0259r v\u0259 ba\u015fqalar\u0131) istismar\u0131 zaman\u0131 istifad\u0259 olunur.<\/p>"}],"add_def_tab":[{"tab_title":"Spesifikasiyalar","tab_content":"<table width=\"602\">\r\n<thead>\r\n<tr>\r\n<td width=\"47\"><strong>\u2116<\/strong><\/td>\r\n<td width=\"361\">\r\n<p style=\"text-align: center;\"><strong>Parametrin ad\u0131<\/strong><\/p>\r\n<\/td>\r\n<td width=\"194\">\r\n<p style=\"text-align: center;\"><strong>G\u00f6st\u0259rici<\/strong><\/p>\r\n<\/td>\r\n<\/tr>\r\n<tr>\r\n<td width=\"47\">1.<\/td>\r\n<td width=\"361\">\r\n<p style=\"text-align: left;\">M\u0259hsuldarl\u0131q, m<sup>3<\/sup>\/s:<\/p>\r\n<\/td>\r\n<td width=\"194\">\r\n<p style=\"text-align: center;\">1,0<\/p>\r\n<\/td>\r\n<\/tr>\r\n<tr>\r\n<td width=\"47\">2.<\/td>\r\n<td width=\"361\">\r\n<p style=\"text-align: left;\">Q\u0131zd\u0131rma rejimind\u0259 \u00e7\u0131x\u0131\u015fda ya\u011f\u0131n maksimal temperaturu, \u00b0\u0421<\/p>\r\n<\/td>\r\n<td width=\"194\">\r\n<p style=\"text-align: center;\">60<\/p>\r\n<\/td>\r\n<\/tr>\r\n<tr>\r\n<td width=\"47\">\u00a0 3.*<\/td>\r\n<td width=\"361\">\r\n<p style=\"text-align: left;\">Emal edilmi\u015f ya\u011f\u0131n parametrl\u0259ri (ilkin r\u00fctub\u0259t \u0259n \u00e7ox 100 q\/t):<\/p>\r\n<p style=\"text-align: left;\">\u2013 filtrasiyan\u0131n inc\u0259liyi, mkm<\/p>\r\n<p style=\"text-align: left;\">\u2013 de\u015fm\u0259 g\u0259rginliyi, \u0259n az\u0259 kV<\/p>\r\n<p style=\"text-align: left;\">\u2013 D\u00d6ST 17216 (ISO 4406) \u00fczr\u0259 s\u0259nay\u0259 t\u0259mizliyin sinfi<\/p>\r\n<\/td>\r\n<td width=\"194\"><strong>\u00a0<\/strong>\r\n\r\n<strong>\u00a0<\/strong>\r\n<p style=\"text-align: center;\">5<\/p>\r\n<p style=\"text-align: center;\">75<\/p>\r\n<p style=\"text-align: center;\">9 (-\/14\/12)<\/p>\r\n<\/td>\r\n<\/tr>\r\n<tr>\r\n<td width=\"47\">4.<\/td>\r\n<td width=\"361\">\r\n<p style=\"text-align: left;\">\u00c7\u0131x\u0131\u015f qol borusu \u00fczr\u0259 ya\u011f\u0131n verm\u0259sinin h\u00fcnd\u00fcrl\u00fcy\u00fc, m<\/p>\r\n<\/td>\r\n<td width=\"194\">\r\n<p style=\"text-align: center;\">20<\/p>\r\n<\/td>\r\n<\/tr>\r\n<tr>\r\n<td width=\"47\">5.<\/td>\r\n<td width=\"361\">\r\n<p style=\"text-align: left;\">Giri\u015fd\u0259 t\u0259zyiq, MPa, \u0259n \u00e7ox<\/p>\r\n<\/td>\r\n<td width=\"194\">\r\n<p style=\"text-align: center;\">0,1<\/p>\r\n<\/td>\r\n<\/tr>\r\n<tr>\r\n<td width=\"47\">6.<\/td>\r\n<td width=\"361\">\r\n<p style=\"text-align: left;\">\u00c7\u0131x\u0131\u015fda t\u0259zyiq, MPa, \u0259n \u00e7ox<\/p>\r\n<\/td>\r\n<td width=\"194\">\r\n<p style=\"text-align: center;\">0,25<\/p>\r\n<\/td>\r\n<\/tr>\r\n<tr>\r\n<td width=\"47\">7.<\/td>\r\n<td width=\"361\">\r\n<p style=\"text-align: left;\">Ya\u011f q\u0131zd\u0131r\u0131c\u0131s\u0131n\u0131n g\u00fcc\u00fc, kVt<\/p>\r\n<\/td>\r\n<td width=\"194\">\r\n<p style=\"text-align: center;\">20,4<\/p>\r\n<\/td>\r\n<\/tr>\r\n<tr>\r\n<td width=\"47\">8.<\/td>\r\n<td width=\"361\">\r\n<p style=\"text-align: left;\">Q\u0131zd\u0131r\u0131c\u0131n\u0131n m\u00fc\u0259yy\u0259n s\u0259thi g\u00fcc\u00fc, Vt\/sm<sup>2<\/sup>, \u0259n \u00e7ox<\/p>\r\n<\/td>\r\n<td width=\"194\"><strong>\u00a0<\/strong>\r\n<p style=\"text-align: center;\">1,1<\/p>\r\n<\/td>\r\n<\/tr>\r\n<tr>\r\n<td width=\"47\">9.<\/td>\r\n<td width=\"361\">\r\n<p style=\"text-align: left;\">M\u00fc\u0259yy\u0259n edilmi\u015f s\u0259rf edil\u0259n g\u00fcc, kVt<\/p>\r\n<\/td>\r\n<td width=\"194\">\r\n<p style=\"text-align: center;\">25<\/p>\r\n<\/td>\r\n<\/tr>\r\n<tr>\r\n<td width=\"47\">10.<\/td>\r\n<td width=\"361\">\r\n<p style=\"text-align: left;\">D\u0259yi\u015f\u0259n c\u0259r\u0259yan\u0131n \u00fc\u00e7fazal\u0131 \u015f\u0259b\u0259k\u0259sinin parametrl\u0259ri (t\u0259chizetm\u0259nin g\u0259rginliyi, V\/tezlik, Hs)<\/p>\r\n<\/td>\r\n<td width=\"194\">\r\n<p style=\"text-align: center;\">Sifari\u015f\u00e7inin ist\u0259dikl\u0259rin\u0259 g\u00f6r\u0259<\/p>\r\n<\/td>\r\n<\/tr>\r\n<tr>\r\n<td width=\"47\">11.<\/td>\r\n<td width=\"361\">\r\n<p style=\"text-align: left;\">Qabarit \u00f6l\u00e7\u00fcl\u0259r, mm \u0259n \u00e7ox<\/p>\r\n<p style=\"text-align: left;\">\u2013 uzunluq<\/p>\r\n<p style=\"text-align: left;\">\u2013 enlik<\/p>\r\n<p style=\"text-align: left;\">\u2013 h\u00fcnd\u00fcrl\u00fck<\/p>\r\n<\/td>\r\n<td width=\"194\">\r\n<p style=\"text-align: center;\"><strong>\u00a0<\/strong><\/p>\r\n<p style=\"text-align: center;\">1500<\/p>\r\n<p style=\"text-align: center;\">1000<\/p>\r\n<p style=\"text-align: center;\">1255<\/p>\r\n<\/td>\r\n<\/tr>\r\n<tr>\r\n<td width=\"47\">12.<\/td>\r\n<td width=\"361\">\r\n<p style=\"text-align: left;\">\u00c7\u0259ki, kq \u0259n \u00e7ox<\/p>\r\n<\/td>\r\n<td width=\"194\">\r\n<p style=\"text-align: center;\">635<\/p>\r\n<\/td>\r\n<\/tr>\r\n<\/thead>\r\n<\/table>\r\n<strong>Qeyd:<\/strong> * Ya\u011f\u0131n ilkin parametrl\u0259rin\u0259 g\u00f6r\u0259:\r\n<ul>\r\n \t<li>k\u00fctl\u0259vi r\u00fct\u00fcb\u0259t \u2013 \u0259n \u00e7ox 0,005% (50 q\/t);<\/li>\r\n \t<li>ya\u011f\u0131n qura\u015fd\u0131rmada 30 d\u0259qiq\u0259 \u0259rzind\u0259 +60\u00b15\u00ba\u0421 q\u0259d\u0259r q\u0131zd\u0131rmas\u0131;<\/li>\r\n \t<li>qazlar\u0131n m\u00f6vcudlu\u011fu \u0259n \u00e7ox 10%<\/li>\r\n<\/ul>"},{"tab_title":"\u00dcst\u00fcnl\u00fckl\u0259r","tab_content":"<ul>\r\n \t<li style=\"text-align: justify;\">y\u0131\u011fcaml\u0131q. Qura\u015fd\u0131rma m\u00fcxt\u0259lif n\u0259qliyyat n\u00f6vl\u0259riyl\u0259 (yer\u00fcst\u00fc, su, hava) da\u015f\u0131na bil\u0259r;<\/li>\r\n \t<li style=\"text-align: justify;\">xidm\u0259tin v\u0259 istismar\u0131n sad\u0259liyi;<\/li>\r\n \t<li style=\"text-align: justify;\">qura\u015fd\u0131rma vasit\u0259sil\u0259 bir ne\u00e7\u0259 ke\u00e7idd\u0259n sonra ya\u011f\u0131n 15-d\u0259n 75 kV q\u0259d\u0259r de\u015fm\u0259 g\u0259rginliyinin artmas\u0131;<\/li>\r\n \t<li style=\"text-align: justify;\">q\u0131zd\u0131r\u0131c\u0131n\u0131n konstruksiyas\u0131n\u0131n optimalla\u015fd\u0131rmas\u0131 n\u0259tic\u0259sind\u0259 g\u00fcc\u00fcn art\u0131q x\u0259rci olmadan ya\u011f\u0131n q\u0131zd\u0131rmas\u0131n\u0131n s\u00fcr\u0259ti art\u0131r\u0131lm\u0131\u015fd\u0131r;<\/li>\r\n \t<li style=\"text-align: justify;\">bax\u0131\u015f p\u0259nc\u0259r\u0259sinin \u00f6l\u00e7\u00fcs\u00fc ya\u011f\u0131n emal\u0131n\u0131n prosesin\u0259 vizual n\u0259zar\u0259t etm\u0259y\u0259 icaz\u0259 verir.<\/li>\r\n<\/ul>"}],"add_video_tab":[{"video_tab_title":"Video","add_video_id":[{"video_id":"donQ79UHrIs"}]}],"add_gallery_tab":[{"gallery_tab_title":"\u015e\u0259kill\u0259r","add_img":[16720,16722,16724,16726,16728,16730,16732]}],"add_price_tab":null,"science_title":"","science_id":null},"language":"az","_links":{"self":[{"href":"https:\/\/globecore.info\/az\/wp-json\/wp\/v2\/pages\/16669","targetHints":{"allow":["GET"]}}],"collection":[{"href":"https:\/\/globecore.info\/az\/wp-json\/wp\/v2\/pages"}],"about":[{"href":"https:\/\/globecore.info\/az\/wp-json\/wp\/v2\/types\/page"}],"author":[{"embeddable":true,"href":"https:\/\/globecore.info\/az\/wp-json\/wp\/v2\/users\/4"}],"replies":[{"embeddable":true,"href":"https:\/\/globecore.info\/az\/wp-json\/wp\/v2\/comments?post=16669"}],"version-history":[{"count":5,"href":"https:\/\/globecore.info\/az\/wp-json\/wp\/v2\/pages\/16669\/revisions"}],"predecessor-version":[{"id":19538,"href":"https:\/\/globecore.info\/az\/wp-json\/wp\/v2\/pages\/16669\/revisions\/19538"}],"up":[{"embeddable":true,"href":"https:\/\/globecore.info\/az\/wp-json\/wp\/v2\/pages\/16660"}],"wp:featuredmedia":[{"embeddable":true,"href":"https:\/\/globecore.info\/az\/wp-json\/wp\/v2\/media\/16028"}],"wp:attachment":[{"href":"https:\/\/globecore.info\/az\/wp-json\/wp\/v2\/media?parent=16669"}],"wp:term":[{"taxonomy":"category","embeddable":true,"href":"https:\/\/globecore.info\/az\/wp-json\/wp\/v2\/categories?post=16669"}],"curies":[{"name":"wp","href":"https:\/\/api.w.org\/{rel}","templated":true}]}}