{"id":16674,"date":"2018-09-05T10:26:34","date_gmt":"2018-09-05T06:26:34","guid":{"rendered":"https:\/\/globecore.info\/products\/termovakuumnaya-ochistka-masel\/stantsiya-maslyanaya-mobilnaya-smm-1n\/"},"modified":"2024-03-18T10:50:38","modified_gmt":"2024-03-18T06:50:38","slug":"stantsiya-maslyanaya-mobilnaya-smm-1n","status":"publish","type":"page","link":"https:\/\/globecore.info\/az\/products\/termovakuumnaya-ochistka-masel\/stantsiya-maslyanaya-mobilnaya-smm-1n\/","title":{"rendered":"Mobil ya\u011f stansiyas\u0131 CMM-1\u041d"},"content":{"rendered":"","protected":false},"excerpt":{"rendered":"","protected":false},"author":4,"featured_media":16062,"parent":16660,"menu_order":5,"comment_status":"closed","ping_status":"closed","template":"templates\/single-product.php","meta":{"_acf_changed":false,"footnotes":""},"categories":[],"class_list":["post-16674","page","type-page","status-publish","has-post-thumbnail","hentry"],"acf":{"add_tab":[{"tab_title":"T\u0259svir","tab_content":"<p style=\"text-align: justify;\">MYS-1H qura\u015fd\u0131r\u0131lmas\u0131 mineral transformator ya\u011flar\u0131n\u0131n qurutmas\u0131, q\u0131zd\u0131rmas\u0131 v\u0259 filtrasiyas\u0131 \u00fc\u00e7\u00fcn n\u0259z\u0259rd\u0259 tutulmu\u015fdur, h\u0259m\u00e7inin transformatorlar\u0131n \u00e7\u0259nl\u0259rinin deqazasiyas\u0131 \u00fc\u00e7\u00fcn.<\/p>\r\n<p style=\"text-align: justify;\">Avadanl\u0131q termovakuum qurutman\u0131n prinsipi \u00fczr\u0259 i\u015fl\u0259yir. Bu prinsip vakuum kameras\u0131na sonrak\u0131 verm\u0259yl\u0259 ya\u011f\u0131n q\u0131zd\u0131rmas\u0131n\u0131 n\u0259z\u0259rd\u0259 tutur. A\u015fa\u011f\u0131 t\u0259zyiqin say\u0259sind\u0259 kamerada su ya\u011fdan buxarlan\u0131r v\u0259 vakuum nasosunun i\u015fl\u0259nmi\u015f qaz\u0131n \u00e7\u0131xmas\u0131yla t\u0259mizl\u0259nir.<\/p>\r\n<p style=\"text-align: justify;\">MYS-1H qura\u015fd\u0131rman\u0131n t\u0259rkibin\u0259 n\u00f6vb\u0259ti elementl\u0259r daxildir: \u00e7\u0259r\u00e7iv\u0259, m\u0259rk\u0259zd\u0259nqa\u00e7an ya\u011f nasosu, vakuum nasosu, elektrik idar\u0259etm\u0259 \u015fkaf\u0131, vakuum s\u00fctunu, ya\u011f\u0131n q\u0131zd\u0131r\u0131c\u0131s\u0131, filtrl\u0259rin bloku, ya\u011f\u0131n t\u0259l\u0259si, boru k\u0259m\u0259rl\u0259ri, cihazlar paneli, ya\u011f\u0131n \u00e7\u0131x\u0131\u015f\u0131n\u0131n \u015ftuseri, ya\u011f\u0131n giri\u015finin \u015ftuseri.<\/p>"}],"add_def_tab":[{"tab_title":"Spesifikasiyalar","tab_content":"<table width=\"572\">\r\n<thead>\r\n<tr>\r\n<td width=\"30\">\u2116<\/td>\r\n<td width=\"459\">\r\n<p style=\"text-align: center;\"><strong>Parametrin ad\u0131<\/strong><\/p>\r\n<\/td>\r\n<td width=\"82\">\r\n<p style=\"text-align: center;\"><strong>G\u00f6st\u0259rici<\/strong><\/p>\r\n<\/td>\r\n<\/tr>\r\n<tr>\r\n<td width=\"30\">1<\/td>\r\n<td width=\"459\">\r\n<p style=\"text-align: left;\">M\u0259hsuldarl\u0131q, m3\/saat, maksimal<\/p>\r\n<\/td>\r\n<td width=\"82\"><\/td>\r\n<\/tr>\r\n<tr>\r\n<td width=\"30\"><\/td>\r\n<td width=\"459\">\r\n<p style=\"text-align: left;\">\u25cf\u00a0\u00a0\u00a0\u00a0 ya\u011f\u0131n qurutmas\u0131 rejimind\u0259<\/p>\r\n<\/td>\r\n<td width=\"82\">\r\n<p style=\"text-align: center;\">1<\/p>\r\n<\/td>\r\n<\/tr>\r\n<tr>\r\n<td width=\"30\">2<\/td>\r\n<td width=\"459\">\r\n<p style=\"text-align: left;\">*Emal edilmi\u015f ya\u011f\u0131n parametrl\u0259ri:<\/p>\r\n<\/td>\r\n<td width=\"82\"><\/td>\r\n<\/tr>\r\n<tr>\r\n<td width=\"30\"><\/td>\r\n<td width=\"459\">\r\n<p style=\"text-align: left;\">\u25cf\u00a0\u00a0\u00a0\u00a0 ya\u011f\u0131n k\u00fctl\u0259vi r\u00fct\u00fcb\u0259ti, q\/t, \u0259n \u00e7ox<\/p>\r\n<\/td>\r\n<td width=\"82\">\r\n<p style=\"text-align: center;\">10<\/p>\r\n<\/td>\r\n<\/tr>\r\n<tr>\r\n<td width=\"30\"><\/td>\r\n<td width=\"459\">\r\n<p style=\"text-align: left;\">\u25cf\u00a0\u00a0\u00a0\u00a0 ISO 4406 \u00fczr\u0259 s\u0259nay\u0259 t\u0259mizliyin sinfi<\/p>\r\n<\/td>\r\n<td width=\"82\">\r\n<p style=\"text-align: center;\">-\/15\/13<\/p>\r\n<\/td>\r\n<\/tr>\r\n<tr>\r\n<td width=\"30\">3<\/td>\r\n<td width=\"459\">\r\n<p style=\"text-align: left;\">Q\u0131zd\u0131rma rejimind\u0259 \u00e7\u0131x\u0131\u015fda ya\u011f\u0131n maksimal temperaturu, \u0421<\/p>\r\n<\/td>\r\n<td width=\"82\">\r\n<p style=\"text-align: center;\">90<\/p>\r\n<\/td>\r\n<\/tr>\r\n<tr>\r\n<td width=\"30\">4<\/td>\r\n<td width=\"459\">\r\n<p style=\"text-align: left;\">\u00c7\u0131x\u0131\u015fda t\u0259zyiq, bar<\/p>\r\n<\/td>\r\n<td width=\"82\">\r\n<p style=\"text-align: center;\">2,5<\/p>\r\n<\/td>\r\n<\/tr>\r\n<tr>\r\n<td width=\"30\">5<\/td>\r\n<td width=\"459\">\r\n<p style=\"text-align: left;\">Ya\u011f q\u0131zd\u0131r\u0131c\u0131s\u0131n\u0131n g\u00fcc\u00fc, kVt, \u0259n \u00e7ox<\/p>\r\n<\/td>\r\n<td width=\"82\">\r\n<p style=\"text-align: center;\">23<\/p>\r\n<\/td>\r\n<\/tr>\r\n<tr>\r\n<td width=\"30\">6<\/td>\r\n<td width=\"459\">\r\n<p style=\"text-align: left;\">Maksimal s\u0259rf edil\u0259n g\u00fcc, kVt, \u0259n \u00e7ox<\/p>\r\n<\/td>\r\n<td width=\"82\">\r\n<p style=\"text-align: center;\">25<\/p>\r\n<\/td>\r\n<\/tr>\r\n<tr>\r\n<td width=\"30\">7<\/td>\r\n<td width=\"459\">\r\n<p style=\"text-align: left;\">Elektrik c\u0259r\u0259yan\u0131n\u0131n parametrl\u0259ri:<\/p>\r\n<\/td>\r\n<td width=\"82\"><\/td>\r\n<\/tr>\r\n<tr>\r\n<td width=\"30\"><\/td>\r\n<td width=\"459\">\r\n<p style=\"text-align: left;\">\u25cf\u00a0\u00a0\u00a0\u00a0 g\u0259rginlik, V<\/p>\r\n<\/td>\r\n<td width=\"82\">\r\n<p style=\"text-align: center;\">\u00a0 400<\/p>\r\n<\/td>\r\n<\/tr>\r\n<tr>\r\n<td width=\"30\"><\/td>\r\n<td width=\"459\">\r\n<p style=\"text-align: left;\">\u25cf\u00a0\u00a0\u00a0\u00a0 d\u0259yi\u015f\u0259n tezlikl\u0259, Hs<\/p>\r\n<\/td>\r\n<td width=\"82\">\r\n<p style=\"text-align: center;\">\u00a0\u00a0 50<\/p>\r\n<\/td>\r\n<\/tr>\r\n<tr>\r\n<td width=\"30\">8<\/td>\r\n<td width=\"459\">\r\n<p style=\"text-align: left;\">Qabarit \u00f6l\u00e7\u00fcl\u0259r, mm \u0259n \u00e7ox<\/p>\r\n<\/td>\r\n<td width=\"82\"><\/td>\r\n<\/tr>\r\n<tr>\r\n<td width=\"30\"><\/td>\r\n<td width=\"459\">\r\n<p style=\"text-align: left;\">\u25cf\u00a0\u00a0\u00a0\u00a0 uzunluq<\/p>\r\n<\/td>\r\n<td width=\"82\">\r\n<p style=\"text-align: center;\">1250<\/p>\r\n<\/td>\r\n<\/tr>\r\n<tr>\r\n<td width=\"30\"><\/td>\r\n<td width=\"459\">\r\n<p style=\"text-align: left;\">\u25cf\u00a0\u00a0\u00a0\u00a0 h\u00fcnd\u00fcrl\u00fck<\/p>\r\n<\/td>\r\n<td width=\"82\">\r\n<p style=\"text-align: center;\">1750<\/p>\r\n<\/td>\r\n<\/tr>\r\n<tr>\r\n<td width=\"30\"><\/td>\r\n<td width=\"459\">\r\n<p style=\"text-align: left;\">\u25cf\u00a0\u00a0\u00a0\u00a0 enlik<\/p>\r\n<\/td>\r\n<td width=\"82\">\r\n<p style=\"text-align: center;\">1250<\/p>\r\n<\/td>\r\n<\/tr>\r\n<tr>\r\n<td width=\"30\">9<\/td>\r\n<td width=\"459\">\r\n<p style=\"text-align: left;\">\u00c7\u0259ki (ya\u011fs\u0131z), kq, \u0259n \u00e7ox<\/p>\r\n<\/td>\r\n<td width=\"82\">\r\n<p style=\"text-align: center;\">750<\/p>\r\n<\/td>\r\n<\/tr>\r\n<\/thead>\r\n<\/table>\r\n<p style=\"text-align: justify;\">*<strong>Qeyd<\/strong><strong> \u2013 <\/strong>Ya\u011f\u0131n ilkin parametrl\u0259rin\u0259 g\u00f6r\u0259:<\/p>\r\n\r\n<ul>\r\n \t<li style=\"text-align: justify;\">qaz\u0131n h\u0259cmli saxlamas\u0131 \u2013 \u0259n \u00e7ox 10,5 %;<\/li>\r\n \t<li style=\"text-align: justify;\">k\u00fctl\u0259vi r\u00fct\u00fcb\u0259t \u2013 \u0259n \u00e7ox 0,01 % (100 \u0433\/\u0442);<\/li>\r\n \t<li style=\"text-align: justify;\">temperatur \u20130 \u2070\u0421 a\u015fa\u011f\u0131 olmayaraq<\/li>\r\n<\/ul>"},{"tab_title":"\u00dcst\u00fcnl\u00fckl\u0259r","tab_content":"<ul>\r\n \t<li style=\"text-align: justify;\">m\u0259rk\u0259zd\u0259nqa\u00e7an (\u00e7\u0259k\u0259n) nasos qurulmu\u015fdur, bu is\u0259 qura\u015fd\u0131rman\u0131n i\u015fi zaman\u0131 s\u0259s s\u0259viyy\u0259sini azaltma\u011fa icaz\u0259 verir;<\/li>\r\n \t<li style=\"text-align: justify;\">qura\u015fd\u0131rmada gic\u0259ll\u0259ndir\u0259n nasos yoxdur. Y\u0259ni ya\u011f d\u00fcz itkinin riski olmadan qur\u011fuya verilir;<\/li>\r\n \t<li style=\"text-align: justify;\">idar\u0259 etm\u0259nin sad\u0259liyi;<\/li>\r\n \t<li style=\"text-align: justify;\">vakuum kameras\u0131n\u0131n daxilind\u0259 x\u0131rda m\u0259s\u0259m\u0259li taxma qurulmu\u015fdur, bu is\u0259 r\u00fctub\u0259tin effektiv ayr\u0131lmas\u0131na imkan yarad\u0131r;<\/li>\r\n \t<li style=\"text-align: justify;\">q\u0131zd\u0131rman\u0131n intellektual kontrol sistemi m\u00f6vcuddur \u2013 qura\u015fd\u0131rma laz\u0131ml\u0131 m\u0259hsuldarl\u0131\u011f\u0131n alt\u0131nda c\u0259r\u0259yan\u0131 qurur, g\u0259rginliyin s\u0131\u00e7ray\u0131\u015flar\u0131n\u0131n qar\u015f\u0131s\u0131n\u0131 alaraq;<\/li>\r\n \t<li style=\"text-align: justify;\">su kondensat\u0131n\u0131n toplusu n\u0259z\u0259rd\u0259 tutulmu\u015fdur;<\/li>\r\n \t<li style=\"text-align: justify;\">transformatorun deqazasiyas\u0131 \u00fc\u00e7\u00fcn ayr\u0131 \u00e7\u0131x\u0131\u015f m\u00f6vcuddur<\/li>\r\n<\/ul>"}],"add_video_tab":[{"video_tab_title":"Video","add_video_id":[{"video_id":"EVC0Zwn1KSs"}]}],"add_gallery_tab":[{"gallery_tab_title":"\u015e\u0259kill\u0259r","add_img":[16736,16738,16740,16742]}],"add_price_tab":null,"science_title":"","science_id":null},"language":"az","_links":{"self":[{"href":"https:\/\/globecore.info\/az\/wp-json\/wp\/v2\/pages\/16674","targetHints":{"allow":["GET"]}}],"collection":[{"href":"https:\/\/globecore.info\/az\/wp-json\/wp\/v2\/pages"}],"about":[{"href":"https:\/\/globecore.info\/az\/wp-json\/wp\/v2\/types\/page"}],"author":[{"embeddable":true,"href":"https:\/\/globecore.info\/az\/wp-json\/wp\/v2\/users\/4"}],"replies":[{"embeddable":true,"href":"https:\/\/globecore.info\/az\/wp-json\/wp\/v2\/comments?post=16674"}],"version-history":[{"count":4,"href":"https:\/\/globecore.info\/az\/wp-json\/wp\/v2\/pages\/16674\/revisions"}],"predecessor-version":[{"id":17302,"href":"https:\/\/globecore.info\/az\/wp-json\/wp\/v2\/pages\/16674\/revisions\/17302"}],"up":[{"embeddable":true,"href":"https:\/\/globecore.info\/az\/wp-json\/wp\/v2\/pages\/16660"}],"wp:featuredmedia":[{"embeddable":true,"href":"https:\/\/globecore.info\/az\/wp-json\/wp\/v2\/media\/16062"}],"wp:attachment":[{"href":"https:\/\/globecore.info\/az\/wp-json\/wp\/v2\/media?parent=16674"}],"wp:term":[{"taxonomy":"category","embeddable":true,"href":"https:\/\/globecore.info\/az\/wp-json\/wp\/v2\/categories?post=16674"}],"curies":[{"name":"wp","href":"https:\/\/api.w.org\/{rel}","templated":true}]}}