{"id":16679,"date":"2018-05-22T17:01:12","date_gmt":"2018-05-22T13:01:12","guid":{"rendered":"https:\/\/globecore.info\/products\/termovakuumnaya-ochistka-masel\/degazatsionnaya-ustanovka-uvm-4-7\/"},"modified":"2024-03-18T10:51:55","modified_gmt":"2024-03-18T06:51:55","slug":"degazatsionnaya-ustanovka-uvm-4-7","status":"publish","type":"page","link":"https:\/\/globecore.info\/az\/products\/termovakuumnaya-ochistka-masel\/degazatsionnaya-ustanovka-uvm-4-7\/","title":{"rendered":"Transformator ya\u011f\u0131n\u0131n emal\u0131 \u00fc\u00e7\u00fcn qura\u015fd\u0131rma CMM-4\/7"},"content":{"rendered":"","protected":false},"excerpt":{"rendered":"","protected":false},"author":4,"featured_media":16223,"parent":16660,"menu_order":7,"comment_status":"closed","ping_status":"closed","template":"templates\/single-product.php","meta":{"_acf_changed":false,"footnotes":""},"categories":[],"class_list":["post-16679","page","type-page","status-publish","has-post-thumbnail","hentry"],"acf":{"add_tab":[{"tab_title":"T\u0259svir","tab_content":"<p style=\"text-align: justify;\"><strong>Transformator ya\u011f\u0131n\u0131n emal\u0131 \u00fc\u00e7\u00fcn qura\u015fd\u0131rma UVM-4\/7, <\/strong>1150 kv q\u0259d\u0259r g\u0259rginlikl\u0259 daxil olaraq g\u00fcc transformatorlara doldurulan transformator ya\u011f\u0131n\u0131n deqazasiya, qurutmas\u0131, mexaniki qat\u0131\u015f\u0131qlardan t\u0259mizl\u0259nm\u0259si v\u0259 ya\u011f\u0131n q\u0131zd\u0131rmas\u0131 \u00fc\u00e7\u00fcn n\u0259z\u0259rd\u0259 tutulmu\u015fdur .<\/p>\r\n<p style=\"text-align: justify;\">Qura\u015fd\u0131rma ya\u011fla doldurulmu\u015f elektrik aparatlar\u0131n\u0131n q\u0131zd\u0131rmas\u0131 \u00fc\u00e7\u00fcn isti transformator ya\u011f\u0131yla, transformatorun v\u0259 deqazasiyan\u0131n vakuum qurutmas\u0131 istifad\u0259 edilmi\u015f ola bil\u0259r. Qura\u015fd\u0131rma transformator ya\u011f\u0131n\u0131n emal\u0131yla m\u0259\u015f\u011ful olan montaj, t\u0259mir v\u0259 istismar t\u0259\u015fkilatlar\u0131nda t\u0259tbiq edilir.<\/p>\r\n<p style=\"text-align: justify;\">Qura\u015fd\u0131rma s\u00fcrtk\u00fc materiallar\u0131yla reaksiyaya partlay\u0131\u015f t\u0259hl\u00fck\u0259si olan, z\u0259h\u0259rl\u0259y\u0259n, daxil olan m\u00fchitl\u0259rd\u0259 i\u015f \u00fc\u00e7\u00fcn yararl\u0131 deyil.<\/p>\r\n<p style=\"text-align: justify;\">Ba\u011fl\u0131 yerl\u0259rd\u0259 qura\u015fd\u0131rman\u0131n t\u0259tbiqi zaman\u0131 boru k\u0259m\u0259rl\u0259rin vasit\u0259si il\u0259 atmosfer\u0259 \u00e7\u0259kil\u0259n qazlar\u0131n aparmas\u0131n\u0131 t\u0259min etm\u0259k laz\u0131md\u0131r..<\/p>\r\n<p style=\"text-align: justify;\">Qura\u015fd\u0131rma n\u00f6vb\u0259ti x\u00fcsusiyy\u0259tl\u0259ri olan mineral transformator ya\u011flar\u0131n\u0131 emal ed\u0259 bil\u0259r:<\/p>\r\n\r\n<ul style=\"text-align: justify;\">\r\n \t<li>kinematik qat\u0131l\u0131q, mm<sup>2<\/sup>\/s, 50 \u00b0\u0421 \u2013 2\u202612 zaman\u0131;<\/li>\r\n \t<li>20\u00b0\u0421 zaman\u0131 s\u0131xl\u0131q, kq\/<sup>kub<\/sup><sup>. \u2013 <\/sup>800\u2026950;<\/li>\r\n \t<li>Ya\u011f\u0131n k\u00fctl\u0259vi r\u00fctub\u0259ti, ppm, \u0259n \u00e7ox \u2013 100;<\/li>\r\n \t<li>ISO 4406 \u00fczr\u0259 s\u0259nay\u0259 t\u0259mizliyin sinfi, pis olmayraq\u2013 -\/19\/16.<\/li>\r\n<\/ul>\r\n<h2 style=\"text-align: center;\"><strong>Qurulu\u015fu<\/strong><\/h2>\r\n<p style=\"text-align: justify;\">Qura\u015fd\u0131rma bilavasit\u0259 vakuumun s\u00fctunundan, giri\u015f nasosundan, q\u0131zd\u0131r\u0131c\u0131dan, \u00e7\u0131x\u0131\u015f nasosundan, inc\u0259 t\u0259mizl\u0259m\u0259nin filtrind\u0259n, idar\u0259 etm\u0259 \u015fkaf\u0131ndan, ba\u011flay\u0131c\u0131 v\u0259 t\u0259nziml\u0259y\u0259n armaturayla boru k\u0259m\u0259rl\u0259rinin sisteml\u0259rind\u0259n, vakuum nasosundan ibar\u0259tdir. Parametrl\u0259rin kontrolu kontroller vasit\u0259sil\u0259 h\u0259yata ke\u00e7irilir. Sistemin b\u00fct\u00fcn parametrl\u0259ri sensor ekranda \u0259ks olunur.<\/p>\r\n\r\n<h2 style=\"text-align: center;\"><strong>\u0130\u015f rejimi<\/strong><\/h2>\r\n<p style=\"text-align: justify;\">\u018fsas ekranda qura\u015fd\u0131rman\u0131n \u0259sas i\u015f rejiml\u0259rini se\u00e7irl\u0259r:<\/p>\r\n\r\n<ul>\r\n \t<li style=\"text-align: justify;\">\"Deqazasiya\" rejimind\u0259 qura\u015fd\u0131rma avtomatik q\u0131z\u0131r v\u0259 q\u0131zandan sonra ya\u011f\u0131n deqazasiyas\u0131 rejimind\u0259 i\u015f\u0259 ba\u015flay\u0131r. Bu rejimd\u0259 ya\u011f verilmi\u015f temperatura q\u0259d\u0259r q\u0131z\u0131r, filtrasiya edilir, vakuumda deqazasiya edilir v\u0259 inc\u0259 filtrasiyadan sonra \u00e7\u0131x\u0131\u015fa y\u00f6n\u0259ldilir;<\/li>\r\n \t<li style=\"text-align: justify;\">\"Q\u0131zd\u0131rma v\u0259 filtrasiya\" rejimind\u0259 qura\u015fd\u0131rma vakuum s\u00fctununda deqazasiyas\u0131z ya\u011f\u0131 q\u0131zd\u0131r\u0131r v\u0259 filtrasiya edir;<\/li>\r\n \t<li style=\"text-align: justify;\">\"\u018fl\" rejimind\u0259 operatora qapaqlar\u0131n a\u00e7\u0131lmas\u0131 v\u0259 ba\u011flanmas\u0131, nasoslar\u0131n qo\u015fulub-s\u00f6nd\u00fcr\u00fclm\u0259si m\u00fcmk\u00fcnd\u00fcr. Bu rejimd\u0259 komponentl\u0259rin i\u015f qabiliyy\u0259tl\u0259ri \u00fczr\u0259 diaqnostika etm\u0259k olar<\/li>\r\n<\/ul>"}],"add_def_tab":[{"tab_title":"Spesifikasiyalar","tab_content":"<table width=\"602\">\r\n<thead>\r\n<tr>\r\n<td colspan=\"3\" width=\"537\">\r\n<p style=\"text-align: center;\"><strong>Parametrin ad\u0131<\/strong><\/p>\r\n<\/td>\r\n<td width=\"65\">\r\n<p style=\"text-align: center;\"><strong>G\u00f6st\u0259rici<\/strong><\/p>\r\n<\/td>\r\n<\/tr>\r\n<tr>\r\n<td colspan=\"4\" width=\"602\"><\/td>\r\n<\/tr>\r\n<tr>\r\n<td colspan=\"3\" width=\"537\">\r\n<p style=\"text-align: left;\"><em>1<\/em> M\u0259hsuldarl\u0131q, m<sup>3<\/sup>\/saat, \u0259n az\u0131<\/p>\r\n<\/td>\r\n<td width=\"65\">\r\n<p style=\"text-align: center;\"><strong><em>4<\/em><\/strong><\/p>\r\n<\/td>\r\n<\/tr>\r\n<tr>\r\n<td colspan=\"3\" width=\"537\">\r\n<p style=\"text-align: left;\"><em>2 <\/em>M\u0259hsuldarl\u0131\u011f\u0131n t\u0259nziml\u0259m\u0259 diapazonu, m<sup>3<\/sup> \/saat<\/p>\r\n<\/td>\r\n<td width=\"65\">\r\n<p style=\"text-align: center;\"><strong><em>0.5-4<\/em><\/strong><\/p>\r\n<\/td>\r\n<\/tr>\r\n<tr>\r\n<td colspan=\"4\" width=\"602\">\r\n<p style=\"text-align: left;\"><em>3*<\/em> emal edilmi\u015f ya\u011f\u0131n parametrl\u0259ri:<\/p>\r\n<\/td>\r\n<\/tr>\r\n<tr>\r\n<td colspan=\"2\" rowspan=\"6\" width=\"282\"><\/td>\r\n<td width=\"255\">\r\n<p style=\"text-align: left;\">\u2013 ya\u011f\u0131n h\u0259cmli qaz\u0131n saxlamas\u0131 %, \u0259n \u00e7ox<\/p>\r\n<\/td>\r\n<td width=\"65\">\r\n<p style=\"text-align: center;\"><strong><em>0,1<\/em><\/strong><\/p>\r\n<\/td>\r\n<\/tr>\r\n<tr>\r\n<td width=\"255\">\r\n<p style=\"text-align: left;\">\u2013 ya\u011f\u0131n k\u00fctl\u0259vi r\u00fct\u00fcb\u0259ti, ppm, \u0259n \u00e7ox<\/p>\r\n<\/td>\r\n<td width=\"65\">\r\n<p style=\"text-align: center;\"><strong><em>10<\/em><\/strong><\/p>\r\n<\/td>\r\n<\/tr>\r\n<tr>\r\n<td width=\"255\">\r\n<p style=\"text-align: left;\">\u2013 ISO 4406 \u00fczr\u0259 s\u0259nay\u0259 t\u0259mizliyin sinfi<\/p>\r\n<\/td>\r\n<td width=\"65\">\r\n<p style=\"text-align: center;\"><strong><em>-\/14\/12<\/em><\/strong><\/p>\r\n<\/td>\r\n<\/tr>\r\n<tr>\r\n<td width=\"255\">\r\n<p style=\"text-align: left;\">- mexaniki qat\u0131\u015f\u0131qlar\u0131 m\u00f6vcudlu\u011fu, q\/t, \u0259n \u00e7ox<\/p>\r\n<\/td>\r\n<td width=\"65\">\r\n<p style=\"text-align: center;\"><strong><em>8<\/em><\/strong><\/p>\r\n<\/td>\r\n<\/tr>\r\n<tr>\r\n<td width=\"255\">\r\n<p style=\"text-align: left;\">-filtrassiyan\u0131n inc\u0259liyi, mkm<\/p>\r\n<\/td>\r\n<td width=\"65\">\r\n<p style=\"text-align: center;\"><strong><em>5<\/em><\/strong><\/p>\r\n<\/td>\r\n<\/tr>\r\n<tr>\r\n<td width=\"255\">\r\n<p style=\"text-align: left;\">-de\u015f\u0259n c\u0259r\u0259yan, kV, \u0259n az\u0131<\/p>\r\n<\/td>\r\n<td width=\"65\">\r\n<p style=\"text-align: center;\"><strong><em>60<\/em><\/strong><\/p>\r\n<\/td>\r\n<\/tr>\r\n<tr>\r\n<td colspan=\"3\" width=\"537\">\r\n<p style=\"text-align: left;\"><em>4<\/em> Q\u0131z\u0131drma rejimind\u0259 ya\u011f\u0131n temperaturu, \u00ba\u0421<\/p>\r\n<\/td>\r\n<td width=\"65\">\r\n<p style=\"text-align: center;\"><strong><em>85<\/em><\/strong><\/p>\r\n<\/td>\r\n<\/tr>\r\n<tr>\r\n<td colspan=\"3\" width=\"537\">\r\n<p style=\"text-align: left;\"><em>5 <\/em>Filtrasiyan\u0131n \u0259msal\u0131<\/p>\r\n<\/td>\r\n<td width=\"65\">\r\n<p style=\"text-align: center;\"><strong><em>\u226550<\/em><\/strong><\/p>\r\n<\/td>\r\n<\/tr>\r\n<tr>\r\n<td colspan=\"3\" width=\"537\">\r\n<p style=\"text-align: left;\"><em>6<\/em> \u00c7\u0131x\u0131\u015fda t\u0259zyiq, bar<\/p>\r\n<\/td>\r\n<td width=\"65\">\r\n<p style=\"text-align: center;\"><strong><em>2<\/em><\/strong><\/p>\r\n<\/td>\r\n<\/tr>\r\n<tr>\r\n<td colspan=\"3\" width=\"537\">\r\n<p style=\"text-align: left;\"><em>7 <\/em>\u00c7\u0131x\u0131\u015f qol borusu \u00fczr\u0259 ya\u011f\u0131n verilm\u0259sinin h\u00fcnd\u00fcrl\u00fcy\u00fc, m<\/p>\r\n<\/td>\r\n<td width=\"65\">\r\n<p style=\"text-align: center;\"><strong><em>20<\/em><\/strong><\/p>\r\n<\/td>\r\n<\/tr>\r\n<tr>\r\n<td colspan=\"3\" width=\"537\">\r\n<p style=\"text-align: left;\"><em>8 <\/em>Ya\u011f q\u0131zd\u0131r\u0131c\u0131s\u0131n\u0131n g\u00fcc\u00fc, kVt<\/p>\r\n<\/td>\r\n<td width=\"65\">\r\n<p style=\"text-align: center;\"><strong><em>58<\/em><\/strong><\/p>\r\n<\/td>\r\n<\/tr>\r\n<tr>\r\n<td colspan=\"3\" width=\"537\">\r\n<p style=\"text-align: left;\"><em>9 <\/em>Ya\u011f\u0131n q\u0131zd\u0131r\u0131c\u0131s\u0131n\u0131n m\u00fc\u0259yy\u0259n s\u0259thi g\u00fcc\u00fc, Vt\/sm<sup>2<\/sup>, \u0259n \u00e7ox<\/p>\r\n<\/td>\r\n<td width=\"65\">&nbsp;\r\n<p style=\"text-align: center;\"><strong><em>1,15<\/em><\/strong><\/p>\r\n<\/td>\r\n<\/tr>\r\n<tr>\r\n<td colspan=\"3\" width=\"537\">\r\n<p style=\"text-align: left;\"><em>10<\/em> Maksimal s\u0259rf edil\u0259n g\u00fcc, kVt, \u0259n \u00e7ox<\/p>\r\n<\/td>\r\n<td width=\"65\">\r\n<p style=\"text-align: center;\"><strong><em>67<\/em><\/strong><\/p>\r\n<\/td>\r\n<\/tr>\r\n<tr>\r\n<td colspan=\"4\" width=\"602\">\r\n<p style=\"text-align: left;\"><em>11<\/em> Elektrik c\u0259r\u0259yan\u0131n parametrl\u0259ri<\/p>\r\n<\/td>\r\n<\/tr>\r\n<tr>\r\n<td rowspan=\"2\" width=\"26\"><\/td>\r\n<td colspan=\"2\" width=\"511\">\r\n<p style=\"text-align: left;\">\u2013 g\u0259rginlik, V<\/p>\r\n<\/td>\r\n<td width=\"65\">\r\n<p style=\"text-align: center;\"><strong><em>400<\/em><\/strong><\/p>\r\n<\/td>\r\n<\/tr>\r\n<tr>\r\n<td colspan=\"2\" width=\"511\">\r\n<p style=\"text-align: left;\">\u2013 d\u0259yi\u015f\u0259n tezlikl\u0259, Hs<\/p>\r\n<\/td>\r\n<td width=\"65\">\r\n<p style=\"text-align: center;\"><strong><em>50<\/em><\/strong><\/p>\r\n<\/td>\r\n<\/tr>\r\n<tr>\r\n<td colspan=\"4\" width=\"602\">\r\n<p style=\"text-align: left;\">Qabarit \u00f6l\u00e7\u00fcl\u0259r, mm, \u0259n \u00e7ox<\/p>\r\n<\/td>\r\n<\/tr>\r\n<tr>\r\n<td rowspan=\"3\" width=\"26\"><\/td>\r\n<td colspan=\"2\" width=\"511\">\r\n<p style=\"text-align: left;\">\u2013 uzunluq<\/p>\r\n<\/td>\r\n<td width=\"65\">\r\n<p style=\"text-align: center;\"><strong><em>2100<\/em><\/strong><\/p>\r\n<\/td>\r\n<\/tr>\r\n<tr>\r\n<td colspan=\"2\" width=\"511\">\r\n<p style=\"text-align: left;\">\u2013 h\u00fcnd\u00fcrl\u00fck<\/p>\r\n<\/td>\r\n<td width=\"65\">\r\n<p style=\"text-align: center;\"><strong><em>1700<\/em><\/strong><\/p>\r\n<\/td>\r\n<\/tr>\r\n<tr>\r\n<td colspan=\"2\" width=\"511\">\r\n<p style=\"text-align: left;\">\u2013 enlik<\/p>\r\n<\/td>\r\n<td width=\"65\">\r\n<p style=\"text-align: center;\"><strong><em>1250<\/em><\/strong><\/p>\r\n<\/td>\r\n<\/tr>\r\n<tr>\r\n<td colspan=\"3\" width=\"537\">\r\n<p style=\"text-align: left;\">\u00c7\u0259ki, kq, \u0259n \u00e7ox<\/p>\r\n<\/td>\r\n<td width=\"65\">\r\n<p style=\"text-align: center;\"><strong><em>1100<\/em><\/strong><\/p>\r\n<\/td>\r\n<\/tr>\r\n<\/thead>\r\n<\/table>\r\n<p style=\"text-align: justify;\"><strong><em>Qeyd<\/em><\/strong><strong><em> \u2013 <\/em><\/strong><em>*<\/em> Ya\u011f\u0131n ilkin parametrl\u0259rin\u0259 g\u00f6r\u0259:<\/p>\r\n\r\n<ul>\r\n \t<li style=\"text-align: justify;\">h\u0259cmli qaz\u0131n saxlamas\u0131 \u2013 \u0259n \u00e7ox 10,5%;<\/li>\r\n \t<li style=\"text-align: justify;\">k\u00fctl\u0259vi r\u00fct\u00fcb\u0259t \u2013 \u0259n \u00e7ox 0,01% (100 ppm);<\/li>\r\n \t<li style=\"text-align: justify;\">temperatur \u2013 \u0259n az\u0131 0 \u00ba\u0421<\/li>\r\n<\/ul>"},{"tab_title":"\u00dcst\u00fcnl\u00fckl\u0259r","tab_content":"<ul>\r\n \t<li style=\"text-align: justify;\">transformator ya\u011f\u0131n\u0131n susuzla\u015fd\u0131r\u0131lmas\u0131 \u00fc\u00e7\u00fcn adsorbentl\u0259rd\u0259n istifad\u0259 etm\u0259y\u0259 ehtiyac yoxdur;<\/li>\r\n \t<li style=\"text-align: justify;\">avadanl\u0131\u011f\u0131n istismar\u0131, saxlaman\u0131 v\u0259 emal\u0131 t\u0259l\u0259b ed\u0259n, havan\u0131n \u00e7irkl\u0259nm\u0259nin v\u0259 ya tullant\u0131lar\u0131n \u0259m\u0259l\u0259 g\u0259lm\u0259sin\u0259 s\u0259b\u0259b olmur;<\/li>\r\n \t<li style=\"text-align: justify;\">istismarda v\u0259 xidm\u0259td\u0259 sad\u0259lik;<\/li>\r\n \t<li style=\"text-align: justify;\">ya\u011f\u0131n h\u0259tta emal\u0131n bir d\u00f6vr\u00fcnd\u0259n sonra maksimal xarakteristikalar\u0131;<\/li>\r\n \t<li style=\"text-align: justify;\">a\u015fa\u011f\u0131 enerji istehlak\u0131;<\/li>\r\n \t<li style=\"text-align: justify;\">s\u0259s-k\u00fcy\u00fcn a\u015fa\u011f\u0131 s\u0259viyy\u0259si;<\/li>\r\n \t<li style=\"text-align: justify;\">qura\u015fd\u0131rman\u0131 qo\u015fmada rahat yerl\u0259\u015fdirm\u0259k v\u0259 transformatorun istismar\u0131n\u0131n yerind\u0259 istifad\u0259 etm\u0259k olar.<\/li>\r\n<\/ul>"}],"add_video_tab":[{"video_tab_title":"Video","add_video_id":[{"video_id":"ZbByP2dzxo0"}]}],"add_gallery_tab":[{"gallery_tab_title":"\u015e\u0259kill\u0259r","add_img":[10550,9099,9093,8255,6653,11266]}],"add_price_tab":null,"science_title":"","science_id":null},"language":"az","_links":{"self":[{"href":"https:\/\/globecore.info\/az\/wp-json\/wp\/v2\/pages\/16679","targetHints":{"allow":["GET"]}}],"collection":[{"href":"https:\/\/globecore.info\/az\/wp-json\/wp\/v2\/pages"}],"about":[{"href":"https:\/\/globecore.info\/az\/wp-json\/wp\/v2\/types\/page"}],"author":[{"embeddable":true,"href":"https:\/\/globecore.info\/az\/wp-json\/wp\/v2\/users\/4"}],"replies":[{"embeddable":true,"href":"https:\/\/globecore.info\/az\/wp-json\/wp\/v2\/comments?post=16679"}],"version-history":[{"count":4,"href":"https:\/\/globecore.info\/az\/wp-json\/wp\/v2\/pages\/16679\/revisions"}],"predecessor-version":[{"id":17304,"href":"https:\/\/globecore.info\/az\/wp-json\/wp\/v2\/pages\/16679\/revisions\/17304"}],"up":[{"embeddable":true,"href":"https:\/\/globecore.info\/az\/wp-json\/wp\/v2\/pages\/16660"}],"wp:featuredmedia":[{"embeddable":true,"href":"https:\/\/globecore.info\/az\/wp-json\/wp\/v2\/media\/16223"}],"wp:attachment":[{"href":"https:\/\/globecore.info\/az\/wp-json\/wp\/v2\/media?parent=16679"}],"wp:term":[{"taxonomy":"category","embeddable":true,"href":"https:\/\/globecore.info\/az\/wp-json\/wp\/v2\/categories?post=16679"}],"curies":[{"name":"wp","href":"https:\/\/api.w.org\/{rel}","templated":true}]}}