{"id":16683,"date":"2020-01-14T13:51:12","date_gmt":"2020-01-14T09:51:12","guid":{"rendered":"https:\/\/globecore.info\/products\/termovakuumnaya-ochistka-masel\/stantsiya-maslyanaya-mobilnaya-smm-6-7-2\/"},"modified":"2024-03-18T10:49:59","modified_gmt":"2024-03-18T06:49:59","slug":"stantsiya-maslyanaya-mobilnaya-smm-6-7-2","status":"publish","type":"page","link":"https:\/\/globecore.info\/az\/products\/termovakuumnaya-ochistka-masel\/stantsiya-maslyanaya-mobilnaya-smm-6-7-2\/","title":{"rendered":"Transformator ya\u011f\u0131n\u0131n emal\u0131 \u00fc\u00e7\u00fcn qura\u015fd\u0131rma CMM-6\/7"},"content":{"rendered":"","protected":false},"excerpt":{"rendered":"","protected":false},"author":4,"featured_media":16139,"parent":16660,"menu_order":2,"comment_status":"closed","ping_status":"closed","template":"templates\/single-product.php","meta":{"_acf_changed":false,"footnotes":""},"categories":[],"class_list":["post-16683","page","type-page","status-publish","has-post-thumbnail","hentry"],"acf":{"add_tab":[{"tab_title":"T\u0259svir","tab_content":"<p style=\"text-align: justify;\">UVM-6\/7 mexaniki qat\u0131\u015f\u0131qlardan t\u0259mizl\u0259m\u0259, elektrik qur\u011fular\u0131 hiss\u0259l\u0259rinin izolyasiya ya\u011flar\u0131n\u0131n suyundan t\u0259mizl\u0259m\u0259 \u00fc\u00e7\u00fcn n\u0259z\u0259rd\u0259 tutulmu\u015fdur, hans\u0131lar\u0131n ki, kinematika qat\u0131l\u0131\u011f\u0131 50\u00b0\u0421 temperatur zaman\u0131 70 mm\/s\u00b2 (sSt) \u00f6tm\u00fcr. UVM - 6\/7 ya\u011fla doldurulmu\u015f y\u00fcks\u0259kvoltlu avadanl\u0131\u011f\u0131n montaj\u0131, t\u0259miri v\u0259 istismar\u0131 vaxt\u0131 t\u0259tbiq edilir.<\/p>\r\n<p style=\"text-align: justify;\">Y\u00fcks\u0259k vakuumlu sisteml\u0259r deqazasiya, degidratasiya v\u0259 qazlar\u0131n aradan qald\u0131rmas\u0131 \u00fc\u00e7\u00fcn transformator ya\u011flar\u0131n\u0131n azad v\u0259 h\u0259ll elunmu\u015f su, b\u0259rk madd\u0259l\u0259rin filtrasiyas\u0131 m\u0259qs\u0259di il\u0259 istifad\u0259 olunur. Sistem 1150 kv (g\u00fcc transformatorlar\u0131, y\u00fcks\u0259kvoltlu s\u00f6nd\u00fcr\u0259nl\u0259r v\u0259 ba\u015fqalar\u0131) q\u0259d\u0259r g\u0259rginlikl\u0259 y\u00fcks\u0259kvoltlu ya\u011fla doldurulmu\u015f avadanl\u0131\u011f\u0131n qura\u015fd\u0131rma, t\u0259mir v\u0259\u00a0 i\u015f zaman\u0131 t\u0259tbiq edilir.<\/p>"}],"add_def_tab":[{"tab_title":"Spesifikasiyalar","tab_content":"<table width=\"602\">\r\n<thead>\r\n<tr>\r\n<td width=\"46\"><strong>\u2116<\/strong><\/td>\r\n<td colspan=\"2\" width=\"379\">\r\n<p style=\"text-align: center;\"><strong>Parametr<\/strong><\/p>\r\n<\/td>\r\n<td width=\"177\"><strong>G\u00f6st\u0259rici<\/strong><\/td>\r\n<\/tr>\r\n<tr>\r\n<td width=\"46\">1<\/td>\r\n<td colspan=\"3\" width=\"555\">\r\n<p style=\"text-align: left;\">M\u0259hsuldarl\u0131q, m <sup>3<\/sup> \/ saat<\/p>\r\n<\/td>\r\n<\/tr>\r\n<tr>\r\n<td width=\"46\"><strong>\u00a0<\/strong><\/td>\r\n<td rowspan=\"2\" width=\"259\"><strong>\u00a0<\/strong><\/td>\r\n<td width=\"120\">\r\n<p style=\"text-align: left;\">\u2013 deqazasiya, qurutma v\u0259 filtrasiya rejimi<\/p>\r\n<\/td>\r\n<td width=\"177\">\r\n<p style=\"text-align: center;\">2 \u2013 6<\/p>\r\n<\/td>\r\n<\/tr>\r\n<tr>\r\n<td width=\"46\"><\/td>\r\n<td width=\"120\">\r\n<p style=\"text-align: left;\">\u2013 q\u0131zd\u0131rma v\u0259 filtrasiya rejimi<\/p>\r\n<\/td>\r\n<td width=\"177\">\r\n<p style=\"text-align: center;\">2 \u2013 7<\/p>\r\n<\/td>\r\n<\/tr>\r\n<tr>\r\n<td width=\"46\">2<\/td>\r\n<td colspan=\"3\" width=\"555\">\r\n<p style=\"text-align: left;\"><em>*<\/em> Emal eddilmi\u015f ya\u011f\u0131n parametrl\u0259ri:<\/p>\r\n<\/td>\r\n<\/tr>\r\n<tr>\r\n<td width=\"46\"><strong>\u00a0<\/strong><\/td>\r\n<td rowspan=\"3\" width=\"259\"><strong>\u00a0<\/strong><\/td>\r\n<td width=\"120\">\r\n<p style=\"text-align: left;\">\u2013 qaz\u0131n saxlamas\u0131,% ob., \u0259n \u00e7ox<\/p>\r\n<\/td>\r\n<td width=\"177\">\r\n<p style=\"text-align: center;\">0,1<\/p>\r\n<\/td>\r\n<\/tr>\r\n<tr>\r\n<td width=\"46\"><\/td>\r\n<td width=\"120\">\r\n<p style=\"text-align: left;\">\u2013 suyun saxlamas\u0131, ppm, \u0259n \u00e7ox<\/p>\r\n<\/td>\r\n<td width=\"177\">\r\n<p style=\"text-align: center;\">10<\/p>\r\n<\/td>\r\n<\/tr>\r\n<tr>\r\n<td width=\"46\"><\/td>\r\n<td width=\"120\">\u2013ISO 4406 \u00fczr\u0259 t\u0259mizliyin sinfi<\/td>\r\n<td width=\"177\">\r\n<p style=\"text-align: center;\">16\/14\/12<\/p>\r\n<\/td>\r\n<\/tr>\r\n<tr>\r\n<td width=\"46\">3<\/td>\r\n<td colspan=\"2\" width=\"379\">Q\u0131zma rejimind\u0259 \u00e7\u0131x\u0131\u015fda ya\u011f\u0131n maksimal temperaturu, \u00ba\u0421<\/td>\r\n<td width=\"177\">\r\n<p style=\"text-align: center;\">90<\/p>\r\n<\/td>\r\n<\/tr>\r\n<tr>\r\n<td width=\"46\">4<\/td>\r\n<td colspan=\"2\" width=\"379\">\r\n<p style=\"text-align: left;\">\u00c7\u0131x\u0131\u015fda t\u0259zyiq, MPa<\/p>\r\n<\/td>\r\n<td width=\"177\">\r\n<p style=\"text-align: center;\">0,2<\/p>\r\n<\/td>\r\n<\/tr>\r\n<tr>\r\n<td width=\"46\">5<\/td>\r\n<td colspan=\"2\" width=\"379\">\r\n<p style=\"text-align: left;\">Q\u0131zd\u0131rc\u0131n\u0131n maksimal g\u00fcc\u00fc, kVt<\/p>\r\n<\/td>\r\n<td width=\"177\">\r\n<p style=\"text-align: center;\">115<\/p>\r\n<\/td>\r\n<\/tr>\r\n<tr>\r\n<td width=\"46\">6<\/td>\r\n<td colspan=\"2\" width=\"379\">\r\n<p style=\"text-align: left;\">Maksimal s\u0259rd edil\u0259n g\u00fcc, kVt<\/p>\r\n<\/td>\r\n<td width=\"177\">\r\n<p style=\"text-align: center;\">130<\/p>\r\n<\/td>\r\n<\/tr>\r\n<tr>\r\n<td width=\"46\">7<\/td>\r\n<td colspan=\"2\" width=\"379\">\r\n<p style=\"text-align: left;\">Deqazasiya \u00fc\u00e7\u00fcn vakuum kameras\u0131nda qal\u0131q t\u0259zyiq, Pa, \u0259n \u00e7ox<\/p>\r\n<\/td>\r\n<td width=\"177\">\r\n<p style=\"text-align: center;\">267<\/p>\r\n<\/td>\r\n<\/tr>\r\n<tr>\r\n<td width=\"46\">8<\/td>\r\n<td colspan=\"2\" width=\"379\">\r\n<p style=\"text-align: left;\">Germetikliyin s\u0131na\u011f\u0131 \u00fc\u00e7\u00fcn vakuum kameras\u0131nda qal\u0131q t\u0259zyiq, Pa, \u0259n \u00e7ox<\/p>\r\n<\/td>\r\n<td width=\"177\">\r\n<p style=\"text-align: center;\">26,7<\/p>\r\n<\/td>\r\n<\/tr>\r\n<tr>\r\n<td width=\"46\">9<\/td>\r\n<td colspan=\"2\" width=\"379\">\r\n<p style=\"text-align: left;\">1 bir saat \u0259rzind\u0259 germetikliy\u0259 s\u0131naq \u00fc\u00e7\u00fcn vakuum kameras\u0131nda maksimal doldurulmas\u0131, Pa<\/p>\r\n<\/td>\r\n<td width=\"177\">\r\n<p style=\"text-align: center;\">267<\/p>\r\n<\/td>\r\n<\/tr>\r\n<tr>\r\n<td width=\"46\">10<\/td>\r\n<td colspan=\"3\" width=\"555\">\r\n<p style=\"text-align: left;\">Qida m\u0259nb\u0259yi<\/p>\r\n<\/td>\r\n<\/tr>\r\n<tr>\r\n<td width=\"46\"><strong>\u00a0<\/strong><\/td>\r\n<td rowspan=\"2\" width=\"259\"><strong>\u00a0<\/strong><\/td>\r\n<td width=\"120\">\r\n<p style=\"text-align: left;\">\u2013 g\u0259rginlik, V<\/p>\r\n<\/td>\r\n<td width=\"177\">\r\n<p style=\"text-align: center;\">400<\/p>\r\n<\/td>\r\n<\/tr>\r\n<tr>\r\n<td width=\"46\"><\/td>\r\n<td width=\"120\">\r\n<p style=\"text-align: left;\">\u2013 tezlik, Hs<\/p>\r\n<\/td>\r\n<td width=\"177\">\r\n<p style=\"text-align: center;\">50<\/p>\r\n<\/td>\r\n<\/tr>\r\n<tr>\r\n<td width=\"46\">11<\/td>\r\n<td colspan=\"3\" width=\"555\">\r\n<p style=\"text-align: left;\">Qabarit \u00f6l\u00e7\u00fcl\u0259r, mm<\/p>\r\n<\/td>\r\n<\/tr>\r\n<tr>\r\n<td width=\"46\"><strong>\u00a0<\/strong><\/td>\r\n<td rowspan=\"3\" width=\"259\"><strong>\u00a0<\/strong><\/td>\r\n<td width=\"120\">\r\n<p style=\"text-align: left;\">\u2013 uzunluq<\/p>\r\n<\/td>\r\n<td width=\"177\">\r\n<p style=\"text-align: center;\">3750<\/p>\r\n<\/td>\r\n<\/tr>\r\n<tr>\r\n<td width=\"46\"><\/td>\r\n<td width=\"120\">\r\n<p style=\"text-align: left;\">\u2013 h\u00fcnd\u00fcrl\u00fck<\/p>\r\n<\/td>\r\n<td width=\"177\">\r\n<p style=\"text-align: center;\">2110<\/p>\r\n<\/td>\r\n<\/tr>\r\n<tr>\r\n<td width=\"46\"><\/td>\r\n<td width=\"120\">\r\n<p style=\"text-align: left;\">\u2013 enlik<\/p>\r\n<\/td>\r\n<td width=\"177\">\r\n<p style=\"text-align: center;\">2150<\/p>\r\n<\/td>\r\n<\/tr>\r\n<tr>\r\n<td width=\"46\">12<\/td>\r\n<td colspan=\"2\" width=\"379\">\r\n<p style=\"text-align: left;\">\u00c7\u0259ki (kq)<\/p>\r\n<\/td>\r\n<td width=\"177\">\r\n<p style=\"text-align: center;\">2000<\/p>\r\n<\/td>\r\n<\/tr>\r\n<\/thead>\r\n<\/table>\r\n<p style=\"text-align: justify;\"><strong>* Qeyd<\/strong> \u2013 Ya\u011f\u0131n keyfiyy\u0259tinin ilkin parametrl\u0259ri:<\/p>\r\n\r\n<ul>\r\n \t<li style=\"text-align: justify;\">qaz\u0131n saxlamas\u0131: \u0259n \u00e7ox 10,5% ob.<\/li>\r\n \t<li style=\"text-align: justify;\">suyun saxlamas\u0131: \u0259n \u00e7ox 0,005% (50 q\/t)<\/li>\r\n \t<li style=\"text-align: justify;\">temperatur: 0 \u00ba\u0421-d\u0259n y\u00fcks\u0259k<\/li>\r\n<\/ul>"},{"tab_title":"\u00dcst\u00fcnl\u00fckl\u0259r","tab_content":"<ul>\r\n \t<li style=\"text-align: justify;\">transformator ya\u011f\u0131n\u0131n susuzla\u015fd\u0131r\u0131lmas\u0131 \u00fc\u00e7\u00fcn adsorbentl\u0259rd\u0259n istifad\u0259 etm\u0259y\u0259 ehtiyac yoxdur;<\/li>\r\n \t<li style=\"text-align: justify;\">avadanl\u0131\u011f\u0131n istismar\u0131, saxlaman\u0131 v\u0259 emal\u0131 t\u0259l\u0259b ed\u0259n, havan\u0131n \u00e7irkl\u0259nm\u0259nin v\u0259 ya tullant\u0131lar\u0131n \u0259m\u0259l\u0259 g\u0259lm\u0259sin\u0259 s\u0259b\u0259b olmur;<\/li>\r\n \t<li style=\"text-align: justify;\">istismarda v\u0259 xidm\u0259td\u0259 sad\u0259lik;<\/li>\r\n \t<li style=\"text-align: justify;\">ya\u011f\u0131n h\u0259tta emal\u0131n bir d\u00f6vr\u00fcnd\u0259n sonra maksimal xarakteristikalar\u0131;<\/li>\r\n \t<li style=\"text-align: justify;\">a\u015fa\u011f\u0131 enerji istehlak\u0131;<\/li>\r\n \t<li style=\"text-align: justify;\">s\u0259s-k\u00fcy\u00fcn a\u015fa\u011f\u0131 s\u0259viyy\u0259si;<\/li>\r\n \t<li style=\"text-align: justify;\">qura\u015fd\u0131rman\u0131 qo\u015fmada rahat yerl\u0259\u015fdirm\u0259k v\u0259 transformatorun istismar\u0131n\u0131n yerind\u0259 istifad\u0259 etm\u0259k olar.<\/li>\r\n<\/ul>"}],"add_video_tab":[{"video_tab_title":"Video","add_video_id":[{"video_id":"z1YRUFGGIqI"}]}],"add_gallery_tab":[{"gallery_tab_title":"\u015e\u0259kill\u0259r","add_img":[12849,12850,12851,12852,12853]}],"add_price_tab":null,"science_title":"","science_id":null},"language":"az","_links":{"self":[{"href":"https:\/\/globecore.info\/az\/wp-json\/wp\/v2\/pages\/16683","targetHints":{"allow":["GET"]}}],"collection":[{"href":"https:\/\/globecore.info\/az\/wp-json\/wp\/v2\/pages"}],"about":[{"href":"https:\/\/globecore.info\/az\/wp-json\/wp\/v2\/types\/page"}],"author":[{"embeddable":true,"href":"https:\/\/globecore.info\/az\/wp-json\/wp\/v2\/users\/4"}],"replies":[{"embeddable":true,"href":"https:\/\/globecore.info\/az\/wp-json\/wp\/v2\/comments?post=16683"}],"version-history":[{"count":3,"href":"https:\/\/globecore.info\/az\/wp-json\/wp\/v2\/pages\/16683\/revisions"}],"predecessor-version":[{"id":17301,"href":"https:\/\/globecore.info\/az\/wp-json\/wp\/v2\/pages\/16683\/revisions\/17301"}],"up":[{"embeddable":true,"href":"https:\/\/globecore.info\/az\/wp-json\/wp\/v2\/pages\/16660"}],"wp:featuredmedia":[{"embeddable":true,"href":"https:\/\/globecore.info\/az\/wp-json\/wp\/v2\/media\/16139"}],"wp:attachment":[{"href":"https:\/\/globecore.info\/az\/wp-json\/wp\/v2\/media?parent=16683"}],"wp:term":[{"taxonomy":"category","embeddable":true,"href":"https:\/\/globecore.info\/az\/wp-json\/wp\/v2\/categories?post=16683"}],"curies":[{"name":"wp","href":"https:\/\/api.w.org\/{rel}","templated":true}]}}