{"id":16690,"date":"2015-06-12T12:51:50","date_gmt":"2015-06-12T08:51:50","guid":{"rendered":"https:\/\/globecore.info\/products\/termovakuumnaya-ochistka-masel\/ustanovka-degazatsionnaya-uvm-10-10\/"},"modified":"2024-03-18T10:53:09","modified_gmt":"2024-03-18T06:53:09","slug":"ustanovka-degazatsionnaya-uvm-10-10","status":"publish","type":"page","link":"https:\/\/globecore.info\/az\/products\/termovakuumnaya-ochistka-masel\/ustanovka-degazatsionnaya-uvm-10-10\/","title":{"rendered":"Transformator ya\u011f\u0131n\u0131n emal\u0131 \u00fc\u00e7\u00fcn qura\u015fd\u0131rma CMM-10"},"content":{"rendered":"","protected":false},"excerpt":{"rendered":"","protected":false},"author":3,"featured_media":15876,"parent":16660,"menu_order":12,"comment_status":"closed","ping_status":"closed","template":"templates\/single-product.php","meta":{"_acf_changed":false,"footnotes":""},"categories":[],"class_list":["post-16690","page","type-page","status-publish","has-post-thumbnail","hentry"],"acf":{"add_tab":[{"tab_title":"T\u0259svir","tab_content":"<div class=\"entry-content\">\r\n<div class=\"dynamic-col-1\">\r\n<p style=\"text-align: justify;\">UVM-10 mexaniki qat\u0131\u015f\u0131qlardan t\u0259mizl\u0259m\u0259, elektrik qur\u011fular\u0131 hiss\u0259l\u0259rinin izolyasiya ya\u011flar\u0131n\u0131n suyundan t\u0259mizl\u0259m\u0259 \u00fc\u00e7\u00fcn n\u0259z\u0259rd\u0259 tutulmu\u015fdur, hans\u0131lar\u0131n ki, kinematika qat\u0131l\u0131\u011f\u0131 50\u00b0\u0421 temperatur zaman\u0131 70 mm\/s\u00b2 (sSt) \u00f6tm\u00fcr.<\/p>\r\n<p style=\"text-align: justify;\">Qura\u015fd\u0131rma ya\u011fla doldurulmu\u015f y\u00fcks\u0259kvoltlu avadanl\u0131\u011f\u0131n (g\u00fcc transformatorlar\u0131, y\u00fcks\u0259kvoltlu s\u00f6nd\u00fcr\u00fcc\u00fcl\u0259r v\u0259 ba\u015fqalar\u0131) montaj\u0131, t\u0259miri v\u0259 istismar\u0131 zaman\u0131 istifad\u0259 olunur. Qura\u015fd\u0131rma bilavasit\u0259 q\u0131f\u0131la ba\u011flanan balaca qap\u0131larla metal konteyner karkasl\u0131 konstruksiyan\u0131 t\u0259\u015fkil edir.<\/p>\r\n\r\n<\/div>\r\n<div class=\"dynamic-col-3\">\r\n<p style=\"text-align: justify;\"><\/p>\r\n\r\n<\/div>\r\n<\/div>"}],"add_def_tab":[{"tab_title":"Spesifikasiyalar","tab_content":"<table width=\"602\">\r\n<thead>\r\n<tr>\r\n<td colspan=\"4\" width=\"563\">\r\n<p style=\"text-align: center;\"><strong>Parametrin ad\u0131<\/strong><\/p>\r\n<\/td>\r\n<td width=\"38\">\r\n<p style=\"text-align: center;\"><strong>G\u00f6st\u0259rici<\/strong><\/p>\r\n<\/td>\r\n<\/tr>\r\n<tr>\r\n<td colspan=\"5\" width=\"602\">\r\n<p style=\"text-align: left;\">M\u0259hsuldarl\u0131q, m<sup>3<\/sup>\/saat, maksimal<\/p>\r\n<\/td>\r\n<\/tr>\r\n<tr>\r\n<td colspan=\"3\" rowspan=\"2\" width=\"384\"><\/td>\r\n<td width=\"179\">\u2013 deqazasiya, qurutma v\u0259 filtrasiya rejimind\u0259<\/td>\r\n<td width=\"38\">\r\n<p style=\"text-align: center;\"><strong><em>10<\/em><\/strong><\/p>\r\n<\/td>\r\n<\/tr>\r\n<tr>\r\n<td width=\"179\">\u2013 q\u0131z\u0131drma v\u0259 filtrasiya rejimind\u0259<\/td>\r\n<td width=\"38\">\r\n<p style=\"text-align: center;\"><strong><em>15<\/em><\/strong><\/p>\r\n<\/td>\r\n<\/tr>\r\n<tr>\r\n<td colspan=\"5\" width=\"602\">\r\n<p style=\"text-align: left;\"><em>*<\/em> Emal edilmi\u015f ya\u011f\u0131n parametrl\u0259ri:<\/p>\r\n<\/td>\r\n<\/tr>\r\n<tr>\r\n<td colspan=\"2\" rowspan=\"3\" width=\"204\"><\/td>\r\n<td colspan=\"2\" width=\"360\">\u2013 ya\u011f\u0131n h\u0259cmli qaz\u0131n saxlamas\u0131 %, \u0259n \u00e7ox<\/td>\r\n<td width=\"38\">\r\n<p style=\"text-align: center;\"><strong><em>0,1<\/em><\/strong><\/p>\r\n<\/td>\r\n<\/tr>\r\n<tr>\r\n<td colspan=\"2\" width=\"360\">\u2013 ya\u011f\u0131n k\u00fctl\u0259vi r\u00fctub\u0259ti, q\/t, \u0259n \u00e7ox<\/td>\r\n<td width=\"38\">\r\n<p style=\"text-align: center;\"><strong><em>5<\/em><\/strong><\/p>\r\n<\/td>\r\n<\/tr>\r\n<tr>\r\n<td colspan=\"2\" width=\"360\">\u2013 ISO 4406 \u00fczr\u0259 s\u0259nay\u0259 t\u0259mizliyin sinfi<\/td>\r\n<td width=\"38\">\r\n<p style=\"text-align: center;\"><strong><em>9<\/em><\/strong><\/p>\r\n<\/td>\r\n<\/tr>\r\n<tr>\r\n<td colspan=\"4\" width=\"563\">\r\n<p style=\"text-align: left;\">Q\u0131zd\u0131rma rejimind\u0259 \u00e7\u0131x\u0131\u015fda ya\u011f\u0131n maksimal temperaturu, \u00ba\u0421<\/p>\r\n<\/td>\r\n<td width=\"38\">\r\n<p style=\"text-align: center;\"><strong><em>90<\/em><\/strong><\/p>\r\n<\/td>\r\n<\/tr>\r\n<tr>\r\n<td colspan=\"4\" width=\"563\">\r\n<p style=\"text-align: left;\">\u00c7\u0131x\u0131\u015fda t\u0259zyiq, MPa<\/p>\r\n<\/td>\r\n<td width=\"38\">\r\n<p style=\"text-align: center;\"><strong><em>0,2<\/em><\/strong><\/p>\r\n<\/td>\r\n<\/tr>\r\n<tr>\r\n<td colspan=\"4\" width=\"563\">\r\n<p style=\"text-align: left;\">Ya\u011f q\u0131zd\u0131r\u0131c\u0131s\u0131n\u0131n g\u00fcc\u00fc, kVt, \u0259n \u00e7ox<\/p>\r\n<\/td>\r\n<td width=\"38\">\r\n<p style=\"text-align: center;\"><strong><em>150<\/em><\/strong><\/p>\r\n<\/td>\r\n<\/tr>\r\n<tr>\r\n<td colspan=\"4\" width=\"563\">\r\n<p style=\"text-align: left;\">Maksimal s\u0259rf edil\u0259n g\u00fcc, kVt, \u0259n \u00e7ox<\/p>\r\n<\/td>\r\n<td width=\"38\">\r\n<p style=\"text-align: center;\"><strong><em>170<\/em><\/strong><\/p>\r\n<\/td>\r\n<\/tr>\r\n<tr>\r\n<td colspan=\"4\" width=\"563\">\r\n<p style=\"text-align: left;\">Deqazasiya prosessi zaman\u0131 vakuum s\u00fctununda qal\u0131q t\u0259zyiq, Pa, \u0259n \u00e7ox<\/p>\r\n<\/td>\r\n<td width=\"38\">\r\n<p style=\"text-align: center;\"><strong><em>267<\/em><\/strong><\/p>\r\n<\/td>\r\n<\/tr>\r\n<tr>\r\n<td colspan=\"4\" width=\"563\">\r\n<p style=\"text-align: left;\">Germetikliy\u0259 yoxlama zaman\u0131 vakuum s\u00fctununda qal\u0131q t\u0259zyiq, Pa, \u0259n \u00e7ox<\/p>\r\n<\/td>\r\n<td width=\"38\">\r\n<p style=\"text-align: center;\"><strong><em>26,7<\/em><\/strong><\/p>\r\n<\/td>\r\n<\/tr>\r\n<tr>\r\n<td colspan=\"4\" width=\"563\">\r\n<p style=\"text-align: left;\"><strong><em>1 <\/em><\/strong>saat \u0259rzind\u0259 vakuum s\u0131xl\u0131\u011f\u0131 \u00fczr\u0259 yoxlama zaman\u0131 t\u00f6k\u00fclm\u0259si, Pa \u0259n \u00e7ox:<\/p>\r\n<\/td>\r\n<td width=\"38\">\r\n<p style=\"text-align: center;\"><strong><em>267<\/em><\/strong><\/p>\r\n<\/td>\r\n<\/tr>\r\n<tr>\r\n<td colspan=\"5\" width=\"602\">\r\n<p style=\"text-align: left;\">Elektrik c\u0259r\u0259yan\u0131n parametrl\u0259ri<\/p>\r\n<\/td>\r\n<\/tr>\r\n<tr>\r\n<td rowspan=\"2\" width=\"20\"><\/td>\r\n<td colspan=\"3\" width=\"543\">\r\n<p style=\"text-align: left;\">\u2013 g\u0259rginlik, V<\/p>\r\n<\/td>\r\n<td width=\"38\">\r\n<p style=\"text-align: center;\"><strong><em>380<\/em><\/strong><\/p>\r\n<\/td>\r\n<\/tr>\r\n<tr>\r\n<td colspan=\"3\" width=\"543\">\r\n<p style=\"text-align: left;\">\u2013 d\u0259yi\u015f\u0259n tezlikl\u0259, Hs<\/p>\r\n<\/td>\r\n<td width=\"38\">\r\n<p style=\"text-align: center;\"><strong><em>50<\/em><\/strong><\/p>\r\n<\/td>\r\n<\/tr>\r\n<tr>\r\n<td colspan=\"5\" width=\"602\">\r\n<p style=\"text-align: left;\">Qabarit \u00f6l\u00e7\u00fcl\u0259r, mm \u0259n \u00e7ox<\/p>\r\n<\/td>\r\n<\/tr>\r\n<tr>\r\n<td rowspan=\"3\" width=\"20\"><\/td>\r\n<td colspan=\"3\" width=\"543\">\r\n<p style=\"text-align: left;\">\u2013 uzunluq<\/p>\r\n<\/td>\r\n<td width=\"38\">\r\n<p style=\"text-align: center;\"><strong><em>2800<\/em><\/strong><\/p>\r\n<\/td>\r\n<\/tr>\r\n<tr>\r\n<td colspan=\"3\" width=\"543\">\r\n<p style=\"text-align: left;\">\u2013 h\u00fcnd\u00fcrl\u00fck<\/p>\r\n<\/td>\r\n<td width=\"38\">\r\n<p style=\"text-align: center;\"><strong><em>1600<\/em><\/strong><\/p>\r\n<\/td>\r\n<\/tr>\r\n<tr>\r\n<td colspan=\"3\" width=\"543\">\r\n<p style=\"text-align: left;\">\u2013 enlik<\/p>\r\n<\/td>\r\n<td width=\"38\">\r\n<p style=\"text-align: center;\"><strong><em>1700<\/em><\/strong><\/p>\r\n<\/td>\r\n<\/tr>\r\n<tr>\r\n<td style=\"text-align: left;\" colspan=\"4\" width=\"563\">\u00c7\u0259ki, kq, \u0259n \u00e7ox<\/td>\r\n<td width=\"38\"><strong><em>2300<\/em><\/strong><\/td>\r\n<\/tr>\r\n<\/thead>\r\n<\/table>"},{"tab_title":"\u00dcst\u00fcnl\u00fckl\u0259r","tab_content":"<ul>\r\n \t<li style=\"text-align: justify;\">transformator ya\u011f\u0131n\u0131n de\u015fm\u0259 g\u0259rginliyinin art\u0131m\u0131 \u0259n az\u0131 70 kv q\u0259d\u0259r;<\/li>\r\n \t<li style=\"text-align: justify;\">ya\u011f\u0131n eyni zamanda emal\u0131yla transformatorlar\u0131n qurutmas\u0131;<\/li>\r\n \t<li style=\"text-align: justify;\">izolyasiya ya\u011f\u0131 il\u0259 elektrik aparatlar\u0131n\u0131n birinci doldurulmas\u0131;<\/li>\r\n \t<li style=\"text-align: justify;\">transformatorlar\u0131n v\u0259 ba\u015fqa elektrik aparaturas\u0131n\u0131n deqazasiyas\u0131;<\/li>\r\n \t<li style=\"text-align: justify;\">idar\u0259 etm\u0259d\u0259 y\u00fcng\u00fcll\u00fck v\u0259 xidm\u0259tin sad\u0259liyi<\/li>\r\n<\/ul>"}],"add_video_tab":[{"video_tab_title":"Video","add_video_id":[{"video_id":"PoB89hX1tHk"}]}],"add_gallery_tab":[{"gallery_tab_title":"\u015e\u0259kill\u0259r","add_img":[16757,16759,16761,16763]}],"add_price_tab":null,"science_title":"","science_id":null},"language":"az","_links":{"self":[{"href":"https:\/\/globecore.info\/az\/wp-json\/wp\/v2\/pages\/16690","targetHints":{"allow":["GET"]}}],"collection":[{"href":"https:\/\/globecore.info\/az\/wp-json\/wp\/v2\/pages"}],"about":[{"href":"https:\/\/globecore.info\/az\/wp-json\/wp\/v2\/types\/page"}],"author":[{"embeddable":true,"href":"https:\/\/globecore.info\/az\/wp-json\/wp\/v2\/users\/3"}],"replies":[{"embeddable":true,"href":"https:\/\/globecore.info\/az\/wp-json\/wp\/v2\/comments?post=16690"}],"version-history":[{"count":4,"href":"https:\/\/globecore.info\/az\/wp-json\/wp\/v2\/pages\/16690\/revisions"}],"predecessor-version":[{"id":17305,"href":"https:\/\/globecore.info\/az\/wp-json\/wp\/v2\/pages\/16690\/revisions\/17305"}],"up":[{"embeddable":true,"href":"https:\/\/globecore.info\/az\/wp-json\/wp\/v2\/pages\/16660"}],"wp:featuredmedia":[{"embeddable":true,"href":"https:\/\/globecore.info\/az\/wp-json\/wp\/v2\/media\/15876"}],"wp:attachment":[{"href":"https:\/\/globecore.info\/az\/wp-json\/wp\/v2\/media?parent=16690"}],"wp:term":[{"taxonomy":"category","embeddable":true,"href":"https:\/\/globecore.info\/az\/wp-json\/wp\/v2\/categories?post=16690"}],"curies":[{"name":"wp","href":"https:\/\/api.w.org\/{rel}","templated":true}]}}