{"id":16696,"date":"2016-02-25T12:58:51","date_gmt":"2016-02-25T08:58:51","guid":{"rendered":"https:\/\/globecore.info\/products\/termovakuumnaya-ochistka-masel\/sistema-bezopasnogo-podklyucheniya-mas\/"},"modified":"2024-03-18T10:49:18","modified_gmt":"2024-03-18T06:49:18","slug":"sistema-bezopasnogo-podklyucheniya-mas","status":"publish","type":"page","link":"https:\/\/globecore.info\/az\/products\/termovakuumnaya-ochistka-masel\/sistema-bezopasnogo-podklyucheniya-mas\/","title":{"rendered":"Transformator T\u0259hl\u00fck\u0259sizlik Sistemi TSS"},"content":{"rendered":"","protected":false},"excerpt":{"rendered":"","protected":false},"author":4,"featured_media":16302,"parent":16660,"menu_order":0,"comment_status":"closed","ping_status":"closed","template":"templates\/single-product.php","meta":{"_acf_changed":false,"footnotes":""},"categories":[],"class_list":["post-16696","page","type-page","status-publish","has-post-thumbnail","hentry"],"acf":{"add_tab":[{"tab_title":"T\u0259svir","tab_content":"Elektrik qur\u011fular\u0131 hiss\u0259l\u0259rinin izolyasiya ya\u011flar\u0131n\u0131n emal prosesl\u0259rinin t\u0259hl\u00fck\u0259sizliyinin art\u0131m\u0131 \u00fc\u00e7\u00fcn <strong><em>GlobeCore<\/em><\/strong> \u015firk\u0259ti SSS tipli transformatoruna ya\u011f t\u0259mizl\u0259y\u0259n qura\u015fd\u0131rmalar\u0131n qo\u015fulma sisteml\u0259rind\u0259n istifad\u0259 etm\u0259yi t\u0259klif edir. Bu avadanl\u0131q elektrik enerjisi sah\u0259sinin m\u00fc\u0259ssis\u0259l\u0259ri t\u0259r\u0259find\u0259n t\u0259tbiq edil\u0259 bil\u0259r, h\u0259m\u00e7inin ya\u011fla doldurulmu\u015f avadanl\u0131\u011f\u0131n t\u0259mirini h\u0259yata ke\u00e7irir\u0259n t\u0259\u015fkilatlar t\u0259r\u0259find\u0259n.\r\n<h2><strong>TSS m\u00fchafiz\u0259 sisteminin \u00e7atd\u0131r\u0131lmas\u0131n\u0131n standart komplekti:<\/strong><\/h2>\r\n<ul>\r\n \t<li>qapaqlarla iki \u00e7arpaz;<\/li>\r\n \t<li>ya\u011f s\u0259viyy\u0259sinin g\u00f6st\u0259ricisi;<\/li>\r\n \t<li>kabell\u0259rin d\u0259sti;<\/li>\r\n \t<li>idar\u0259 etm\u0259 \u015fkaf\u0131.<\/li>\r\n<\/ul>\r\n<h2><strong>TSS sisteminin vasit\u0259sil\u0259 transformatora qo\u015fmaq olar<\/strong><strong>:<\/strong><\/h2>\r\n<ul>\r\n \t<li>transformator ya\u011flar\u0131n\u0131n filtrasiyas\u0131n\u0131n qura\u015fd\u0131r\u0131lmalar\u0131;<\/li>\r\n \t<li>transformator ya\u011flar\u0131n\u0131n deqazasiyas\u0131n\u0131n qura\u015fd\u0131r\u0131lmalar\u0131;<\/li>\r\n \t<li>transformator ya\u011flar\u0131n\u0131n qurutmas\u0131n\u0131n qura\u015fd\u0131r\u0131lmalar\u0131.<\/li>\r\n<\/ul>\r\nYa\u011f t\u0259mizl\u0259y\u0259n qura\u015fd\u0131rman\u0131n transformatora qo\u015fulmas\u0131 yuxar\u0131 v\u0259 alt \u015fl\u00fcz vasit\u0259sil\u0259 h\u0259yata ke\u00e7irilir. H\u0259r \u015fl\u00fcz x\u00fcsusi avtomatla\u015fd\u0131r\u0131lm\u0131\u015f qapa\u011fa m\u0259xsusdur, hans\u0131 ki, q\u0259za v\u0259ziyy\u0259tinin yaranmas\u0131 vaxt\u0131, m\u0259s\u0259l\u0259n, elektrik qur\u011fular\u0131 hiss\u0259l\u0259rinin izolyasiya ya\u011f\u0131n\u0131n itm\u0259si, transformatoru qura\u015fd\u0131rmadan s\u00f6nd\u00fcr\u00fcr.\r\n\r\n\u0130\u015fin ba\u015flan\u011f\u0131c\u0131na q\u0259d\u0259r operator transformatorun \u00e7\u0259nind\u0259 ya\u011f\u0131n yuxar\u0131 v\u0259 alt s\u0259viyy\u0259sini ver\u0259 bil\u0259r. G\u00f6st\u0259ril\u0259n m\u0259nalar\u0131n h\u00fcdudlar\u0131ndan \u00e7\u0131xmas\u0131 zaman\u0131 s\u0259viyy\u0259nin t\u0259nzim\u00e7isi transformatorun v\u0259 ya\u011f t\u0259mizl\u0259y\u0259n avadanl\u0131\u011f\u0131n s\u00f6nd\u00fcr\u00fclm\u0259sin\u0259 komandan\u0131 ver\u0259c\u0259k.\r\n\r\nBirl\u0259\u015fdirici \u015flanqlara havan\u0131n d\u00fc\u015fm\u0259si hal\u0131nda havan\u0131n bo\u015faldd\u0131lmas\u0131 qapa\u011f\u0131 qo\u015fulur, bu transformatorun qaz relesinin yanl\u0131\u015f i\u015fl\u0259m\u0259l\u0259rini istisna etm\u0259y\u0259 icaz\u0259 verir.\r\n\r\nElektrik izolyasiya ya\u011flar\u0131n\u0131n t\u0259mizl\u0259m\u0259si v\u0259 regenerasiyas\u0131 \u2013 g\u00fcc transformatorlar\u0131n\u0131n etibarl\u0131l\u0131\u011f\u0131n art\u0131m\u0131na v\u0259 xidm\u0259t m\u00fcdd\u0259tinin uzad\u0131lmas\u0131na y\u00f6n\u0259ldilmi\u015f t\u0259dbirl\u0259rin \u0259h\u0259miyy\u0259tli v\u0259 ayr\u0131lmaz hiss\u0259sidir.\r\n\r\nBu \u0259m\u0259liyyatlar\u0131n icras\u0131 vaxt\u0131 m\u00fcxt\u0259lif q\u0259za v\u0259ziyy\u0259tl\u0259rinin (ya\u011f\u0131n axmas\u0131, \u015flanqlara havan\u0131n d\u00fc\u015fm\u0259si v\u0259 s.) yaranmas\u0131 m\u00fcmk\u00fcnd\u00fcr, hans\u0131lar ki, d\u0259y\u0259rli vaxt\u0131n itm\u0259sin\u0259, v\u0259 b\u0259zi hallarda \u2013 planla\u015fd\u0131r\u0131lmam\u0131\u015f maliyy\u0259 x\u0259rcl\u0259rin\u0259 g\u0259tirib \u00e7\u0131xar\u0131r."}],"add_def_tab":[{"tab_title":"\u00dcst\u00fcnl\u00fckl\u0259r","tab_content":"<ul>\r\n \t<li style=\"text-align: justify;\">i\u015fin muxtariyy\u0259ti. Sistem yaln\u0131z <strong><em>GlobeCore<\/em><\/strong> ticar\u0259t markas\u0131n\u0131n avadanl\u0131\u011f\u0131 il\u0259 birg\u0259 yox, h\u0259m d\u0259 ba\u015fqa istehsal\u00e7\u0131lar\u0131n v\u0259 t\u0259chizat\u00e7\u0131lar\u0131n analoji t\u0259yinatl\u0131 avadanl\u0131\u011f\u0131yla istifad\u0259 oluna bil\u0259r;<\/li>\r\n \t<li style=\"text-align: justify;\">universall\u0131q. Sistem elektrik izolyasiya ya\u011flar\u0131n\u0131n t\u0259mizl\u0259m\u0259, filtrasiya v\u0259 regenerasiya qura\u015fd\u0131r\u0131lmalar\u0131 \u00fc\u00e7\u00fcn t\u0259tbiq edilir;<\/li>\r\n \t<li style=\"text-align: justify;\">qo\u015fulman\u0131n sad\u0259liyi. Baza bacar\u0131qlar\u0131 oldu\u011fu halda operator be\u015f d\u0259qiq\u0259d\u0259n \u00e7ox olmayan vaxt \u0259rzind\u0259 avadanl\u0131\u011f\u0131 i\u015f v\u0259ziyy\u0259tin\u0259 g\u0259tirib \u00e7\u0131xara bil\u0259r;<\/li>\r\n \t<li style=\"text-align: justify;\">g\u0259rginlikd\u0259 olan transformatorla i\u015f imkan\u0131;<\/li>\r\n \t<li style=\"text-align: justify;\">idar\u0259 etm\u0259 pultu h\u0259m qura\u015fd\u0131rman\u0131n \u00f6z\u00fcn\u0259 (m\u00fcv\u0259qq\u0259ti v\u0259 ya daimi \u0259sasda), h\u0259m d\u0259 x\u00fcsusi dayaqlara qoyula bil\u0259r;<\/li>\r\n \t<li style=\"text-align: justify;\">Sifari\u015f\u00e7inin ist\u0259yi il\u0259 sistem\u0259 GSM-modulu t\u0259chiz edilir, bu mobil rabit\u0259nin k\u00f6m\u0259yi il\u0259 elektrik qur\u011fular\u0131 hiss\u0259l\u0259rinin izolyasiya ya\u011f\u0131n\u0131n emal\u0131n\u0131n prosesi haqq\u0131nda aktual informasiyan\u0131 alma\u011fa icaz\u0259 ver\u0259c\u0259k.<\/li>\r\n<\/ul>"}],"add_video_tab":[{"video_tab_title":"Video","add_video_id":[{"video_id":"2L-cfSJXMVQ"}]}],"add_gallery_tab":null,"add_price_tab":null,"science_title":"","science_id":null},"language":"az","_links":{"self":[{"href":"https:\/\/globecore.info\/az\/wp-json\/wp\/v2\/pages\/16696","targetHints":{"allow":["GET"]}}],"collection":[{"href":"https:\/\/globecore.info\/az\/wp-json\/wp\/v2\/pages"}],"about":[{"href":"https:\/\/globecore.info\/az\/wp-json\/wp\/v2\/types\/page"}],"author":[{"embeddable":true,"href":"https:\/\/globecore.info\/az\/wp-json\/wp\/v2\/users\/4"}],"replies":[{"embeddable":true,"href":"https:\/\/globecore.info\/az\/wp-json\/wp\/v2\/comments?post=16696"}],"version-history":[{"count":2,"href":"https:\/\/globecore.info\/az\/wp-json\/wp\/v2\/pages\/16696\/revisions"}],"predecessor-version":[{"id":16699,"href":"https:\/\/globecore.info\/az\/wp-json\/wp\/v2\/pages\/16696\/revisions\/16699"}],"up":[{"embeddable":true,"href":"https:\/\/globecore.info\/az\/wp-json\/wp\/v2\/pages\/16660"}],"wp:featuredmedia":[{"embeddable":true,"href":"https:\/\/globecore.info\/az\/wp-json\/wp\/v2\/media\/16302"}],"wp:attachment":[{"href":"https:\/\/globecore.info\/az\/wp-json\/wp\/v2\/media?parent=16696"}],"wp:term":[{"taxonomy":"category","embeddable":true,"href":"https:\/\/globecore.info\/az\/wp-json\/wp\/v2\/categories?post=16696"}],"curies":[{"name":"wp","href":"https:\/\/api.w.org\/{rel}","templated":true}]}}