{"id":16701,"date":"2021-04-26T11:07:57","date_gmt":"2021-04-26T07:07:57","guid":{"rendered":"https:\/\/globecore.info\/products\/regeneratsiya-promyshlennyh-masel\/ustanovka-regeneratsii-transformatornogo-masla-smm-6r-light\/"},"modified":"2024-03-18T10:44:21","modified_gmt":"2024-03-18T06:44:21","slug":"ustanovka-regeneratsii-transformatornogo-masla-smm-6r-light","status":"publish","type":"page","link":"https:\/\/globecore.info\/az\/products\/regeneratsiya-promyshlennyh-masel\/ustanovka-regeneratsii-transformatornogo-masla-smm-6r-light\/","title":{"rendered":"Transformator ya\u011f\u0131n\u0131n regenerasiyas\u0131 \u00fc\u00e7\u00fcn mobil ya\u011f stansiyas\u0131 CMM-6RL"},"content":{"rendered":"","protected":false},"excerpt":{"rendered":"","protected":false},"author":4,"featured_media":16557,"parent":16657,"menu_order":0,"comment_status":"closed","ping_status":"closed","template":"templates\/single-product.php","meta":{"_acf_changed":false,"footnotes":""},"categories":[],"class_list":["post-16701","page","type-page","status-publish","has-post-thumbnail","hentry"],"acf":{"add_tab":[{"tab_title":"T\u0259svir","tab_content":"<p style=\"text-align: justify;\">MYS-6RL ya\u011f mobil stansiyas\u0131 transformator ya\u011flar\u0131n\u0131n regenerasiyas\u0131 \u00fc\u00e7\u00fcn n\u0259z\u0259rd\u0259 tutulmu\u015fdur.<\/p>\r\n<p style=\"text-align: justify;\">Regenerasiyan\u0131n prosesinin mahiyy\u0259ti alt\u0131 s\u00fctun vasit\u0259sil\u0259 ya\u011f\u0131n burax\u0131l\u0131\u015f\u0131ndan ibar\u0259tdir, onlar\u0131n h\u0259r birind\u0259 Fuller torpa\u011f\u0131 adsorbentin 75 kq m\u00f6vcuddur\u2013 mikrom\u0259sam\u0259li strukturlu madd\u0259l\u0259r. Bu halda b\u00fct\u00fcn z\u0259r\u0259rli qat\u0131\u015f\u0131qlar v\u0259 k\u00f6hn\u0259lm\u0259 m\u0259hsullar\u0131 adsorbentin qranulalar\u0131nda saxlan\u0131r. Bulan\u0131q v\u0259 q\u0259hv\u0259yi ya\u011f t\u0259miz v\u0259 \u015f\u0259ffaf olur. De\u015fm\u0259 g\u0259rginliyi art\u0131r, tur\u015fu say\u0131n\u0131 v\u0259 dielektrik itkil\u0259rin buca\u011f\u0131n\u0131n tangensi azal\u0131r. Regenerasiya n\u0259tic\u0259sind\u0259 i\u015fl\u0259nmi\u015f ya\u011f yeni s\u0259viyy\u0259y\u0259 q\u0259d\u0259r \u00f6z x\u00fcsusiyy\u0259tl\u0259rini b\u0259rpa edir v\u0259 izolyasiya v\u0259 istiliyin ay\u0131r\u0131lmas\u0131 \u00fc\u00e7\u00fcn transformatorda t\u0259krar istifad\u0259 olunur.<\/p>\r\n<p style=\"text-align: justify;\">Ya\u011f\u0131n regenerasiyas\u0131n\u0131n keyfiyy\u0259ti t\u0259l\u0259bl\u0259r\u0259 uy\u011fun olmad\u0131\u011f\u0131 s\u0259viyy\u0259y\u0259 d\u00fc\u015f\u0259n kimi qur\u011funu sorbentin reaktivasiyas\u0131 rejimin\u0259 k\u00f6\u00e7\u00fcrm\u0259k olar. Sorbentin x\u00fcsusiyy\u0259tl\u0259ri yand\u0131rma metodla b\u0259rpa olunur, bindan sonra o transformator ya\u011f\u0131n\u0131n regenerasiyas\u0131 \u00fc\u00e7\u00fcn yenid\u0259n istifad\u0259 olunur.<\/p>"}],"add_def_tab":[{"tab_title":"Spesifikasiyalar","tab_content":"<table width=\"641\">\r\n<thead>\r\n<tr>\r\n<td width=\"31\"><strong>\u2116<\/strong><\/td>\r\n<td width=\"526\">\r\n<p style=\"text-align: center;\"><strong>Parametrin ad\u0131<\/strong><\/p>\r\n<\/td>\r\n<td width=\"83\">\r\n<p style=\"text-align: center;\"><strong>G\u00f6st\u0259rici<\/strong><\/p>\r\n<\/td>\r\n<\/tr>\r\n<tr>\r\n<td width=\"31\">1<\/td>\r\n<td width=\"526\">\r\n<p style=\"text-align: left;\">M\u0259hsuldarl\u0131q, m<sup>3<\/sup>\/s<\/p>\r\n<\/td>\r\n<td width=\"83\">\r\n<p style=\"text-align: center;\">0,45*<\/p>\r\n<\/td>\r\n<\/tr>\r\n<tr>\r\n<td width=\"31\">2<\/td>\r\n<td width=\"526\">\r\n<p style=\"text-align: left;\">Sorbentin reaktivasiya m\u00fcdd\u0259ti, \u0259n \u00e7ox<\/p>\r\n<\/td>\r\n<td width=\"83\">\r\n<p style=\"text-align: center;\">19 saat<\/p>\r\n<\/td>\r\n<\/tr>\r\n<tr>\r\n<td width=\"31\">3<\/td>\r\n<td width=\"526\">\r\n<p style=\"text-align: left;\">M\u00fc\u0259yy\u0259n edilmi\u015f s\u0259rf edil\u0259n g\u00fcc, kVt<\/p>\r\n<\/td>\r\n<td width=\"83\">\r\n<p style=\"text-align: center;\">10<\/p>\r\n<\/td>\r\n<\/tr>\r\n<tr>\r\n<td width=\"31\">4<\/td>\r\n<td width=\"526\">\r\n<p style=\"text-align: left;\">D\u0259yi\u015f\u0259n c\u0259r\u0259yan\u0131n \u00fc\u00e7fazal\u0131 \u015f\u0259b\u0259k\u0259sinin t\u0259chizetm\u0259nin g\u0259rginliyi tezliyi 50 Hs, 60 Hs, V<\/p>\r\n<\/td>\r\n<td width=\"83\">\r\n<p style=\"text-align: center;\">380<\/p>\r\n<\/td>\r\n<\/tr>\r\n<tr>\r\n<td width=\"31\">5<\/td>\r\n<td width=\"526\">\r\n<p style=\"text-align: left;\">Qabarit ol\u00e7\u00fcl\u0259r, mm \u0259n \u00e7ox<\/p>\r\n<p style=\"text-align: left;\">\u2013 uzunluq<\/p>\r\n<p style=\"text-align: left;\">\u2013 enlik<\/p>\r\n<p style=\"text-align: left;\">\u2013 h\u00fcnd\u00fcrl\u00fck<\/p>\r\n<\/td>\r\n<td width=\"83\">&nbsp;\r\n<p style=\"text-align: center;\">2820<\/p>\r\n<p style=\"text-align: center;\">1570<\/p>\r\n<p style=\"text-align: center;\">1730<\/p>\r\n<\/td>\r\n<\/tr>\r\n<tr>\r\n<td width=\"31\">6<\/td>\r\n<td width=\"526\">\r\n<p style=\"text-align: left;\">\u00c7\u0259ki, kq \u0259n \u00e7ox<\/p>\r\n<\/td>\r\n<td width=\"83\">\r\n<p style=\"text-align: center;\">2100<\/p>\r\n<\/td>\r\n<\/tr>\r\n<\/thead>\r\n<\/table>\r\n* \u2013 qur\u011funun m\u0259hsuldarl\u0131\u011f\u0131 emal edil\u0259n ya\u011f\u0131n keyfiyy\u0259t g\u00f6st\u0259ricil\u0259rind\u0259n as\u0131l\u0131d\u0131r"},{"tab_title":"\u00dcst\u00fcnl\u00fckl\u0259r","tab_content":"<ul>\r\n \t<li style=\"text-align: justify;\">y\u0131\u011fcam \u00f6l\u00e7\u00fcl\u0259r;<\/li>\r\n \t<li style=\"text-align: justify;\">deqazasiya qur\u011fular\u0131 il\u0259 kompleksd\u0259 istifad\u0259 oluna bil\u0259r;<\/li>\r\n \t<li style=\"text-align: justify;\">adsorbent 300-500 d\u0259f\u0259 reaktivasiya oluna bil\u0259r;<\/li>\r\n \t<li style=\"text-align: justify;\">ya\u011f\u0131n x\u00fcsusiyy\u0259tl\u0259rinin b\u0259rpas\u0131n\u0131n v\u0259 onun transformatorlarda t\u0259krar istifad\u0259sinin hesab\u0131na pulun q\u0259na\u0259ti.<\/li>\r\n<\/ul>"}],"add_video_tab":[{"video_tab_title":"Video","add_video_id":[{"video_id":"3ELeMWqHZVU"}]}],"add_gallery_tab":[{"gallery_tab_title":"\u015e\u0259kill\u0259r","add_img":[16766,16768,16770]}],"add_price_tab":null,"science_title":"","science_id":null},"language":"az","_links":{"self":[{"href":"https:\/\/globecore.info\/az\/wp-json\/wp\/v2\/pages\/16701","targetHints":{"allow":["GET"]}}],"collection":[{"href":"https:\/\/globecore.info\/az\/wp-json\/wp\/v2\/pages"}],"about":[{"href":"https:\/\/globecore.info\/az\/wp-json\/wp\/v2\/types\/page"}],"author":[{"embeddable":true,"href":"https:\/\/globecore.info\/az\/wp-json\/wp\/v2\/users\/4"}],"replies":[{"embeddable":true,"href":"https:\/\/globecore.info\/az\/wp-json\/wp\/v2\/comments?post=16701"}],"version-history":[{"count":3,"href":"https:\/\/globecore.info\/az\/wp-json\/wp\/v2\/pages\/16701\/revisions"}],"predecessor-version":[{"id":17287,"href":"https:\/\/globecore.info\/az\/wp-json\/wp\/v2\/pages\/16701\/revisions\/17287"}],"up":[{"embeddable":true,"href":"https:\/\/globecore.info\/az\/wp-json\/wp\/v2\/pages\/16657"}],"wp:featuredmedia":[{"embeddable":true,"href":"https:\/\/globecore.info\/az\/wp-json\/wp\/v2\/media\/16557"}],"wp:attachment":[{"href":"https:\/\/globecore.info\/az\/wp-json\/wp\/v2\/media?parent=16701"}],"wp:term":[{"taxonomy":"category","embeddable":true,"href":"https:\/\/globecore.info\/az\/wp-json\/wp\/v2\/categories?post=16701"}],"curies":[{"name":"wp","href":"https:\/\/api.w.org\/{rel}","templated":true}]}}