{"id":16711,"date":"2013-11-30T01:49:56","date_gmt":"2013-11-29T21:49:56","guid":{"rendered":"https:\/\/globecore.info\/products\/regeneratsiya-promyshlennyh-masel\/osvet\/"},"modified":"2024-03-18T10:46:12","modified_gmt":"2024-03-18T06:46:12","slug":"osvet","status":"publish","type":"page","link":"https:\/\/globecore.info\/az\/products\/regeneratsiya-promyshlennyh-masel\/osvet\/","title":{"rendered":"Mobil ya\u011f stansiyas\u0131 CMM-450\/16U"},"content":{"rendered":"","protected":false},"excerpt":{"rendered":"","protected":false},"author":3,"featured_media":16157,"parent":16657,"menu_order":6,"comment_status":"closed","ping_status":"closed","template":"","meta":{"_acf_changed":false,"footnotes":""},"categories":[],"class_list":["post-16711","page","type-page","status-publish","has-post-thumbnail","hentry"],"acf":{"add_tab":[{"tab_title":"T\u0259svir","tab_content":"<p style=\"text-align: justify;\"><strong>Ya\u011f\u0131n regenerasiyas\u0131 laz\u0131md\u0131r? Mobil ya\u011f stansiyas\u0131 MYS-450\/16U \u2013 bu universal qur\u011fudur, hans\u0131 ki, n\u00f6vb\u0259ti prosesl\u0259r \u00fc\u00e7\u00fcn n\u0259z\u0259rd\u0259 tutulub v\u0259 istifad\u0259 olunur: m\u00fcxt\u0259lif tipli transformator, turbin, s\u0259naye ya\u011flar\u0131n\u0131n regenerasiyas\u0131 v\u0259 h\u0259m\u00e7inin yanaca\u011f\u0131n safla\u015fd\u0131r\u0131lmas\u0131 \u00fc\u00e7\u00fcn, t\u00fcnd dizel yanaca\u011f\u0131, t\u00fcnd pe\u00e7 yanaca\u011f\u0131n, qaz kondensat\u0131n, benzinin, a\u011f neftin v\u0259 s. safla\u015fd\u0131r\u0131lmas\u0131.<\/strong><\/p>\r\n<p style=\"text-align: justify;\"><strong>MYS-450\/16<\/strong><strong>U Mobil ya\u011f stansiyas\u0131n\u0131n zahiri g\u00f6r\u00fcn\u00fc\u015f\u00fc (\u00e7\u0259r\u00e7iv\u0259 icras\u0131)<\/strong><\/p>\r\n<p style=\"text-align: justify;\">\u0130st\u0259nil\u0259n MYS-450\/16U tipli qur\u011fusu universal qur\u011fudur v\u0259 b\u00fct\u00fcn neft m\u0259hsullar\u0131ndan i\u015fl\u0259y\u0259, t\u0259mizl\u0259y\u0259, safla\u015fd\u0131ra, b\u0259rpa ed\u0259 v\u0259 aromatikan\u0131 tamamil\u0259 t\u0259mizl\u0259y\u0259 bil\u0259r. Qur\u011fu ist\u0259nil\u0259n m\u00fc\u0259ssis\u0259l\u0259r\u0259 t\u0259tbiq edil\u0259 bil\u0259r, x\u00fcsusi yerl\u0259\u015fdirm\u0259ni t\u0259l\u0259b etmir, asan da\u015f\u0131n\u0131r, s\u0259ssizdir.<\/p>\r\n<p style=\"text-align: justify;\">Qur\u011fular \u00fc\u00e7 ifada haz\u0131rlan\u0131r:<\/p>\r\n\r\n<ul>\r\n \t<li style=\"text-align: justify;\">\u00fcmums\u0259naye \u00e7\u0259r\u00e7iv\u0259,<\/li>\r\n \t<li style=\"text-align: justify;\">\u00fcmums\u0259naye konteyner<\/li>\r\n \t<li style=\"text-align: justify;\">yan\u011f\u0131n, partlay\u0131\u015fa davaml\u0131 (rolet konteyneri)<\/li>\r\n<\/ul>\r\n<p style=\"text-align: justify;\"><strong><em>GlobeCore <\/em><\/strong>ya\u011f t\u0259mizl\u0259m\u0259si v\u0259 m\u00fcxt\u0259lif mineral ya\u011flar\u0131n regenerasiyas\u0131, filtrasiya v\u0259 dizel yanacaqlar\u0131n t\u0259mizl\u0259m\u0259si, pe\u00e7 yanacaqlar\u0131n v\u0259 ba\u015fqa karbohidrogen mayel\u0259rin safla\u015fd\u0131r\u0131lmas\u0131 \u00fczr\u0259 t\u0259mizl\u0259m\u0259 avadanl\u0131\u011f\u0131n\u0131n istehsal\u00e7\u0131lar\u0131 bazar\u0131nda lider m\u00f6vqeyini tutur, qu\u011fu h\u0259m\u00e7inin aromatikadan, merkaptanlardan, hidrogen sulfidind\u0259n, qism\u0259n k\u00fck\u00fcrdl\u0259rd\u0259n (k\u00fck\u00fcrdl\u0259rd\u0259n t\u0259mizl\u0259nm\u0259) t\u0259mizl\u0259nm\u0259sini h\u0259yata ke\u00e7irir.<\/p>\r\n<p style=\"text-align: justify;\"><strong>\u0130ll\u0259r \u0259rzind\u0259 <\/strong>zavodda filtrasiya ed\u0259n, t\u0259mizl\u0259y\u0259n, safla\u015fd\u0131ran v\u0259 b\u0259rpa ed\u0259n haz\u0131rlan\u0131b, m\u00fcasirl\u0259\u015fdirilib v\u0259 onlarla avadanl\u0131q vahidinin seriyal\u0131 istehsalat\u0131na burax\u0131lm\u0131\u015fd\u0131r, m\u00fcxt\u0259lif s\u0259naye obyektl\u0259rind\u0259 bu avadanl\u0131\u011f\u0131n t\u0259tbiqinin b\u00f6y\u00fck t\u0259cr\u00fcb\u0259si.<\/p>"}],"add_def_tab":[{"tab_title":"Spesifikasiyalar","tab_content":"<h2><strong>UVR qur\u011fular\u0131n texniki xarakteristikalar\u0131<\/strong><\/h2>\r\n<table width=\"651\">\r\n<thead>\r\n<tr>\r\n<td width=\"35\"><strong>\u2116<\/strong><\/td>\r\n<td width=\"203\"><strong>Parametrin ad\u0131<\/strong><\/td>\r\n<td colspan=\"4\" width=\"412\">\r\n<p style=\"text-align: center;\"><strong>G\u00f6st\u0259rici<\/strong><\/p>\r\n<\/td>\r\n<\/tr>\r\n<tr>\r\n<td width=\"35\">1<\/td>\r\n<td width=\"203\">\r\n<p style=\"text-align: left;\"><strong>Regenerasiyan\u0131n m\u0259hsuldarl\u0131\u011f\u0131, <\/strong><strong>m3\/<\/strong><strong>s:<\/strong><\/p>\r\n<\/td>\r\n<td width=\"29\"><\/td>\r\n<td width=\"119\">\r\n<p style=\"text-align: center;\"><strong>MYS-450\/16<\/strong><strong>U<\/strong><\/p>\r\n<\/td>\r\n<td width=\"132\">\r\n<p style=\"text-align: center;\"><strong>MYS-450\/16\u0423\/<\/strong><strong>k<\/strong><\/p>\r\n<\/td>\r\n<td width=\"131\">\r\n<p style=\"text-align: center;\"><strong>MYS-450\/16<\/strong><strong>U\/<\/strong><strong>v<\/strong><\/p>\r\n<\/td>\r\n<\/tr>\r\n<tr>\r\n<td width=\"35\"><\/td>\r\n<td width=\"203\">\r\n<p style=\"text-align: left;\">\u2013 transformator ya\u011flar\u0131<\/p>\r\n<p style=\"text-align: left;\">\u2013 turbin ya\u011flar\u0131<\/p>\r\n<p style=\"text-align: left;\">\u2013 s\u0259nay\u0259 ya\u011flar<\/p>\r\n<p style=\"text-align: left;\">\u2013 t\u00fcnd pe\u00e7 yanaca\u011f\u0131 (neft)<\/p>\r\n<p style=\"text-align: left;\">\u2013 dizel yanaca\u011f\u0131 t\u00fcnd<\/p>\r\n<p style=\"text-align: left;\">\u2013 qaz kondensat\u0131 t\u00fcnd<\/p>\r\n<\/td>\r\n<td width=\"29\"><\/td>\r\n<td width=\"119\">\r\n<p style=\"text-align: center;\">0,28-0,3<\/p>\r\n<p style=\"text-align: center;\">0,28-0,3<\/p>\r\n<p style=\"text-align: center;\">0,28-0,3<\/p>\r\n<p style=\"text-align: center;\">0,6-0,8<\/p>\r\n<p style=\"text-align: center;\">0,6-0,8<\/p>\r\n<p style=\"text-align: center;\">0,7-1,1<\/p>\r\n<\/td>\r\n<td width=\"132\">\r\n<p style=\"text-align: center;\">0,28-0,3<\/p>\r\n<p style=\"text-align: center;\">0,28-0,3<\/p>\r\n<p style=\"text-align: center;\">0,28-0,3<\/p>\r\n<p style=\"text-align: center;\">0,6-0,8<\/p>\r\n<p style=\"text-align: center;\">0,6-0,8<\/p>\r\n<p style=\"text-align: center;\">0,7-1,1<\/p>\r\n<\/td>\r\n<td width=\"131\">\r\n<p style=\"text-align: center;\">0,3<\/p>\r\n<p style=\"text-align: center;\">0,3<\/p>\r\n<p style=\"text-align: center;\">0,2<\/p>\r\n<p style=\"text-align: center;\">0,6-0,8<\/p>\r\n<p style=\"text-align: center;\">0,6-0,8<\/p>\r\n<p style=\"text-align: center;\">0,7-1,1<\/p>\r\n<\/td>\r\n<\/tr>\r\n<tr>\r\n<td width=\"35\">2<\/td>\r\n<td width=\"203\">\r\n<p style=\"text-align: left;\"><strong>T\u0259mizl\u0259m\u0259 m\u0259hsulunun k\u00fctl\u0259sind\u0259n sorbentin %-d\u0259 s\u0259rfi<\/strong><\/p>\r\n<p style=\"text-align: left;\">\u2013 transformator ya\u011flar\u0131<\/p>\r\n<p style=\"text-align: left;\">\u2013 turbin ya\u011flar\u0131<\/p>\r\n<p style=\"text-align: left;\">\u2013 s\u0259nay\u0259 ya\u011flar<\/p>\r\n<p style=\"text-align: left;\">\u2013 t\u00fcnd pe\u00e7 yanaca\u011f\u0131 (neft)<\/p>\r\n<p style=\"text-align: left;\">\u2013 dizel yanaca\u011f\u0131 t\u00fcnd<\/p>\r\n<p style=\"text-align: left;\">\u2013 qaz kondensat\u0131 t\u00fcnd<\/p>\r\n<\/td>\r\n<td width=\"29\"><\/td>\r\n<td width=\"119\">&nbsp;\r\n\r\n&nbsp;\r\n\r\n&nbsp;\r\n<p style=\"text-align: center;\">3-17<\/p>\r\n<p style=\"text-align: center;\">3-17<\/p>\r\n<p style=\"text-align: center;\">3-17<\/p>\r\n<p style=\"text-align: center;\">2-15<\/p>\r\n<p style=\"text-align: center;\">1-7<\/p>\r\n<p style=\"text-align: center;\">1-5<\/p>\r\n<\/td>\r\n<td width=\"132\">&nbsp;\r\n\r\n&nbsp;\r\n\r\n&nbsp;\r\n<p style=\"text-align: center;\">3-17<\/p>\r\n<p style=\"text-align: center;\">3-17<\/p>\r\n<p style=\"text-align: center;\">3-17<\/p>\r\n<p style=\"text-align: center;\">2-15<\/p>\r\n<p style=\"text-align: center;\">1-7<\/p>\r\n<p style=\"text-align: center;\">1-5<\/p>\r\n<\/td>\r\n<td width=\"131\">&nbsp;\r\n\r\n&nbsp;\r\n\r\n&nbsp;\r\n<p style=\"text-align: center;\">3-17<\/p>\r\n<p style=\"text-align: center;\">3-17<\/p>\r\n<p style=\"text-align: center;\">3-17<\/p>\r\n<p style=\"text-align: center;\">5-20<\/p>\r\n<p style=\"text-align: center;\">1-7<\/p>\r\n<p style=\"text-align: center;\">1-5<\/p>\r\n<\/td>\r\n<\/tr>\r\n<tr>\r\n<td width=\"35\">3<\/td>\r\n<td width=\"203\">\r\n<p style=\"text-align: left;\"><strong>Doldurma \u00fc\u00e7\u00fcn regenerasiya olunan tozun k\u00fctl\u0259si<\/strong><\/p>\r\n<p style=\"text-align: left;\">\u2013 regenerasiyan\u0131n bir modulu, kq<\/p>\r\n<p style=\"text-align: left;\">\u2013 regenerasiyan\u0131n b\u00fct\u00fcn modullar\u0131, kq<\/p>\r\n<\/td>\r\n<td width=\"29\"><\/td>\r\n<td width=\"119\">&nbsp;\r\n\r\n&nbsp;\r\n\r\n&nbsp;\r\n\r\n&nbsp;\r\n<p style=\"text-align: center;\">20 (35)<\/p>\r\n<p style=\"text-align: center;\">400 (600)<\/p>\r\n<\/td>\r\n<td width=\"132\">&nbsp;\r\n\r\n&nbsp;\r\n\r\n&nbsp;\r\n<p style=\"text-align: center;\">20 (35)<\/p>\r\n<p style=\"text-align: center;\">400 (600)<\/p>\r\n<\/td>\r\n<td width=\"131\">&nbsp;\r\n\r\n&nbsp;\r\n\r\n&nbsp;\r\n<p style=\"text-align: center;\">20 (35)<\/p>\r\n<p style=\"text-align: center;\">400 (600)<\/p>\r\n<\/td>\r\n<\/tr>\r\n<tr>\r\n<td width=\"35\">4<\/td>\r\n<td width=\"203\">\r\n<p style=\"text-align: left;\"><strong>\u0130lk h\u0259cmd\u0259n itkil\u0259rin (neft m\u0259hsulunun) %-\u0131<\/strong><\/p>\r\n<p style=\"text-align: left;\">\u2013 transformator ya\u011flar\u0131<\/p>\r\n<p style=\"text-align: left;\">\u2013 turbin ya\u011flar\u0131<\/p>\r\n<p style=\"text-align: left;\">\u2013 s\u0259nay\u0259 ya\u011flar<\/p>\r\n<p style=\"text-align: left;\">\u2013 t\u00fcnd pe\u00e7 yanaca\u011f\u0131 (neft)<\/p>\r\n<p style=\"text-align: left;\">\u2013 dizel yanaca\u011f\u0131 t\u00fcnd<\/p>\r\n<p style=\"text-align: left;\">\u2013 qaz kondensat\u0131 t\u00fcnd<\/p>\r\n<\/td>\r\n<td width=\"29\"><\/td>\r\n<td width=\"119\">&nbsp;\r\n\r\n&nbsp;\r\n<p style=\"text-align: center;\">1-6<\/p>\r\n<p style=\"text-align: center;\">1-6<\/p>\r\n<p style=\"text-align: center;\">1-6<\/p>\r\n<p style=\"text-align: center;\">1-6<\/p>\r\n<p style=\"text-align: center;\">1-6<\/p>\r\n<p style=\"text-align: center;\">1-6<\/p>\r\n<\/td>\r\n<td width=\"132\">&nbsp;\r\n\r\n&nbsp;\r\n<p style=\"text-align: center;\">1-6<\/p>\r\n<p style=\"text-align: center;\">1-6<\/p>\r\n<p style=\"text-align: center;\">1-6<\/p>\r\n<p style=\"text-align: center;\">1-6<\/p>\r\n<p style=\"text-align: center;\">1-6<\/p>\r\n<p style=\"text-align: center;\">1-6<\/p>\r\n<\/td>\r\n<td width=\"131\">&nbsp;\r\n\r\n&nbsp;\r\n<p style=\"text-align: center;\">1-6<\/p>\r\n<p style=\"text-align: center;\">1-6<\/p>\r\n<p style=\"text-align: center;\">1-6<\/p>\r\n<p style=\"text-align: center;\">1-6<\/p>\r\n<p style=\"text-align: center;\">1-6<\/p>\r\n<p style=\"text-align: center;\">1-6<\/p>\r\n<\/td>\r\n<\/tr>\r\n<tr>\r\n<td width=\"35\">5<\/td>\r\n<td width=\"203\">\r\n<p style=\"text-align: left;\">Q\u0131zd\u0131r\u0131c\u0131lar\u0131n \u00fcmumi g\u00fcc\u00fc, kVt<\/p>\r\n<\/td>\r\n<td width=\"29\"><\/td>\r\n<td width=\"119\">\r\n<p style=\"text-align: center;\">5,28<\/p>\r\n<\/td>\r\n<td width=\"132\">\r\n<p style=\"text-align: center;\">5,28<\/p>\r\n<\/td>\r\n<td width=\"131\">\r\n<p style=\"text-align: center;\">\u2013<\/p>\r\n<\/td>\r\n<\/tr>\r\n<tr>\r\n<td width=\"35\">6<\/td>\r\n<td width=\"203\">\r\n<p style=\"text-align: left;\">M\u00fc\u0259yy\u0259n edilmi\u015f g\u00fcc, kVt<\/p>\r\n<\/td>\r\n<td width=\"29\"><\/td>\r\n<td width=\"119\">\r\n<p style=\"text-align: center;\">8<\/p>\r\n<\/td>\r\n<td width=\"132\">\r\n<p style=\"text-align: center;\">13<\/p>\r\n<\/td>\r\n<td width=\"131\">\r\n<p style=\"text-align: center;\">8<\/p>\r\n<\/td>\r\n<\/tr>\r\n<tr>\r\n<td width=\"35\">6,1<\/td>\r\n<td width=\"203\">\r\n<p style=\"text-align: left;\"><strong>Q\u0131zd\u0131rmas\u0131z s\u0259rf edil\u0259n g\u00fcc <\/strong><strong>kVt\/<\/strong><strong>s<\/strong><\/p>\r\n<\/td>\r\n<td width=\"29\"><\/td>\r\n<td width=\"119\">&nbsp;\r\n<p style=\"text-align: center;\">3,4<\/p>\r\n<\/td>\r\n<td width=\"132\">&nbsp;\r\n<p style=\"text-align: center;\">7,7<\/p>\r\n<\/td>\r\n<td width=\"131\">&nbsp;\r\n<p style=\"text-align: center;\">5<\/p>\r\n<\/td>\r\n<\/tr>\r\n<tr>\r\n<td width=\"35\">7<\/td>\r\n<td width=\"203\">\r\n<p style=\"text-align: left;\"><strong>Filtrl\u0259rin filtrasiyas\u0131n\u0131n inc\u0259liyi, <\/strong><strong>mkm<\/strong><\/p>\r\n<p style=\"text-align: left;\">\u2013 gir\u0259nin<\/p>\r\n<p style=\"text-align: left;\">\u2013 \u00e7ixan\u0131n<\/p>\r\n<\/td>\r\n<td width=\"29\"><\/td>\r\n<td width=\"119\">&nbsp;\r\n\r\n&nbsp;\r\n<p style=\"text-align: center;\">25 (10)<\/p>\r\n<p style=\"text-align: center;\">5 (3)<\/p>\r\n<\/td>\r\n<td width=\"132\">&nbsp;\r\n<p style=\"text-align: center;\">25 (10)<\/p>\r\n<p style=\"text-align: center;\">5 (3)<\/p>\r\n<\/td>\r\n<td width=\"131\">&nbsp;\r\n<p style=\"text-align: center;\">25 (10)<\/p>\r\n<p style=\"text-align: center;\">5 (3)<\/p>\r\n<\/td>\r\n<\/tr>\r\n<tr>\r\n<td width=\"35\">8<\/td>\r\n<td width=\"203\">\r\n<p style=\"text-align: left;\">50 (60) Hs tezliyi olan d\u0259yi\u015f\u0259n c\u0259r\u0259yan\u0131n \u00fc\u00e7fazal\u0131 \u015f\u0259b\u0259k\u0259sinin t\u0259chizetm\u0259nin g\u0259rginliyi, V<\/p>\r\n<\/td>\r\n<td width=\"29\"><\/td>\r\n<td width=\"119\">\r\n<p style=\"text-align: center;\">380<\/p>\r\n<\/td>\r\n<td width=\"132\">\r\n<p style=\"text-align: center;\">380<\/p>\r\n<\/td>\r\n<td width=\"131\">\r\n<p style=\"text-align: center;\">380<\/p>\r\n<\/td>\r\n<\/tr>\r\n<tr>\r\n<td width=\"35\">9<\/td>\r\n<td width=\"203\">\r\n<p style=\"text-align: left;\"><strong>Qabarit ol\u00e7\u00fcl\u0259r, <\/strong><strong>\u0259n \u00e7ox mm<\/strong><\/p>\r\n<p style=\"text-align: left;\">\u2013 uzunluq<\/p>\r\n<p style=\"text-align: left;\">\u2013 enlik<\/p>\r\n<p style=\"text-align: left;\">\u2013 h\u00fcnd\u00fcrl\u00fck<\/p>\r\n<\/td>\r\n<td width=\"29\"><\/td>\r\n<td width=\"119\">\r\n<p style=\"text-align: center;\">1 blok<\/p>\r\n<p style=\"text-align: center;\">4800<\/p>\r\n<p style=\"text-align: center;\">1480<\/p>\r\n<p style=\"text-align: center;\">2140<\/p>\r\n<\/td>\r\n<td width=\"132\">\r\n<p style=\"text-align: center;\">konteyner<\/p>\r\n<p style=\"text-align: center;\">6060<\/p>\r\n<p style=\"text-align: center;\">2590<\/p>\r\n<p style=\"text-align: center;\">2440<\/p>\r\n<\/td>\r\n<td width=\"131\">\r\n<p style=\"text-align: center;\">1 blok<\/p>\r\n<p style=\"text-align: center;\">4800<\/p>\r\n<p style=\"text-align: center;\">1480<\/p>\r\n<p style=\"text-align: center;\">2140<\/p>\r\n<\/td>\r\n<\/tr>\r\n<tr>\r\n<td width=\"35\"><strong>10<\/strong><\/td>\r\n<td width=\"203\">\r\n<p style=\"text-align: left;\"><strong>\u00c7\u0259ki, <\/strong><strong>\u0259n \u00e7ox kq<\/strong><\/p>\r\n<\/td>\r\n<td width=\"29\"><\/td>\r\n<td width=\"119\">\r\n<p style=\"text-align: center;\">2550<\/p>\r\n<\/td>\r\n<td width=\"132\">\r\n<p style=\"text-align: center;\">5400<\/p>\r\n<\/td>\r\n<td width=\"131\">\r\n<p style=\"text-align: center;\">3400<\/p>\r\n<\/td>\r\n<\/tr>\r\n<\/thead>\r\n<\/table>"},{"tab_title":"\u00dcst\u00fcnl\u00fckl\u0259r","tab_content":"<ul>\r\n \t<li><strong>universall\u0131q. MYS-450\/16U<\/strong> dizel yanaca\u011f\u0131n\u0131, h\u0259m\u00e7inin mineral ya\u011flar\u0131, HFO, qaz kondensat\u0131 v\u0259 s.b\u0259rpa, safla\u015fd\u0131ra, filtrasiya v\u0259 t\u0259mizl\u0259m\u0259y\u0259 bil\u0259r;<\/li>\r\n \t<li>qur\u011fu <strong>\u0259l v\u0259 ya yar\u0131mavtomat<\/strong> rejimind\u0259 i\u015fl\u0259y\u0259 bil\u0259r. Bu g\u00fcc s\u0259rfiyyat\u0131n\u0131 azaltma\u011fa k\u00f6m\u0259k edir, \u00e7\u00fcnki, operatorun olmas\u0131 yaln\u0131z i\u015f\u0259 salma, dayand\u0131rmaq v\u0259 sorbentin \u0259v\u0259zetm\u0259si \u00fc\u00e7\u00fcn t\u0259l\u0259b olunur;<\/li>\r\n \t<li><strong>enerji-effektivliyi. <\/strong>Dizel yanaca\u011f\u0131n\u0131n t\u0259mizl\u0259m\u0259si vaxt\u0131 faktiki s\u0259rf edil\u0259n g\u00fcc \u0259n \u00e7ox 3 kVt\/saat t\u0259\u015fkil edir;<\/li>\r\n \t<li>blok ba\u015fqa emal edilmi\u015f da\u015f\u0131y\u0131c\u0131ya d\u0259yi\u015fm\u0259 vaxt\u0131 m\u00fcr\u0259kk\u0259b manipulyasiyalar\u0131 t\u0259l\u0259b etmir;<\/li>\r\n \t<li>zavod <strong>burax\u0131lan m\u0259hsulun q\u00fcvv\u0259d\u0259 olan normalara v\u0259 qaydalara tam uy\u011funlu\u011funu<\/strong> t\u0259min edir.<\/li>\r\n<\/ul>"}],"add_video_tab":[{"video_tab_title":"Video","add_video_id":[{"video_id":"91KxOkEV8yM"}]}],"add_gallery_tab":[{"gallery_tab_title":"\u015e\u0259kill\u0259r","add_img":[12858,12859,12860,12861,12862,12863]}],"add_price_tab":null,"science_title":"","science_id":null},"language":"az","_links":{"self":[{"href":"https:\/\/globecore.info\/az\/wp-json\/wp\/v2\/pages\/16711","targetHints":{"allow":["GET"]}}],"collection":[{"href":"https:\/\/globecore.info\/az\/wp-json\/wp\/v2\/pages"}],"about":[{"href":"https:\/\/globecore.info\/az\/wp-json\/wp\/v2\/types\/page"}],"author":[{"embeddable":true,"href":"https:\/\/globecore.info\/az\/wp-json\/wp\/v2\/users\/3"}],"replies":[{"embeddable":true,"href":"https:\/\/globecore.info\/az\/wp-json\/wp\/v2\/comments?post=16711"}],"version-history":[{"count":3,"href":"https:\/\/globecore.info\/az\/wp-json\/wp\/v2\/pages\/16711\/revisions"}],"predecessor-version":[{"id":17288,"href":"https:\/\/globecore.info\/az\/wp-json\/wp\/v2\/pages\/16711\/revisions\/17288"}],"up":[{"embeddable":true,"href":"https:\/\/globecore.info\/az\/wp-json\/wp\/v2\/pages\/16657"}],"wp:featuredmedia":[{"embeddable":true,"href":"https:\/\/globecore.info\/az\/wp-json\/wp\/v2\/media\/16157"}],"wp:attachment":[{"href":"https:\/\/globecore.info\/az\/wp-json\/wp\/v2\/media?parent=16711"}],"wp:term":[{"taxonomy":"category","embeddable":true,"href":"https:\/\/globecore.info\/az\/wp-json\/wp\/v2\/categories?post=16711"}],"curies":[{"name":"wp","href":"https:\/\/api.w.org\/{rel}","templated":true}]}}