{"id":16715,"date":"2016-05-06T11:33:07","date_gmt":"2016-05-06T07:33:07","guid":{"rendered":"https:\/\/globecore.info\/products\/regeneratsiya-promyshlennyh-masel\/ustanovka-regeneratsii-masel-uvr-l-lab\/"},"modified":"2024-03-18T10:44:52","modified_gmt":"2024-03-18T06:44:52","slug":"ustanovka-regeneratsii-masel-uvr-l-lab","status":"publish","type":"page","link":"https:\/\/globecore.info\/az\/products\/regeneratsiya-promyshlennyh-masel\/ustanovka-regeneratsii-masel-uvr-l-lab\/","title":{"rendered":"Mobil ya\u011f stansiyas\u0131 CMM-0,001U (laborator)"},"content":{"rendered":"","protected":false},"excerpt":{"rendered":"","protected":false},"author":4,"featured_media":16179,"parent":16657,"menu_order":2,"comment_status":"closed","ping_status":"closed","template":"templates\/single-product.php","meta":{"_acf_changed":false,"footnotes":""},"categories":[],"class_list":["post-16715","page","type-page","status-publish","has-post-thumbnail","hentry"],"acf":{"add_tab":[{"tab_title":"T\u0259svir","tab_content":"<p style=\"text-align: justify;\"><strong>Mobil ya\u011f stansiyas\u0131<\/strong> <strong>MYS<\/strong><strong>-0,001<\/strong><strong>U<\/strong> 20\u00ba\u0421 temperaturda v\u0259 \u0259n \u00e7ox 70 sSt \u00f6zl\u00fcl\u00fcy\u00fc olan yanacaqlar\u0131n t\u0259mizl\u0259m\u0259si v\u0259 regenerasiyas\u0131 \u00fc\u00e7\u00fcn n\u0259z\u0259rd\u0259 tutulmu\u015fdur.<\/p>\r\n<p style=\"text-align: justify;\">Avadanl\u0131q universald\u0131r, \u00e7\u00fcnki, neft m\u0259hsullar\u0131n\u0131n ist\u0259nil\u0259n n\u00f6vl\u0259rini praktik olaraq emal etm\u0259y\u0259 icaz\u0259 verir, transformator, s\u0259naye v\u0259 turbin ya\u011flar\u0131 daxil olmaqla, h\u0259m\u00e7inin pe\u00e7 yanacaqlar\u0131, qaz kondensat\u0131 v\u0259 dizel yanacaqlar\u0131.<\/p>\r\n<p style=\"text-align: justify;\">Avadanl\u0131\u011f\u0131n laboratoriya versiyas\u0131 h\u0259m elmi t\u0259dqiqat institutlar\u0131, h\u0259m d\u0259 daha \u0259vv\u0259l b\u00f6y\u00fck MYS-0,001U qur\u011fular\u0131n\u0131 \u0259ld\u0259 ed\u0259n m\u00fc\u0259ssis\u0259l\u0259r t\u0259r\u0259find\u0259n istifad\u0259 oluna bil\u0259r.<\/p>\r\n<p style=\"text-align: justify;\">MYS-0,001U qur\u011fusunun k\u00f6m\u0259yi il\u0259 h\u0259ll edil\u0259 bil\u0259n m\u0259s\u0259l\u0259l\u0259rin potensial dair\u0259si:<\/p>\r\n\r\n<ul style=\"text-align: justify;\">\r\n \t<li>neft m\u0259hsullar\u0131n\u0131n t\u0259mizl\u0259m\u0259si vaxt\u0131 m\u00fcxt\u0259lif adsorbentl\u0259rin effektivliyinin t\u0259dqiqatlar\u0131;<\/li>\r\n \t<li>MYS-0,001U qur\u011fusunda i\u015fl\u0259nmi\u015f neft m\u0259hsullar\u0131n\u0131n t\u0259mizl\u0259m\u0259si rejiml\u0259rinin optimalla\u015fd\u0131rmas\u0131;<\/li>\r\n \t<li>lk \u015f\u0259rtl\u0259rin d\u0259yi\u015film\u0259si vaxt\u0131 effektivliyin v\u0259 regenerasiya s\u00fcr\u0259tinin , h\u0259m\u00e7inin emal edil\u0259n neft m\u0259hsulunun n\u00f6v\u00fcnd\u0259n as\u0131l\u0131 olaraq adsorbentin s\u0259rfiyyat\u0131n\u0131n qiym\u0259tl\u0259ndirilm\u0259si.<\/li>\r\n<\/ul>\r\n<h2 style=\"text-align: center;\"><strong>MYS<\/strong><strong>-0,001<\/strong><strong>U laborator qur\u011fular\u0131<\/strong><strong> \u2013 <\/strong><strong>t\u0259rkibi<\/strong><\/h2>\r\n<p style=\"text-align: justify;\">Yanaca\u011f\u0131n t\u0259mizl\u0259m\u0259 v\u0259 ya\u011flar\u0131n regenerasiyas\u0131 laboratoriya qur\u011fusu regenerasiya modulundan, \u00e7\u0259r\u00e7iv\u0259d\u0259n, vakuum h\u0259cmind\u0259n, vakuum nasosundan, idar\u0259etm\u0259 \u015fkaf\u0131ndan, koalessent qurutma kanal\u0131ndan v\u0259 boru k\u0259m\u0259rind\u0259n ibar\u0259tdir.<\/p>\r\n\r\n<h2 style=\"text-align: center;\"><strong>\u0130\u015f prinsipi<\/strong><\/h2>\r\n<p style=\"text-align: justify;\">MYS-0,001U qur\u011fusunun i\u015f prinsipi q\u0131zd\u0131rmaya, vakuumun t\u0259sirin\u0259 v\u0259 adsorbentin b\u0259rpa ed\u0259n x\u00fcsusiyy\u0259tl\u0259rin\u0259 \u0259saslan\u0131r.<\/p>\r\n<p style=\"text-align: justify;\">Adsorbentin laz\u0131ml\u0131 miqdar\u0131 regenerasiyn\u0131n moduluna doldurulur. Ya\u011f adsorbent vasit\u0259sil\u0259 ke\u00e7irilir, sonra vakuum h\u0259cmin\u0259 daxil olur. Vakuum nasosu laz\u0131ml\u0131 seyr\u0259kl\u0259ndirilm\u0259ni yarad\u0131r. Regenerasiya prosesinin tamamlanmas\u0131 \u00fczr\u0259 x\u00fcsusi kran a\u00e7\u0131l\u0131r v\u0259 b\u0259rpa edilmi\u015f ya\u011f vakuum h\u0259cmind\u0259n t\u00f6k\u00fcl\u00fcr.<\/p>\r\n<p style=\"text-align: justify;\">Regenerasiya modulu konstruktiv olaraq h\u0259cm \u015f\u0259klind\u0259 d\u00fcz\u0259ldilib, hans\u0131 ki, yar\u0131m\u00e7\u0131q adsorbentl\u0259 dolur. Onun yuxar\u0131 hiss\u0259sind\u0259 qapaq var, onun vasit\u0259sil\u0259 ya\u011f doldurulur v\u0259 adsorbent daxil edilir.<\/p>\r\n<p style=\"text-align: justify;\">Regenerasiya modulun a\u015fa\u011f\u0131 hiss\u0259sind\u0259 adsorbentl\u0259 doldurulan rezin qolu v\u0259 alt qapaq olur, onun vasit\u0259sil\u0259 deqazasiya olunur, i\u015fl\u0259nmi\u015f adsorbenti xaric edilir v\u0259 ya\u011f\u0131n s\u0131naqlar\u0131n\u0131 se\u00e7ilir.<\/p>\r\n<p style=\"text-align: justify;\">Regenerasiya modulunun xarici s\u0259thi lentli elektrik isidiciyl\u0259 sar\u0131nm\u0131\u015fd\u0131r v\u0259 istilik izolyatoruyla q\u0131zd\u0131r\u0131l\u0131b.<\/p>"}],"add_def_tab":[{"tab_title":"Spesifikasiyalar","tab_content":"<table width=\"641\">\r\n<thead>\r\n<tr>\r\n<td width=\"48\"><strong>\u2116<\/strong><\/td>\r\n<td width=\"380\">\r\n<p style=\"text-align: center;\"><strong>Parametrin ad\u0131<\/strong><\/p>\r\n<\/td>\r\n<td width=\"212\">\r\n<p style=\"text-align: center;\"><strong>G\u00f6st\u0259rici<\/strong><\/p>\r\n<\/td>\r\n<\/tr>\r\n<tr>\r\n<td width=\"48\">1<\/td>\r\n<td width=\"380\">\r\n<p style=\"text-align: left;\">Regenerasiya m\u0259hsuldarl\u0131\u011f\u0131, l\/s:<\/p>\r\n<\/td>\r\n<td width=\"212\"><\/td>\r\n<\/tr>\r\n<tr>\r\n<td width=\"48\"><\/td>\r\n<td width=\"380\">\r\n<p style=\"text-align: left;\">\u2013 transformator ya\u011flar\u0131<\/p>\r\n<\/td>\r\n<td width=\"212\">\r\n<p style=\"text-align: center;\">3-5<\/p>\r\n<\/td>\r\n<\/tr>\r\n<tr>\r\n<td width=\"48\"><\/td>\r\n<td width=\"380\">\r\n<p style=\"text-align: left;\">\u2013 turbin ya\u011flar\u0131<\/p>\r\n<\/td>\r\n<td width=\"212\">\r\n<p style=\"text-align: center;\">3-5<\/p>\r\n<\/td>\r\n<\/tr>\r\n<tr>\r\n<td width=\"48\"><\/td>\r\n<td width=\"380\">\r\n<p style=\"text-align: left;\">\u2013 s\u0259nay\u0259 ya\u011flar\u0131<\/p>\r\n<\/td>\r\n<td width=\"212\">\r\n<p style=\"text-align: center;\">2-4<\/p>\r\n<\/td>\r\n<\/tr>\r\n<tr>\r\n<td width=\"48\"><\/td>\r\n<td width=\"380\">\r\n<p style=\"text-align: left;\">\u2013 t\u00fcnd pe\u00e7 yanaca\u011f\u0131<\/p>\r\n<\/td>\r\n<td width=\"212\">\r\n<p style=\"text-align: center;\">4-10<\/p>\r\n<\/td>\r\n<\/tr>\r\n<tr>\r\n<td width=\"48\"><\/td>\r\n<td width=\"380\">\r\n<p style=\"text-align: left;\">\u2013 t\u00fcnd dizel yanaca\u011f\u0131<\/p>\r\n<\/td>\r\n<td width=\"212\">\r\n<p style=\"text-align: center;\">4-10<\/p>\r\n<\/td>\r\n<\/tr>\r\n<tr>\r\n<td width=\"48\"><\/td>\r\n<td width=\"380\">\r\n<p style=\"text-align: left;\">\u2013 t\u00fcnd qaz kondensat\u0131<\/p>\r\n<\/td>\r\n<td width=\"212\">\r\n<p style=\"text-align: center;\">6-11<\/p>\r\n<\/td>\r\n<\/tr>\r\n<tr>\r\n<td width=\"48\">2<\/td>\r\n<td width=\"380\">\r\n<p style=\"text-align: left;\">Ya\u011f\u0131n %-d\u0259n regenerasiya tozunun s\u0259rfiyyat\u0131:<\/p>\r\n<\/td>\r\n<td width=\"212\"><\/td>\r\n<\/tr>\r\n<tr>\r\n<td width=\"48\"><\/td>\r\n<td width=\"380\">\r\n<p style=\"text-align: left;\">\u2013 transformator ya\u011flar\u0131<\/p>\r\n<\/td>\r\n<td width=\"212\">\r\n<p style=\"text-align: center;\">3-17<\/p>\r\n<\/td>\r\n<\/tr>\r\n<tr>\r\n<td width=\"48\"><\/td>\r\n<td width=\"380\">\r\n<p style=\"text-align: left;\">\u2013 turbin ya\u011flar\u0131<\/p>\r\n<\/td>\r\n<td width=\"212\">\r\n<p style=\"text-align: center;\">3-17<\/p>\r\n<\/td>\r\n<\/tr>\r\n<tr>\r\n<td width=\"48\"><\/td>\r\n<td width=\"380\">\r\n<p style=\"text-align: left;\">\u2013 s\u0259nay\u0259 ya\u011flar\u0131<\/p>\r\n<\/td>\r\n<td width=\"212\">\r\n<p style=\"text-align: center;\">3-17<\/p>\r\n<\/td>\r\n<\/tr>\r\n<tr>\r\n<td width=\"48\"><\/td>\r\n<td width=\"380\">\r\n<p style=\"text-align: left;\">\u2013 t\u00fcnd pe\u00e7 yanaca\u011f\u0131<\/p>\r\n<\/td>\r\n<td width=\"212\">\r\n<p style=\"text-align: center;\">5-20<\/p>\r\n<\/td>\r\n<\/tr>\r\n<tr>\r\n<td width=\"48\"><\/td>\r\n<td width=\"380\">\r\n<p style=\"text-align: left;\">\u2013 t\u00fcnd dizel yanaca\u011f\u0131<\/p>\r\n<\/td>\r\n<td width=\"212\">\r\n<p style=\"text-align: center;\">1-7<\/p>\r\n<\/td>\r\n<\/tr>\r\n<tr>\r\n<td width=\"48\"><\/td>\r\n<td width=\"380\">\r\n<p style=\"text-align: left;\">\u2013 t\u00fcnd qaz kondensat\u0131<\/p>\r\n<\/td>\r\n<td width=\"212\">\r\n<p style=\"text-align: center;\">1-3<\/p>\r\n<\/td>\r\n<\/tr>\r\n<tr>\r\n<td width=\"48\">3<\/td>\r\n<td width=\"380\">\r\n<p style=\"text-align: left;\">Regenerasiya modulunun doldurmas\u0131 \u00fc\u00e7\u00fcn regenerasiya tozunun k\u00fctl\u0259si, kq<\/p>\r\n<\/td>\r\n<td width=\"212\">\r\n<p style=\"text-align: center;\">3<\/p>\r\n<\/td>\r\n<\/tr>\r\n<tr>\r\n<td width=\"48\">4<\/td>\r\n<td width=\"380\">\r\n<p style=\"text-align: left;\">Ya\u011f\u0131n ilk h\u0259cmind\u0259n %-d\u0259 ya\u011f\u0131n itkisi:<\/p>\r\n<\/td>\r\n<td width=\"212\"><\/td>\r\n<\/tr>\r\n<tr>\r\n<td width=\"48\"><\/td>\r\n<td width=\"380\">\r\n<p style=\"text-align: left;\">\u2013 transformator ya\u011flar\u0131<\/p>\r\n<\/td>\r\n<td width=\"212\">\r\n<p style=\"text-align: center;\">3-5<\/p>\r\n<\/td>\r\n<\/tr>\r\n<tr>\r\n<td width=\"48\"><\/td>\r\n<td width=\"380\">\r\n<p style=\"text-align: left;\">\u2013 turbin ya\u011flar\u0131<\/p>\r\n<\/td>\r\n<td width=\"212\">\r\n<p style=\"text-align: center;\">3-5<\/p>\r\n<\/td>\r\n<\/tr>\r\n<tr>\r\n<td width=\"48\"><\/td>\r\n<td width=\"380\">\r\n<p style=\"text-align: left;\">\u2013 s\u0259nay\u0259 ya\u011flar\u0131<\/p>\r\n<\/td>\r\n<td width=\"212\">\r\n<p style=\"text-align: center;\">3-5<\/p>\r\n<\/td>\r\n<\/tr>\r\n<tr>\r\n<td width=\"48\"><\/td>\r\n<td width=\"380\">\r\n<p style=\"text-align: left;\">\u2013 t\u00fcnd pe\u00e7 yanaca\u011f\u0131<\/p>\r\n<\/td>\r\n<td width=\"212\">\r\n<p style=\"text-align: center;\">3-5<\/p>\r\n<\/td>\r\n<\/tr>\r\n<tr>\r\n<td width=\"48\"><\/td>\r\n<td width=\"380\">\r\n<p style=\"text-align: left;\">\u2013 t\u00fcnd dizel yanaca\u011f\u0131<\/p>\r\n<\/td>\r\n<td width=\"212\">\r\n<p style=\"text-align: center;\">2-4<\/p>\r\n<\/td>\r\n<\/tr>\r\n<tr>\r\n<td width=\"48\"><\/td>\r\n<td width=\"380\">\r\n<p style=\"text-align: left;\">\u2013 t\u00fcnd qaz kondensat\u0131<\/p>\r\n<\/td>\r\n<td width=\"212\">\r\n<p style=\"text-align: center;\">1-3<\/p>\r\n<\/td>\r\n<\/tr>\r\n<tr>\r\n<td width=\"48\">5<\/td>\r\n<td width=\"380\">\r\n<p style=\"text-align: left;\">Q\u0131zd\u0131r\u0131c\u0131n\u0131n g\u00fcc\u00fc, kVt<\/p>\r\n<\/td>\r\n<td width=\"212\">\r\n<p style=\"text-align: center;\">0,16<\/p>\r\n<\/td>\r\n<\/tr>\r\n<tr>\r\n<td width=\"48\">6<\/td>\r\n<td width=\"380\">\r\n<p style=\"text-align: left;\">T\u0259yin edil\u0259n g\u00fcc, kVt<\/p>\r\n<\/td>\r\n<td width=\"212\">\r\n<p style=\"text-align: center;\">1,0<\/p>\r\n<\/td>\r\n<\/tr>\r\n<tr>\r\n<td width=\"48\">7<\/td>\r\n<td width=\"380\">\r\n<p style=\"text-align: left;\">50 Hs tezlikd\u0259 olan d\u0259yi\u015f\u0259n c\u0259r\u0259yan\u0131n 3 fazal\u0131 \u015f\u0259b\u0259k\u0259sinin t\u0259chizetm\u0259nin g\u0259rginliyi, V<\/p>\r\n<\/td>\r\n<td width=\"212\">\r\n<p style=\"text-align: center;\">380<\/p>\r\n<\/td>\r\n<\/tr>\r\n<tr>\r\n<td width=\"48\">8<\/td>\r\n<td width=\"380\">\r\n<p style=\"text-align: left;\">Qabarit ol\u00e7\u00fcl\u0259r, mm:<\/p>\r\n<\/td>\r\n<td width=\"212\">\r\n<p style=\"text-align: center;\">1,0<\/p>\r\n<\/td>\r\n<\/tr>\r\n<tr>\r\n<td width=\"48\"><\/td>\r\n<td width=\"380\">\r\n<p style=\"text-align: left;\">\u2013 uzunluq<\/p>\r\n<\/td>\r\n<td width=\"212\">\r\n<p style=\"text-align: center;\">500<\/p>\r\n<\/td>\r\n<\/tr>\r\n<tr>\r\n<td width=\"48\"><\/td>\r\n<td width=\"380\">\r\n<p style=\"text-align: left;\">\u2013 enlik<\/p>\r\n<\/td>\r\n<td width=\"212\">\r\n<p style=\"text-align: center;\">550<\/p>\r\n<\/td>\r\n<\/tr>\r\n<tr>\r\n<td width=\"48\"><\/td>\r\n<td width=\"380\">\r\n<p style=\"text-align: left;\">\u2013 h\u00fcnd\u00fcrl\u00fck<\/p>\r\n<\/td>\r\n<td width=\"212\">\r\n<p style=\"text-align: center;\">750<\/p>\r\n<\/td>\r\n<\/tr>\r\n<tr>\r\n<td width=\"48\">10<\/td>\r\n<td width=\"380\">\r\n<p style=\"text-align: left;\">K\u00fctl\u0259, \u0259n \u015fox kq<\/p>\r\n<\/td>\r\n<td width=\"212\">\r\n<p style=\"text-align: center;\">65<\/p>\r\n<\/td>\r\n<\/tr>\r\n<\/thead>\r\n<\/table>"},{"tab_title":"\u00dcst\u00fcnl\u00fckl\u0259r","tab_content":"<ul>\r\n \t<li style=\"text-align: justify;\">y\u0131\u011fcaml\u0131q;<\/li>\r\n \t<li style=\"text-align: justify;\">n\u0259ql etm\u0259nin rahatl\u0131\u011f\u0131;<\/li>\r\n \t<li style=\"text-align: justify;\">adi rozetkaya qo\u015fulman\u0131n imkan\u0131;<\/li>\r\n \t<li style=\"text-align: justify;\">onun bilavasit\u0259 istismar yerind\u0259 ya\u011f n\u00fcmun\u0259l\u0259rinin t\u0259mizl\u0259m\u0259sini ke\u00e7irm\u0259y\u0259 icaz\u0259 verir;<\/li>\r\n \t<li style=\"text-align: justify;\">i\u015fl\u0259m\u0259yin s\u0259ssizliyi.<\/li>\r\n<\/ul>"}],"add_video_tab":[{"video_tab_title":"Video","add_video_id":[{"video_id":"91KxOkEV8yM"}]}],"add_gallery_tab":[{"gallery_tab_title":"\u015e\u0259kill\u0259r","add_img":[11949,11754,11752,11589,11588,11587,11452,11448,11450,11445,11444]}],"add_price_tab":null,"science_title":"","science_id":null},"language":"az","_links":{"self":[{"href":"https:\/\/globecore.info\/az\/wp-json\/wp\/v2\/pages\/16715","targetHints":{"allow":["GET"]}}],"collection":[{"href":"https:\/\/globecore.info\/az\/wp-json\/wp\/v2\/pages"}],"about":[{"href":"https:\/\/globecore.info\/az\/wp-json\/wp\/v2\/types\/page"}],"author":[{"embeddable":true,"href":"https:\/\/globecore.info\/az\/wp-json\/wp\/v2\/users\/4"}],"replies":[{"embeddable":true,"href":"https:\/\/globecore.info\/az\/wp-json\/wp\/v2\/comments?post=16715"}],"version-history":[{"count":4,"href":"https:\/\/globecore.info\/az\/wp-json\/wp\/v2\/pages\/16715\/revisions"}],"predecessor-version":[{"id":17289,"href":"https:\/\/globecore.info\/az\/wp-json\/wp\/v2\/pages\/16715\/revisions\/17289"}],"up":[{"embeddable":true,"href":"https:\/\/globecore.info\/az\/wp-json\/wp\/v2\/pages\/16657"}],"wp:featuredmedia":[{"embeddable":true,"href":"https:\/\/globecore.info\/az\/wp-json\/wp\/v2\/media\/16179"}],"wp:attachment":[{"href":"https:\/\/globecore.info\/az\/wp-json\/wp\/v2\/media?parent=16715"}],"wp:term":[{"taxonomy":"category","embeddable":true,"href":"https:\/\/globecore.info\/az\/wp-json\/wp\/v2\/categories?post=16715"}],"curies":[{"name":"wp","href":"https:\/\/api.w.org\/{rel}","templated":true}]}}