{"id":16774,"date":"2020-06-16T22:08:44","date_gmt":"2020-06-16T18:08:44","guid":{"rendered":"https:\/\/globecore.info\/products\/pribory\/"},"modified":"2025-05-13T13:11:48","modified_gmt":"2025-05-13T09:11:48","slug":"pribory","status":"publish","type":"page","link":"https:\/\/globecore.info\/az\/products\/pribory\/","title":{"rendered":"Transformator ya\u011f\u0131n\u0131n s\u0131naqlar\u0131 \u00fc\u00e7\u00fcn cihazlar"},"content":{"rendered":"","protected":false},"excerpt":{"rendered":"","protected":false},"author":4,"featured_media":0,"parent":16624,"menu_order":0,"comment_status":"closed","ping_status":"closed","template":"templates\/products-sidebar.php","meta":{"_acf_changed":false,"footnotes":""},"categories":[],"class_list":["post-16774","page","type-page","status-publish","hentry"],"acf":[],"language":"az","_links":{"self":[{"href":"https:\/\/globecore.info\/az\/wp-json\/wp\/v2\/pages\/16774","targetHints":{"allow":["GET"]}}],"collection":[{"href":"https:\/\/globecore.info\/az\/wp-json\/wp\/v2\/pages"}],"about":[{"href":"https:\/\/globecore.info\/az\/wp-json\/wp\/v2\/types\/page"}],"author":[{"embeddable":true,"href":"https:\/\/globecore.info\/az\/wp-json\/wp\/v2\/users\/4"}],"replies":[{"embeddable":true,"href":"https:\/\/globecore.info\/az\/wp-json\/wp\/v2\/comments?post=16774"}],"version-history":[{"count":9,"href":"https:\/\/globecore.info\/az\/wp-json\/wp\/v2\/pages\/16774\/revisions"}],"predecessor-version":[{"id":19626,"href":"https:\/\/globecore.info\/az\/wp-json\/wp\/v2\/pages\/16774\/revisions\/19626"}],"up":[{"embeddable":true,"href":"https:\/\/globecore.info\/az\/wp-json\/wp\/v2\/pages\/16624"}],"wp:attachment":[{"href":"https:\/\/globecore.info\/az\/wp-json\/wp\/v2\/media?parent=16774"}],"wp:term":[{"taxonomy":"category","embeddable":true,"href":"https:\/\/globecore.info\/az\/wp-json\/wp\/v2\/categories?post=16774"}],"curies":[{"name":"wp","href":"https:\/\/api.w.org\/{rel}","templated":true}]}}