{"id":16776,"date":"2020-06-16T22:10:56","date_gmt":"2020-06-16T18:10:56","guid":{"rendered":"https:\/\/globecore.info\/products\/pribory\/ekspress-tester-transformatornogo-masla-toet\/"},"modified":"2024-03-18T10:35:24","modified_gmt":"2024-03-18T06:35:24","slug":"ekspress-tester-transformatornogo-masla-toet","status":"publish","type":"page","link":"https:\/\/globecore.info\/az\/products\/pribory\/ekspress-tester-transformatornogo-masla-toet\/","title":{"rendered":"Transformator ya\u011f\u0131 \u00fc\u00e7\u00fcn TOR-1 \u00f6l\u00e7\u00fc cihaz\u0131"},"content":{"rendered":"","protected":false},"excerpt":{"rendered":"","protected":false},"author":4,"featured_media":19621,"parent":16774,"menu_order":0,"comment_status":"closed","ping_status":"closed","template":"templates\/single-product.php","meta":{"_acf_changed":false,"footnotes":""},"categories":[],"class_list":["post-16776","page","type-page","status-publish","has-post-thumbnail","hentry"],"acf":{"add_tab":[{"tab_title":"T\u0259sviri","tab_content":"<p style=\"text-align: justify;\">TOR-1-in transformator ya\u011f\u0131 \u00fc\u00e7\u00fcn \u00f6l\u00e7\u00fc cihaz\u0131 izolyasiya edilmi\u015f mineral ya\u011flarda h\u0259ll edilmi\u015f suyun k\u00fctl\u0259vi pay\u0131n\u0131n t\u0259yini \u00fc\u00e7\u00fcn n\u0259z\u0259rd\u0259 tutulmu\u015fdur, hans\u0131lar\u0131n ki, qat\u0131l\u0131\u011f\u0131 50\u00b0\u0421 temperatur zaman\u0131 70 sSt \u00f6tm\u00fcr.<\/p>\r\n<p style=\"text-align: justify;\">Bu qur\u011fuyla i\u015f vaxt\u0131 diqq\u0259t\u0259 q\u0259bul etm\u0259k laz\u0131md\u0131r ki, s\u0131nay\u0131c\u0131 yaln\u0131z r\u00fctub\u0259tin s\u00fcr\u0259tli t\u0259yini \u00fc\u00e7\u00fcn oriyentirdir, son analiz \u00fc\u00e7\u00fcn sertifikatla\u015fd\u0131r\u0131lm\u0131\u015f laboratoriyaya m\u00fcraci\u0259t etm\u0259k laz\u0131md\u0131r.<\/p>\r\n<p style=\"text-align: justify;\">Standart laboratoriya analizl\u0259ri, \u0259n yax\u015f\u0131 halda, bir sutka davam edir, v\u0259 insan v\u0259 maliyy\u0259 resursunun b\u00f6y\u00fck x\u0259rcl\u0259rini t\u0259l\u0259b edir. TOR-1-d\u0259n istifad\u0259 q\u0131sa m\u00fcdd\u0259t\u0259 transformator ya\u011f\u0131n\u0131 diaqnostika etm\u0259y\u0259 v\u0259 transformatorun yan\u0131nda sah\u0259 \u015f\u0259raitind\u0259 s\u00fcr\u0259tli q\u0259rar\u0131 q\u0259bul etm\u0259y\u0259 icaz\u0259 verir.<\/p>\r\n<p style=\"text-align: center;\"><strong>TOR-1 cihaz\u0131n\u0131n t\u0259rkibi<\/strong><\/p>\r\n<p style=\"text-align: justify;\">Cihaz \u00f6z\u00fcnd\u0259 qur\u011funun sad\u0259 v\u0259 rahat i\u015fi \u00fc\u00e7\u00fcn b\u00fct\u00fcn laz\u0131m olan\u0131 c\u0259ml\u0259\u015fdirir:<\/p>\r\n\r\n<ul style=\"text-align: justify;\">\r\n \t<li>Yoxlan\u0131lan ya\u011f\u0131n\u0131n r\u00fctub\u0259tin v\u0259 hidrogenin saxlamas\u0131n\u0131n indikasiyas\u0131 \u00fc\u00e7\u00fcn LCD-panel;<\/li>\r\n \t<li>yoxlanan ya\u011f \u00fc\u00e7\u00fcn y\u0131\u011fma st\u0259kan;<\/li>\r\n \t<li>s\u00fcrtk\u00fc v\u0259 izolyasiya edilmi\u015f ya\u011flarda r\u00fctub\u0259tin k\u00fctl\u0259vi pay\u0131n\u0131n t\u0259yini \u00fc\u00e7\u00fcn r\u00fctub\u0259t t\u0259nzim\u00e7isi;<\/li>\r\n \t<li>ka\u011f\u0131za testin n\u0259tic\u0259l\u0259rinin \u00e7ap edilm\u0259si \u00fc\u00e7\u00fcn printer.<\/li>\r\n<\/ul>\r\n<p style=\"text-align: center;\"><strong>\u0130\u015f prinsipi<\/strong><\/p>\r\n<p style=\"text-align: justify;\">Ya\u011fda r\u00fctub\u0259tin \u00f6l\u00e7\u00fcs\u00fc havada r\u00fctub\u0259tin \u00f6l\u00e7\u00fcs\u00fcn\u0259 analojidir. Ya\u011fda suyun miqdar\u0131n\u0131\u00a0 m\u00fctl\u0259q m\u0259na il\u0259 ppm-da v\u0259 ya nisbi qiym\u0259tind\u0259 m\u0259na il\u0259 aw-da\u00a0 t\u0259svir etm\u0259k olar:<\/p>\r\n\r\n<ul style=\"text-align: justify;\">\r\n \t<li>ppm \u2013 r\u00fctub\u0259tl\u0259rin k\u00fctl\u0259sinin ya\u011f\u0131n k\u00fctl\u0259sin\u0259 nisb\u0259tidir;<\/li>\r\n \t<li>aw \u2013 bu ya\u011f\u0131n r\u00fctub\u0259tiyl\u0259 tamamil\u0259 doymu\u015f hiss\u0259 kimi r\u00fctub\u0259tin faktiki miqdar\u0131dur.<\/li>\r\n<\/ul>\r\n<p style=\"text-align: justify;\">Aw=0 m\u0259nas\u0131 susuz ya\u011fa uy\u011fundur, halbuki aw=1 r\u00fctub\u0259tl\u0259 tamamil\u0259 doymu\u015f ya\u011fa uy\u011fundur.<\/p>\r\n<p style=\"text-align: justify;\">Cihaz tutumlu sensorun k\u00f6m\u0259yi il\u0259 aw-\u0131 \u00f6l\u00e7\u00fcr, hans\u0131 ki, uzun vaxt \u0259rzind\u0259 sabitliyi t\u0259min edir v\u0259 \u00e7irkl\u0259ndirm\u0259l\u0259r\u0259 \u0259la davaml\u0131d\u0131r. \u00d6l\u00e7\u00fcl\u0259n fiziki vahidl\u0259r \u2013 aw suyunun f\u0259all\u0131\u011f\u0131d\u0131r v\u0259 T temperaturudur. Bu \u00f6l\u00e7\u00fcl\u0259rd\u0259n istifad\u0259 ed\u0259r\u0259k, ekspress-s\u0131nay\u0131c\u0131 mineral transformator ya\u011f\u0131nda r\u00fctub\u0259tin (ppm) hiss\u0259sini hesablay\u0131r. Qeyri-mineral transformator ya\u011flar\u0131nda v\u0259 s\u00fcrtk\u00fc ya\u011flar\u0131nda suyun miqdar\u0131n\u0131n hesablamas\u0131 bu ya\u011flar\u0131n m\u00fc\u0259yy\u0259n parametrl\u0259rinin daxil etm\u0259si yolu il\u0259 yerin\u0259 yetirilmi\u015f ola bil\u0259r. \u00d6l\u00e7\u00fclm\u00fc\u015f v\u0259 hesablanm\u0131\u015f m\u0259nalar iki azad miqyas\u0131 b\u00f6y\u00fcd\u00fcl\u0259n v\u0259 konfiqurasiya edil\u0259n analoq \u00e7\u0131x\u0131\u015f\u0131nda m\u00fcmk\u00fcnd\u00fcr.<\/p>"}],"add_def_tab":[{"tab_title":"Texniki x\u00fcsusiyy\u0259tl\u0259r","tab_content":"<table width=\"642\">\r\n<tbody>\r\n<tr>\r\n<td width=\"51\"><strong>\u2116<\/strong><\/td>\r\n<td width=\"439\">\r\n<p style=\"text-align: center;\"><strong>Parametrin ad\u0131<\/strong><\/p>\r\n<\/td>\r\n<td width=\"153\">\r\n<p style=\"text-align: center;\"><strong>M\u0259na<\/strong><\/p>\r\n<\/td>\r\n<\/tr>\r\n<tr>\r\n<td width=\"51\">1.<\/td>\r\n<td width=\"439\">\r\n<p style=\"text-align: left;\">\u0130\u015f diapazonu, aw (suyun f\u0259all\u0131\u011f\u0131 (aw))<\/p>\r\n<\/td>\r\n<td width=\"153\">\r\n<p style=\"text-align: center;\">0\u20261<\/p>\r\n<\/td>\r\n<\/tr>\r\n<tr>\r\n<td width=\"51\">2.<\/td>\r\n<td width=\"439\">\r\n<p style=\"text-align: left;\">H\u0259ll edilmi\u015f suyun miqdar\u0131n\u0131n \u00f6l\u00e7\u00fcs\u00fcn\u00fcn i\u015f diapazonu, ppm<\/p>\r\n<\/td>\r\n<td width=\"153\">\r\n<p style=\"text-align: center;\">0\u2026.500<\/p>\r\n<\/td>\r\n<\/tr>\r\n<tr>\r\n<td width=\"51\">3.<\/td>\r\n<td width=\"439\">\r\n<p style=\"text-align: left;\">20 \u00b0C zaman\u0131 d\u0259qiqlik<\/p>\r\n<\/td>\r\n<td width=\"153\">\r\n<p style=\"text-align: center;\">\u00b10.02 aw (0\u20260.9 aw) \u00b10.03 aw (0.9\u20261 aw)<\/p>\r\n<\/td>\r\n<\/tr>\r\n<tr>\r\n<td width=\"51\">4.<\/td>\r\n<td width=\"439\">\r\n<p style=\"text-align: left;\">Temperaturun \u00f6l\u00e7m\u0259si<\/p>\r\n<\/td>\r\n<td width=\"153\">\r\n<p style=\"text-align: center;\">b\u0259li<\/p>\r\n<\/td>\r\n<\/tr>\r\n<tr>\r\n<td width=\"51\">5.<\/td>\r\n<td width=\"439\">\r\n<p style=\"text-align: left;\">\u0130\u015f m\u00fchitin temperaturu, \u00b0\u0421<\/p>\r\n<\/td>\r\n<td width=\"153\">\r\n<p style=\"text-align: center;\">0\u202655<\/p>\r\n<\/td>\r\n<\/tr>\r\n<tr>\r\n<td width=\"51\">6.<\/td>\r\n<td width=\"439\">\r\n<p style=\"text-align: left;\">T\u0259yin edilmi\u015f g\u00fcc, Vt<\/p>\r\n<\/td>\r\n<td width=\"153\">\r\n<p style=\"text-align: center;\">10<\/p>\r\n<\/td>\r\n<\/tr>\r\n<tr>\r\n<td width=\"51\">7.<\/td>\r\n<td width=\"439\">\r\n<p style=\"text-align: left;\">50 Hs tezlikl\u0259 d\u0259yi\u015f\u0259n c\u0259r\u0259yan\u0131n birfazal\u0131 \u015f\u0259b\u0259k\u0259sinin t\u0259chizetm\u0259nin g\u0259rginliyi, V<\/p>\r\n<\/td>\r\n<td width=\"153\">\r\n<p style=\"text-align: center;\">220<\/p>\r\n<\/td>\r\n<\/tr>\r\n<tr>\r\n<td width=\"51\">8.<\/td>\r\n<td width=\"439\">\r\n<p style=\"text-align: left;\">Qabarit \u00f6l\u00e7\u00fcl\u0259ri, \u0259n \u00e7ox mm<\/p>\r\n<p style=\"text-align: left;\">\u2013 uzunluq<\/p>\r\n<p style=\"text-align: left;\">\u2013 enlik<\/p>\r\n<p style=\"text-align: left;\">\u2013 h\u00fcnd\u00fcrl\u00fck<\/p>\r\n<\/td>\r\n<td width=\"153\">\r\n<p style=\"text-align: center;\">180<\/p>\r\n<p style=\"text-align: center;\">180<\/p>\r\n<p style=\"text-align: center;\">380<\/p>\r\n<\/td>\r\n<\/tr>\r\n<tr>\r\n<td width=\"51\">9.<\/td>\r\n<td width=\"439\">\r\n<p style=\"text-align: left;\">\u00c7\u0259ki, \u0259n \u00e7ox kq<\/p>\r\n<\/td>\r\n<td width=\"153\">\r\n<p style=\"text-align: center;\">6<\/p>\r\n<\/td>\r\n<\/tr>\r\n<\/tbody>\r\n<\/table>"},{"tab_title":"\u00dcst\u00fcnl\u00fckl\u0259r","tab_content":"<ul>\r\n \t<li style=\"text-align: justify;\">\u00a0y\u0131\u011fcaml\u0131q;<\/li>\r\n \t<li style=\"text-align: justify;\">i\u015fd\u0259 sad\u0259lik: s\u0131na\u011f\u0131n d\u0259yi\u015fm\u0259si \u00fc\u00e7\u00fcn \u00e7\u0131xar\u0131lan st\u0259kan\u0131 \u0259v\u0259z etm\u0259k v\u0259 \u00f6l\u00e7\u00fcl\u0259r\u0259 ba\u015flamaq \u00fc\u00e7\u00fcn \"Start\" d\u00fcym\u0259sini basmaq kifay\u0259tdir;<\/li>\r\n \t<li style=\"text-align: justify;\">\u00e7oxfunksionnall\u0131q;<\/li>\r\n \t<li style=\"text-align: justify;\">f\u0259rdi komp\u00fctersiz i\u015fl\u0259yir;<\/li>\r\n \t<li style=\"text-align: justify;\">m\u00fcdafi\u0259nin (metal vandall\u0131\u011fa qar\u015f\u0131 d\u00fcym\u0259l\u0259r, h\u0259ssas elementin m\u00fcdafi\u0259si, elektrik avadanl\u0131\u011f\u0131n\u0131n inteqrasiya edilmi\u015f m\u00fcdafi\u0259si) v\u0259 sabitl\u0259\u015fdirilmi\u015f qida m\u0259nb\u0259yinin kifay\u0259t q\u0259d\u0259r d\u0259r\u0259c\u0259sinin hesab\u0131na transformatorun yan\u0131nda sah\u0259 \u015f\u0259raitind\u0259 ya\u011f\u0131n yoxlan\u0131lmas\u0131 \u00fc\u00e7\u00fcn istifad\u0259 oluna bil\u0259r;<\/li>\r\n \t<li style=\"text-align: justify;\">\u00a0\u00f6l\u00e7\u00fcl\u0259rin n\u0259tic\u0259l\u0259ri inteqrasiya edilmi\u015f printerd\u0259 \u00e7ap etm\u0259k olar.<\/li>\r\n<\/ul>"}],"add_video_tab":[{"video_tab_title":"Video","add_video_id":[{"video_id":"v4tZqGJEyF0"}]}],"add_gallery_tab":[{"gallery_tab_title":"Foto","add_img":[17421,17419,17417,17415]}],"add_price_tab":null,"science_title":"","science_id":null},"language":"az","_links":{"self":[{"href":"https:\/\/globecore.info\/az\/wp-json\/wp\/v2\/pages\/16776","targetHints":{"allow":["GET"]}}],"collection":[{"href":"https:\/\/globecore.info\/az\/wp-json\/wp\/v2\/pages"}],"about":[{"href":"https:\/\/globecore.info\/az\/wp-json\/wp\/v2\/types\/page"}],"author":[{"embeddable":true,"href":"https:\/\/globecore.info\/az\/wp-json\/wp\/v2\/users\/4"}],"replies":[{"embeddable":true,"href":"https:\/\/globecore.info\/az\/wp-json\/wp\/v2\/comments?post=16776"}],"version-history":[{"count":3,"href":"https:\/\/globecore.info\/az\/wp-json\/wp\/v2\/pages\/16776\/revisions"}],"predecessor-version":[{"id":17423,"href":"https:\/\/globecore.info\/az\/wp-json\/wp\/v2\/pages\/16776\/revisions\/17423"}],"up":[{"embeddable":true,"href":"https:\/\/globecore.info\/az\/wp-json\/wp\/v2\/pages\/16774"}],"wp:featuredmedia":[{"embeddable":true,"href":"https:\/\/globecore.info\/az\/wp-json\/wp\/v2\/media\/19621"}],"wp:attachment":[{"href":"https:\/\/globecore.info\/az\/wp-json\/wp\/v2\/media?parent=16776"}],"wp:term":[{"taxonomy":"category","embeddable":true,"href":"https:\/\/globecore.info\/az\/wp-json\/wp\/v2\/categories?post=16776"}],"curies":[{"name":"wp","href":"https:\/\/api.w.org\/{rel}","templated":true}]}}