{"id":16780,"date":"2020-12-29T12:25:04","date_gmt":"2020-12-29T08:25:04","guid":{"rendered":"https:\/\/globecore.info\/products\/pribory\/pribor-dlya-opredeleniya-soderzhaniya-vlagi-i-vodoroda-v-transformatornom-masle-toet-2\/"},"modified":"2024-03-18T10:36:09","modified_gmt":"2024-03-18T06:36:09","slug":"pribor-dlya-opredeleniya-soderzhaniya-vlagi-i-vodoroda-v-transformatornom-masle-toet-2","status":"publish","type":"page","link":"https:\/\/globecore.info\/az\/products\/pribory\/pribor-dlya-opredeleniya-soderzhaniya-vlagi-i-vodoroda-v-transformatornom-masle-toet-2\/","title":{"rendered":"Transformator ya\u011f\u0131 \u00fc\u00e7\u00fcn TOR-2 \u00f6l\u00e7\u00fc cihaz\u0131"},"content":{"rendered":"","protected":false},"excerpt":{"rendered":"","protected":false},"author":4,"featured_media":19599,"parent":16774,"menu_order":0,"comment_status":"closed","ping_status":"closed","template":"templates\/single-product.php","meta":{"_acf_changed":false,"footnotes":""},"categories":[],"class_list":["post-16780","page","type-page","status-publish","has-post-thumbnail","hentry"],"acf":{"add_tab":[{"tab_title":"T\u0259sviri","tab_content":"<p style=\"text-align: justify;\">TOR-2-in transformator ya\u011f\u0131n\u0131n ekspress-s\u0131nay\u0131c\u0131s\u0131 efir \u0259sas\u0131nda mineral izolyas\u0131ya edilmi\u015f ya\u011flarda v\u0259 izolyasiya edilmi\u015f ya\u011flarda r\u00fctub\u0259tin v\u0259 hidrogenin miqdar\u0131nun m\u00fc\u0259yy\u0259n edilm\u0259si \u00fc\u00e7\u00fcn n\u0259z\u0259rd\u0259 tutulmu\u015fdur. R\u00fctub\u0259tin v\u0259 hidrogenin miqdar\u0131 milyonluq hiss\u0259l\u0259rd\u0259 (ppm) m\u00fc\u0259yy\u0259n edilir.<\/p>\r\n<p style=\"text-align: justify;\">Ya\u011fda hidrogenin v\u0259 r\u00fctub\u0259tin miqdar\u0131n\u0131, h\u0259m\u00e7inin onun d\u0259yi\u015fikliyinin s\u00fcr\u0259tini bil\u0259r\u0259k, transformatorun s\u0131radan \u00e7\u0131xmas\u0131na imkan verm\u0259m\u0259k \u00fc\u00e7\u00fcn, qabaqcadan transformatorda inki\u015faf ed\u0259n q\u00fcsurlar\u0131 m\u00fc\u0259yy\u0259n etm\u0259k v\u0259 vaxt\u0131nda t\u0259dbir g\u00f6rm\u0259k olar.<\/p>\r\n<p style=\"text-align: center;\"><strong>Rut\u00fcb\u0259tin miqdar\u0131n\u0131n \u00f6l\u00e7\u00fcs\u00fc<\/strong><\/p>\r\n<p style=\"text-align: justify;\">Cihaz tutumlu t\u0259nzim\u00e7inin k\u00f6m\u0259yi il\u0259 suyun f\u0259all\u0131\u011f\u0131n\u0131 \u00f6l\u00e7\u00fcr, hans\u0131 ki, uzun vaxt \u0259rzind\u0259 sabitliyi t\u0259min edir v\u0259 v\u0259 \u00e7irkl\u0259ndirm\u0259l\u0259rin t\u0259sirin\u0259 meyilli deyil. H\u0259m\u00e7inin ya\u011f\u0131n temperaturu \u00f6l\u00e7\u00fcl\u00fcr. Bu \u00f6l\u00e7\u00fcl\u0259r \u0259sas\u0131nda r\u00fctub\u0259tin miqdar\u0131 hesablan\u0131r.<\/p>\r\n<p style=\"text-align: center;\"><strong>Hidrogenin miqdar\u0131n\u0131n \u00f6l\u00e7\u00fcs\u00fc<\/strong><\/p>\r\n<p style=\"text-align: justify;\">Hidrogenin miqdar\u0131n\u0131n \u00f6l\u00e7\u00fcs\u00fc \u00fc\u00e7\u00fcn bilavasit\u0259 ya\u011fa y\u00fckl\u0259nmi\u015f y\u00fcks\u0259k se\u00e7m\u0259 qabiliyy\u0259tiyl\u0259 s\u0259rtg\u00f6vd\u0259li t\u0259nzim\u00e7id\u0259n istifad\u0259 olunur. T\u0259nzim\u00e7i d\u0259qiqliyi v\u0259 d\u00fcz \u00f6l\u00e7\u00fcl\u0259rin etibarl\u0131l\u0131\u011f\u0131n\u0131 t\u0259min edir. Ya\u011fda hidrogenin a\u015fa\u011f\u0131 h\u0259ll ola bilm\u0259si v\u0259 diffuziyaya onun y\u00fcks\u0259k qabiliyy\u0259ti transformatorda q\u00fcsurun m\u00f6vcudlu\u011funu a\u015fkar etm\u0259y\u0259 icaz\u0259 ver\u0259r\u0259k ki\u00e7ik konsentrasiyalar zaman\u0131 onun a\u015fkar etm\u0259sini y\u00fcng\u00fcll\u0259\u015fdirir.<\/p>"}],"add_def_tab":[{"tab_title":"Texniki x\u00fcsusiyy\u0259tl\u0259r","tab_content":"<table>\r\n<tbody>\r\n<tr>\r\n<td><strong>\u2116<\/strong><\/td>\r\n<td>\r\n<p style=\"text-align: center;\"><strong>Parametrin ad\u0131<\/strong><\/p>\r\n<\/td>\r\n<td>\r\n<p style=\"text-align: center;\"><strong>M\u0259na<\/strong><\/p>\r\n<\/td>\r\n<\/tr>\r\n<tr>\r\n<td colspan=\"3\">\r\n<p style=\"text-align: left;\">Ru\u00fct\u00fcb\u0259t \u00f6l\u00e7m\u0259sinin x\u00fcsussiyy\u0259tl\u0259ri<\/p>\r\n<\/td>\r\n<\/tr>\r\n<tr>\r\n<td>1<\/td>\r\n<td>\r\n<p style=\"text-align: left;\">\u0130\u015f diapazonu, aw (suyun f\u0259all\u0131\u011f\u0131 (aw))<\/p>\r\n<\/td>\r\n<td>\r\n<p style=\"text-align: center;\">0\u20261<\/p>\r\n<\/td>\r\n<\/tr>\r\n<tr>\r\n<td>2<\/td>\r\n<td>\r\n<p style=\"text-align: left;\">20 \u00b0C zaman\u0131 d\u0259qiqlik (68 \u00b0F)<\/p>\r\n<\/td>\r\n<td>\r\n<p style=\"text-align: center;\">\u00b10.02 aw (0\u20260.9 aw) \u00b10.03 aw (0.9\u20261 aw)<\/p>\r\n<\/td>\r\n<\/tr>\r\n<tr>\r\n<td>3<\/td>\r\n<td>\r\n<p style=\"text-align: left;\">Temperaturun \u00f6l\u00e7m\u0259si<\/p>\r\n<\/td>\r\n<td>\r\n<p style=\"text-align: center;\">\u0434\u0430<\/p>\r\n<\/td>\r\n<\/tr>\r\n<tr>\r\n<td>4<\/td>\r\n<td>\r\n<p style=\"text-align: left;\">\u0130\u015f m\u00fchitin temperaturu, \u00b0\u0421 (\u00b0F)<\/p>\r\n<\/td>\r\n<td>\r\n<p style=\"text-align: center;\">0\u202655 (32\u2026 131)<\/p>\r\n<\/td>\r\n<\/tr>\r\n<tr>\r\n<td colspan=\"3\">\r\n<p style=\"text-align: left;\">Hidrogen \u00f6l\u00e7m\u0259sinin x\u00fcsusiyy\u0259tl\u0259ri<\/p>\r\n<\/td>\r\n<\/tr>\r\n<tr>\r\n<td>6<\/td>\r\n<td>\r\n<p style=\"text-align: left;\">\u00d6l\u00e7m\u0259 diapazonu, ppm<\/p>\r\n<\/td>\r\n<td>\r\n<p style=\"text-align: center;\">25-5000<\/p>\r\n<\/td>\r\n<\/tr>\r\n<tr>\r\n<td>7<\/td>\r\n<td>\r\n<p style=\"text-align: left;\">D\u0259qiqlik<\/p>\r\n<\/td>\r\n<td>\r\n<p style=\"text-align: center;\">G\u00f6st\u0259ricil\u0259rd\u0259n 20% v\u0259 ya 25 ppm<\/p>\r\n<\/td>\r\n<\/tr>\r\n<tr>\r\n<td>8<\/td>\r\n<td>\r\n<p style=\"text-align: left;\">T\u0259krarlama<\/p>\r\n<\/td>\r\n<td>\r\n<p style=\"text-align: center;\">G\u00f6st\u0259ricil\u0259rd\u0259n 10% v\u0259 ya 15 ppm<\/p>\r\n<\/td>\r\n<\/tr>\r\n<tr>\r\n<td>9<\/td>\r\n<td>\r\n<p style=\"text-align: left;\">Cavab\u0131n vaxt\u0131<\/p>\r\n<\/td>\r\n<td>\r\n<p style=\"text-align: center;\">&lt;60 d\u0259q (add\u0131m\u0131n d\u0259yi\u015fm\u0259sinin 90%)<\/p>\r\n<\/td>\r\n<\/tr>\r\n<tr>\r\n<td>10<\/td>\r\n<td>\r\n<p style=\"text-align: left;\">K\u0259si\u015fm\u0259 h\u0259ssasl\u0131q:<\/p>\r\n<\/td>\r\n<td>\r\n<p style=\"text-align: center;\">Ba\u015fqa qazlara qar\u015f\u0131 k\u0259si\u015fm\u0259 h\u0259ssasl\u0131\u011f\u0131n 2% a\u015fa\u011f\u0131 (CO, CO2, karbohidrogenl\u0259r)<\/p>\r\n<\/td>\r\n<\/tr>\r\n<tr>\r\n<td>11<\/td>\r\n<td>\r\n<p style=\"text-align: left;\">\u0130\u015f m\u00fchitin temperaturu, \u00b0\u0421 (\u00b0F)<\/p>\r\n<\/td>\r\n<td>\r\n<p style=\"text-align: center;\">0\u202655 (32\u2026 131)<\/p>\r\n<\/td>\r\n<\/tr>\r\n<tr>\r\n<td>13<\/td>\r\n<td>\r\n<p style=\"text-align: left;\">T\u0259yin edil\u0259n g\u00fcc, \u0412\u0442<\/p>\r\n<\/td>\r\n<td>\r\n<p style=\"text-align: center;\">60<\/p>\r\n<\/td>\r\n<\/tr>\r\n<tr>\r\n<td>14<\/td>\r\n<td>\r\n<p style=\"text-align: left;\">50 Hs tezlikl\u0259 d\u0259yi\u015f\u0259n c\u0259r\u0259yan\u0131n birfazal\u0131 \u015f\u0259b\u0259k\u0259sinin t\u0259chizetm\u0259nin g\u0259rginliyi, V<\/p>\r\n<\/td>\r\n<td>\r\n<p style=\"text-align: center;\">220<\/p>\r\n<\/td>\r\n<\/tr>\r\n<tr>\r\n<td>15<\/td>\r\n<td>\r\n<p style=\"text-align: left;\">Qabarit \u00f6l\u00e7\u00fcl\u0259ri, \u0259n \u00e7ox mm<\/p>\r\n<p style=\"text-align: left;\">\u2013 uzunluq<\/p>\r\n<p style=\"text-align: left;\">\u2013 enlik<\/p>\r\n<p style=\"text-align: left;\">\u2013 h\u00fcnd\u00fcrl\u00fck<\/p>\r\n<\/td>\r\n<td>\r\n<p style=\"text-align: center;\">235 (9)<\/p>\r\n<p style=\"text-align: center;\">265 (10)<\/p>\r\n<p style=\"text-align: center;\">350 (14)<\/p>\r\n<\/td>\r\n<\/tr>\r\n<tr>\r\n<td>16<\/td>\r\n<td>\r\n<p style=\"text-align: left;\">\u00c7\u0259ki, \u0259n \u00e7ox kq<\/p>\r\n<\/td>\r\n<td>\r\n<p style=\"text-align: center;\">10 (22)<\/p>\r\n<\/td>\r\n<\/tr>\r\n<\/tbody>\r\n<\/table>"},{"tab_title":"\u00dcst\u00fcnl\u00fckl\u0259r","tab_content":"<ul>\r\n \t<li style=\"text-align: justify;\">r\u00fctub\u0259tin v\u0259 hidrogenin h\u0259tta az miqdarlarda m\u00fc\u0259yy\u0259n edilm\u0259si;<\/li>\r\n \t<li style=\"text-align: justify;\">hidrogenin miqdar\u0131n\u0131n fasil\u0259siz izl\u0259m\u0259si yarad\u0131lan z\u0259d\u0259l\u0259r haqq\u0131nda etibarl\u0131 m\u0259lumat\u0131 verir, hans\u0131lar ki, transformatorun nasazl\u0131\u011f\u0131na g\u0259tirib \u00e7\u0131xara bil\u0259r;<\/li>\r\n \t<li style=\"text-align: justify;\">y\u0131\u011fcaml\u0131q;<\/li>\r\n \t<li style=\"text-align: justify;\">i\u015fd\u0259 (s\u0131na\u011f\u0131n d\u0259yi\u015fm\u0259si \u00fc\u00e7\u00fcn \u00e7\u0131xar\u0131lan st\u0259kan\u0131 \u0259v\u0259z etm\u0259k v\u0259 \u00f6l\u00e7\u00fcl\u0259r\u0259 ba\u015flamaq \u00fc\u00e7\u00fcn \"Start\" d\u00fcym\u0259sini basmaq kifay\u0259tdir) sad\u0259lik;<\/li>\r\n \t<li style=\"text-align: justify;\">\u00f6l\u00e7\u00fcl\u0259r \u00fc\u00e7\u00fcn m\u0259xaric materiallar\u0131 laz\u0131m deyil;<\/li>\r\n \t<li style=\"text-align: justify;\">ya\u011fda ba\u015fqa m\u00f6vcudlu\u011fu \u00f6l\u00e7\u00fcl\u0259rin etibarl\u0131l\u0131\u011f\u0131na t\u0259sir etmir;<\/li>\r\n \t<li style=\"text-align: justify;\">kalibrl\u0259m\u0259nin y\u00fcng\u00fcll\u00fcy\u00fc;<\/li>\r\n \t<li style=\"text-align: justify;\">profilaktik xidm\u0259ti t\u0259l\u0259b etmir.<\/li>\r\n<\/ul>"}],"add_video_tab":[{"video_tab_title":"Video","add_video_id":[{"video_id":"eUPjm62hHdw"}]}],"add_gallery_tab":null,"add_price_tab":null,"science_title":"","science_id":null},"language":"az","_links":{"self":[{"href":"https:\/\/globecore.info\/az\/wp-json\/wp\/v2\/pages\/16780","targetHints":{"allow":["GET"]}}],"collection":[{"href":"https:\/\/globecore.info\/az\/wp-json\/wp\/v2\/pages"}],"about":[{"href":"https:\/\/globecore.info\/az\/wp-json\/wp\/v2\/types\/page"}],"author":[{"embeddable":true,"href":"https:\/\/globecore.info\/az\/wp-json\/wp\/v2\/users\/4"}],"replies":[{"embeddable":true,"href":"https:\/\/globecore.info\/az\/wp-json\/wp\/v2\/comments?post=16780"}],"version-history":[{"count":2,"href":"https:\/\/globecore.info\/az\/wp-json\/wp\/v2\/pages\/16780\/revisions"}],"predecessor-version":[{"id":16782,"href":"https:\/\/globecore.info\/az\/wp-json\/wp\/v2\/pages\/16780\/revisions\/16782"}],"up":[{"embeddable":true,"href":"https:\/\/globecore.info\/az\/wp-json\/wp\/v2\/pages\/16774"}],"wp:featuredmedia":[{"embeddable":true,"href":"https:\/\/globecore.info\/az\/wp-json\/wp\/v2\/media\/19599"}],"wp:attachment":[{"href":"https:\/\/globecore.info\/az\/wp-json\/wp\/v2\/media?parent=16780"}],"wp:term":[{"taxonomy":"category","embeddable":true,"href":"https:\/\/globecore.info\/az\/wp-json\/wp\/v2\/categories?post=16780"}],"curies":[{"name":"wp","href":"https:\/\/api.w.org\/{rel}","templated":true}]}}