{"id":16784,"date":"2020-11-24T18:13:30","date_gmt":"2020-11-24T14:13:30","guid":{"rendered":"https:\/\/globecore.info\/products\/pribory\/pribor-dlya-izmereniya-tangensa-ugla-dielektricheskih-poter-i-dielektricheskoj-pronitsaemosti-zhidkih-dielektrikov\/"},"modified":"2024-11-22T16:10:10","modified_gmt":"2024-11-22T12:10:10","slug":"pribor-dlya-izmereniya-tangensa-ugla-dielektricheskih-poter-i-dielektricheskoj-pronitsaemosti-zhidkih-dielektrikov","status":"publish","type":"page","link":"https:\/\/globecore.info\/az\/products\/pribory\/pribor-dlya-izmereniya-tangensa-ugla-dielektricheskih-poter-i-dielektricheskoj-pronitsaemosti-zhidkih-dielektrikov\/","title":{"rendered":"Transformator ya\u011f\u0131 \u00fc\u00e7\u00fcn TOR-3 \u00f6l\u00e7\u00fc cihaz\u0131"},"content":{"rendered":"","protected":false},"excerpt":{"rendered":"","protected":false},"author":4,"featured_media":16468,"parent":16774,"menu_order":0,"comment_status":"closed","ping_status":"closed","template":"templates\/single-product.php","meta":{"_acf_changed":false,"footnotes":""},"categories":[],"class_list":["post-16784","page","type-page","status-publish","has-post-thumbnail","hentry"],"acf":{"add_tab":[{"tab_title":"T\u0259svir","tab_content":"<div class=\"flex-shrink-0 flex flex-col relative items-end\">\r\n<div>\r\n<div class=\"pt-0\">\r\n<div class=\"gizmo-bot-avatar flex h-8 w-8 items-center justify-center overflow-hidden rounded-full\">\r\n<div class=\"relative p-1 rounded-sm flex items-center justify-center bg-token-main-surface-primary text-token-text-primary h-8 w-8\" style=\"text-align: justify;\">TOR-3 cihaz\u0131 dielektrik itkil\u0259rin tangens buca\u011f\u0131n\u0131n, x\u00fcsusi m\u00fcqavim\u0259tinin v\u0259 transformator ya\u011f\u0131n\u0131n v\u0259 ba\u015fqa maye dielektrikl\u0259rin dielektrik ke\u00e7iciliyinin m\u00fc\u0259yy\u0259n edilm\u0259si \u00fc\u00e7\u00fcn IEC 60247-2004-02 (VDE-0380-2:2005_01), ASTM D924-08, ASTM D1169-02 uy\u011fun olaraq n\u0259z\u0259rd\u0259 tutulmu\u015fdur.<\/div>\r\n<\/div>\r\n<\/div>\r\n<\/div>\r\n<\/div>\r\n<p style=\"text-align: justify;\">O bu standartlarla m\u00fc\u0259yy\u0259n edil\u0259n prosedurlara \u0259sas\u0259n h\u0259m\u00e7inin qura\u015fd\u0131rman\u0131n menyusunun uy\u011fun olan b\u00f6lm\u0259sind\u0259 veril\u0259n istifad\u0259\u00e7inin prosedurlar\u0131na \u0259sas\u0259n yoxlaman\u0131n icra edilm\u0259sini t\u0259min ed\u0259n tamamil\u0259 avtomatik qur\u011funu t\u0259\u015fkil edir.<\/p>\r\n<p style=\"text-align: center;\"><strong>\u0130\u015f prinsipi<\/strong><\/p>\r\n<p style=\"text-align: justify;\">Cihaz\u0131n i\u015f prinsipi, eyni zamanda 2 kV-a q\u0259d\u0259r q\u00fcvv\u0259d\u0259 olan m\u0259na il\u0259 s\u0131naq sinusoidal g\u0259rginliyinin verm\u0259si vaxt\u0131 etalon kondensatoruna v\u0259 \u00f6l\u00e7\u00fcn\u00fcn obyektin\u0259, hans\u0131 ki, qura\u015fd\u0131rman\u0131n \u00f6l\u00e7\u00fc hiss\u0259si olur, al\u0131nan \u00f6l\u00e7\u00fcs\u00fcn\u0259 \u0259sasland\u0131r\u0131lm\u0131\u015f, amplitudalar\u0131n v\u0259 siqnallar\u0131n fazalar\u0131n f\u0259rqind\u0259 \u0259saslan\u0131r.<\/p>\r\n<p style=\"text-align: justify;\">Etalon kondensatorundan v\u0259 \u00f6l\u00e7\u00fc hiss\u0259sinin daxili elektrodundan al\u0131nan siqnallar\u0131n amplitudalar\u0131n\u0131n f\u0259rqi, t\u0259dqiq edil\u0259n mayenin dielektrik ke\u00e7irilm\u0259sin\u0259 b\u0259rab\u0259rdir. Etalon kondensatorundan v\u0259 \u00f6l\u00e7\u00fc hiss\u0259sind\u0259n daxili elektrodundan siqnallar\u0131n fazalar\u0131ndan al\u0131nan f\u0259rqi dielektrik itkil\u0259rin k\u00fcnc\u00fcn\u00fcn buca\u011f\u0131n\u0131n tangensinin \u00f6l\u00e7\u00fcs\u00fcn\u00fc xarakteriz\u0259 edir.<\/p>"}],"add_def_tab":[{"tab_title":"Texniki x\u00fcsusiyy\u0259tl\u0259r","tab_content":"<table>\r\n<tbody>\r\n<tr>\r\n<td width=\"40\"><strong>\u2116<\/strong><\/td>\r\n<td width=\"267\">\r\n<p style=\"text-align: center;\"><strong>Ad\u0131<\/strong><\/p>\r\n<\/td>\r\n<td width=\"153\">\r\n<p style=\"text-align: center;\"><strong>M\u0259na<\/strong><\/p>\r\n<\/td>\r\n<\/tr>\r\n<tr>\r\n<td width=\"40\">1<\/td>\r\n<td width=\"267\">\r\n<p style=\"text-align: left;\">D\u0259yi\u015f\u0259n c\u0259r\u0259yan\u0131n i\u015f g\u0259rginliyi, V<\/p>\r\n<\/td>\r\n<td width=\"153\">\r\n<p style=\"text-align: center;\">85 \u2013 264<\/p>\r\n<\/td>\r\n<\/tr>\r\n<tr>\r\n<td width=\"40\">2<\/td>\r\n<td width=\"267\">\r\n<p style=\"text-align: left;\">Qidaland\u0131ran \u015f\u0259b\u0259k\u0259nin tezliyi, Hs<\/p>\r\n<\/td>\r\n<td width=\"153\">\r\n<p style=\"text-align: center;\">48 \u2013 63<\/p>\r\n<\/td>\r\n<\/tr>\r\n<tr>\r\n<td width=\"40\">3<\/td>\r\n<td width=\"267\">\r\n<p style=\"text-align: left;\">\u0130stehlak edil\u0259n g\u00fcc, V\u0410<\/p>\r\n<\/td>\r\n<td width=\"153\">\r\n<p style=\"text-align: center;\">\u018fn \u00e7ox 250<\/p>\r\n<\/td>\r\n<\/tr>\r\n<tr>\r\n<td width=\"40\">3<\/td>\r\n<td width=\"267\">\r\n<p style=\"text-align: left;\">T\u0259tbiq edil\u0259n \u00f6l\u00e7\u00fcl\u00fc g\u0259rginlik \u0410S, kV<\/p>\r\n<\/td>\r\n<td width=\"153\">\r\n<p style=\"text-align: center;\">Sinusoidal,<\/p>\r\n<p style=\"text-align: center;\">500 \u2013 2000 V h\u0259r.<\/p>\r\n<\/td>\r\n<\/tr>\r\n<tr>\r\n<td width=\"40\">4<\/td>\r\n<td width=\"267\">\r\n<p style=\"text-align: left;\">\u00d6l\u00e7m\u0259 diapazonu tan \u03b4<\/p>\r\n<\/td>\r\n<td width=\"153\">\r\n<p style=\"text-align: center;\">0,00001 \u2013 1<\/p>\r\n<\/td>\r\n<\/tr>\r\n<tr>\r\n<td width=\"40\">5<\/td>\r\n<td width=\"267\">\r\n<p style=\"text-align: left;\">\u00d6l\u00e7m\u0259 zaman\u0131 icaz\u0259\u00a0 tan \u03b4<\/p>\r\n<\/td>\r\n<td width=\"153\">\r\n<p style=\"text-align: center;\">1\u044510<sup>-5<\/sup><\/p>\r\n<\/td>\r\n<\/tr>\r\n<tr>\r\n<td width=\"40\">6<\/td>\r\n<td width=\"267\">\r\n<p style=\"text-align: left;\">\u00d6l\u00e7\u00fcn\u00fcn s\u0259hvi tan \u03b4<\/p>\r\n<\/td>\r\n<td width=\"153\">\r\n<p style=\"text-align: center;\">+\/- 1% \u00f6l\u00e7\u00fcl\u0259nd\u0259n + 0,00008<\/p>\r\n<\/td>\r\n<\/tr>\r\n<tr>\r\n<td width=\"40\">7<\/td>\r\n<td width=\"267\">\r\n<p style=\"text-align: left;\">Nisbi dielektrik ke\u00e7iciliyin \u00f6l\u00e7\u00fcs\u00fcn\u00fcn diapazonu \u03b5<\/p>\r\n<\/td>\r\n<td width=\"153\">\r\n<p style=\"text-align: center;\">1,0 \u2013 15,0<\/p>\r\n<\/td>\r\n<\/tr>\r\n<tr>\r\n<td width=\"40\">8<\/td>\r\n<td width=\"267\">\r\n<p style=\"text-align: left;\">\u00d6l\u00e7\u00fcn\u00fcn s\u0259hvi \u03b5<\/p>\r\n<\/td>\r\n<td width=\"153\">\r\n<p style=\"text-align: center;\">+\/- 2%<\/p>\r\n<\/td>\r\n<\/tr>\r\n<tr>\r\n<td width=\"40\">9<\/td>\r\n<td width=\"267\">\r\n<p style=\"text-align: left;\">Elektrik h\u0259cminin \u00f6l\u00e7\u00fcs\u00fcn\u00fcn diapazonu S. pF<\/p>\r\n<\/td>\r\n<td width=\"153\">\r\n<p style=\"text-align: center;\">20 \u2013 1000<\/p>\r\n<\/td>\r\n<\/tr>\r\n<tr>\r\n<td width=\"40\">10<\/td>\r\n<td width=\"267\">\r\n<p style=\"text-align: left;\">\u00d6l\u00e7\u00fcn\u00fcn s\u0259hvi S, pF<\/p>\r\n<\/td>\r\n<td width=\"153\">\r\n<p style=\"text-align: center;\">+\/- 1% + 1<\/p>\r\n<\/td>\r\n<\/tr>\r\n<tr>\r\n<td width=\"40\">11<\/td>\r\n<td width=\"267\">\r\n<p style=\"text-align: left;\">Ya\u011f\u0131n temperaturunun \u00f6l\u00e7\u00fcs\u00fcn\u00fcn diapazonu, \u1d3c\u0421<\/p>\r\n<\/td>\r\n<td width=\"153\">\r\n<p style=\"text-align: center;\">20 \u2013 110<\/p>\r\n<\/td>\r\n<\/tr>\r\n<tr>\r\n<td width=\"40\">12<\/td>\r\n<td width=\"267\">\r\n<p style=\"text-align: left;\">\u00d6l\u00e7\u00fc hiss\u0259sinin h\u0259cmi, sm3<\/p>\r\n<\/td>\r\n<td width=\"153\">\r\n<p style=\"text-align: center;\">42<\/p>\r\n<\/td>\r\n<\/tr>\r\n<tr>\r\n<td width=\"40\">13<\/td>\r\n<td width=\"267\">\r\n<p style=\"text-align: left;\">Bo\u015f hiss\u0259nin elektrik h\u0259cmi, pF<\/p>\r\n<\/td>\r\n<td width=\"153\">\r\n<p style=\"text-align: center;\">65 \u2013 85<\/p>\r\n<\/td>\r\n<\/tr>\r\n<tr>\r\n<td width=\"40\">14<\/td>\r\n<td width=\"267\">\r\n<p style=\"text-align: left;\">Bir \u00f6l\u00e7\u00fc vaxt\u0131, d\u0259qiq\u0259, \u0259n \u00e7ox<\/p>\r\n<\/td>\r\n<td width=\"153\">\r\n<p style=\"text-align: center;\">5<\/p>\r\n<\/td>\r\n<\/tr>\r\n<tr>\r\n<td width=\"40\">15<\/td>\r\n<td width=\"267\">\r\n<p style=\"text-align: left;\">T\u0259yin edil\u0259n tezliyin diapazonu \u0410S, Hs<\/p>\r\n<\/td>\r\n<td width=\"153\">\r\n<p style=\"text-align: center;\">45 \u2013 65<\/p>\r\n<\/td>\r\n<\/tr>\r\n<tr>\r\n<td width=\"40\">16<\/td>\r\n<td width=\"267\">\r\n<p style=\"text-align: left;\">Tempereturun ol\u00e7\u00fcs\u00fc zaman\u0131 icaz\u0259, \u1d3c\u0421<\/p>\r\n<\/td>\r\n<td width=\"153\">\r\n<p style=\"text-align: center;\">0,5<\/p>\r\n<\/td>\r\n<\/tr>\r\n<tr>\r\n<td width=\"40\">17<\/td>\r\n<td width=\"267\">\r\n<p style=\"text-align: left;\">\u0130nteqrasiya edilmi\u015f printer<\/p>\r\n<\/td>\r\n<td width=\"153\">\r\n<p style=\"text-align: center;\">yox<\/p>\r\n<\/td>\r\n<\/tr>\r\n<tr>\r\n<td width=\"40\">18<\/td>\r\n<td width=\"267\">\r\n<p style=\"text-align: left;\">\u0130\u015f temperaturu, \u1d3c\u0421<\/p>\r\n<\/td>\r\n<td width=\"153\">\r\n<p style=\"text-align: center;\">0 \u2013 50<\/p>\r\n<\/td>\r\n<\/tr>\r\n<tr>\r\n<td width=\"40\">19<\/td>\r\n<td width=\"267\">\r\n<p style=\"text-align: left;\">Saxlama temperaturu, \u1d3c\u0421<\/p>\r\n<\/td>\r\n<td width=\"153\">\r\n<p style=\"text-align: center;\">\u041e\u0442 \u2013 20 \u0434\u043e + 60<\/p>\r\n<\/td>\r\n<\/tr>\r\n<tr>\r\n<td width=\"40\">20<\/td>\r\n<td width=\"267\">\r\n<p style=\"text-align: left;\">Nisbi r\u00fct\u00fcb\u0259t, %<\/p>\r\n<\/td>\r\n<td width=\"153\">\r\n<p style=\"text-align: center;\">90-a q\u0259d\u0259r kondensasiyas\u0131z<\/p>\r\n<\/td>\r\n<\/tr>\r\n<tr>\r\n<td width=\"40\">21<\/td>\r\n<td width=\"267\">\r\n<p style=\"text-align: left;\">Qabarit \u00f6l\u00e7\u00fcl\u0259ri, mm<\/p>\r\n<\/td>\r\n<td width=\"153\">\r\n<p style=\"text-align: center;\">400\u0445450\u0445300*<\/p>\r\n<\/td>\r\n<\/tr>\r\n<tr>\r\n<td width=\"40\">22<\/td>\r\n<td width=\"267\">\r\n<p style=\"text-align: left;\">\u00c7\u0259ki, q, \u0259n \u00e7ox<\/p>\r\n<\/td>\r\n<td width=\"153\">\r\n<p style=\"text-align: center;\">5300*<\/p>\r\n<\/td>\r\n<\/tr>\r\n<\/tbody>\r\n<\/table>\r\n* \u2013 qurulmu\u015f v\u0259 qo\u015fulmu\u015f hiss\u0259 il\u0259"},{"tab_title":"\u00dcst\u00fcnl\u00fckl\u0259r","tab_content":"<ul>\r\n \t<li style=\"text-align: justify;\">d\u0259qiqliyin saxlan\u0131lmas\u0131yla s\u00fcr\u0259tli \u00f6l\u00e7\u00fcl\u0259r;<\/li>\r\n \t<li style=\"text-align: justify;\">\u00f6l\u00e7\u00fc prosesi avtomatla\u015fd\u0131r\u0131lm\u0131\u015fd\u0131r, komp\u00fcterin k\u00f6m\u0259yi il\u0259 idar\u0259 olunur, n\u0259tic\u0259l\u0259ri saxlamaq v\u0259 onlar\u0131n printerd\u0259 \u00e7ap etm\u0259k olar;<\/li>\r\n \t<li style=\"text-align: justify;\">\"TangentService\" m\u00fch\u0259ndis PT il\u0259 komplektl\u0259\u015fdiril\u0259 bil\u0259r, hans\u0131n\u0131n ki, say\u0259sind\u0259 n\u0259tic\u0259l\u0259r\u0259 onlayn baxamaq m\u00fcmk\u00fcnd\u00fcr, h\u0259m\u00e7inin qrafik v\u0259 ya r\u0259q\u0259mli n\u00f6vd\u0259 \u00f6l\u00e7\u00fcl\u0259rin arxivi;<\/li>\r\n \t<li style=\"text-align: justify;\">k\u00f6kl\u0259m\u0259l\u0259rin variantl\u0131\u011f\u0131 \u2013 elmi-t\u0259dqiqat m\u0259qs\u0259dl\u0259ri \u00fc\u00e7\u00fcn istifad\u0259 etm\u0259k olar;<\/li>\r\n \t<li style=\"text-align: justify;\">balaca \u00e7\u0259ki, y\u0131\u011fcam \u00f6l\u00e7\u00fcl\u0259r, i\u015fd\u0259 rahatd\u0131r.<\/li>\r\n<\/ul>"}],"add_video_tab":[{"video_tab_title":"Video","add_video_id":[{"video_id":"GUAYmRswsmM"}]}],"add_gallery_tab":null,"add_price_tab":null,"science_title":"","science_id":null},"language":"az","_links":{"self":[{"href":"https:\/\/globecore.info\/az\/wp-json\/wp\/v2\/pages\/16784","targetHints":{"allow":["GET"]}}],"collection":[{"href":"https:\/\/globecore.info\/az\/wp-json\/wp\/v2\/pages"}],"about":[{"href":"https:\/\/globecore.info\/az\/wp-json\/wp\/v2\/types\/page"}],"author":[{"embeddable":true,"href":"https:\/\/globecore.info\/az\/wp-json\/wp\/v2\/users\/4"}],"replies":[{"embeddable":true,"href":"https:\/\/globecore.info\/az\/wp-json\/wp\/v2\/comments?post=16784"}],"version-history":[{"count":3,"href":"https:\/\/globecore.info\/az\/wp-json\/wp\/v2\/pages\/16784\/revisions"}],"predecessor-version":[{"id":19619,"href":"https:\/\/globecore.info\/az\/wp-json\/wp\/v2\/pages\/16784\/revisions\/19619"}],"up":[{"embeddable":true,"href":"https:\/\/globecore.info\/az\/wp-json\/wp\/v2\/pages\/16774"}],"wp:featuredmedia":[{"embeddable":true,"href":"https:\/\/globecore.info\/az\/wp-json\/wp\/v2\/media\/16468"}],"wp:attachment":[{"href":"https:\/\/globecore.info\/az\/wp-json\/wp\/v2\/media?parent=16784"}],"wp:term":[{"taxonomy":"category","embeddable":true,"href":"https:\/\/globecore.info\/az\/wp-json\/wp\/v2\/categories?post=16784"}],"curies":[{"name":"wp","href":"https:\/\/api.w.org\/{rel}","templated":true}]}}