{"id":16788,"date":"2020-11-23T17:03:19","date_gmt":"2020-11-23T13:03:19","guid":{"rendered":"https:\/\/globecore.info\/products\/pribory\/pribor-izmereniya-napryazheniya-proboya-zhidkih-dielektrikov-tor-80\/"},"modified":"2024-03-18T10:38:26","modified_gmt":"2024-03-18T06:38:26","slug":"pribor-izmereniya-napryazheniya-proboya-zhidkih-dielektrikov-tor-80","status":"publish","type":"page","link":"https:\/\/globecore.info\/az\/products\/pribory\/pribor-izmereniya-napryazheniya-proboya-zhidkih-dielektrikov-tor-80\/","title":{"rendered":"Transformator ya\u011f\u0131 \u00fc\u00e7\u00fcn TOR-80 \u00f6l\u00e7\u00fc cihaz\u0131"},"content":{"rendered":"","protected":false},"excerpt":{"rendered":"","protected":false},"author":4,"featured_media":17199,"parent":16774,"menu_order":0,"comment_status":"closed","ping_status":"closed","template":"templates\/single-product.php","meta":{"_acf_changed":false,"footnotes":""},"categories":[],"class_list":["post-16788","page","type-page","status-publish","has-post-thumbnail","hentry"],"acf":{"add_tab":[{"tab_title":"T\u0259svir","tab_content":"<p style=\"text-align: justify;\">TOR-80 cihaz\u0131 IEC 60156, ASTM D877, ASTM D1816, D\u00d6ST 6581 uy\u011fun olaraq transformator ya\u011f\u0131n\u0131n v\u0259 ba\u015fqa maye dielektrikl\u0259rin elektrik halqas\u0131n\u0131n g\u0259rginliyinin m\u00fc\u0259yy\u0259n edilm\u0259si \u00fc\u00e7\u00fcn n\u0259z\u0259rd\u0259 tutulmu\u015fdur.<\/p>\r\n<p style=\"text-align: justify;\">O bu standartlarla m\u00fc\u0259yy\u0259n edil\u0259n prosedurlara \u0259sas\u0259n h\u0259m\u00e7inin qura\u015fd\u0131rman\u0131n menyusunun uy\u011fun olan b\u00f6lm\u0259sind\u0259 veril\u0259n istifad\u0259\u00e7inin prosedurlar\u0131na \u0259sas\u0259n yoxlaman\u0131n icra edilm\u0259sini t\u0259min ed\u0259n tamamil\u0259 avtomatik qur\u011funu t\u0259\u015fkil edir.<\/p>\r\n<p style=\"text-align: center;\"><strong>\u0130\u015f prinsipi<\/strong><\/p>\r\n<p style=\"text-align: justify;\">Y\u00fcks\u0259kvoltlu transformator v\u0259 elektron modullar cihaz\u0131n i\u015f n\u00fcv\u0259sidir. Cihaz\u0131n i\u015f prinsipi s\u0131f\u0131rdan maksimal m\u0259naya q\u0259d\u0259r, v\u0259 ya y\u00fcks\u0259kvoltlu transformatorun ikinci dolamas\u0131nda g\u0259rginliyin t\u0259dric\u0259n m\u0259naya q\u0259d\u0259r qalxmas\u0131ndan ibar\u0259tdir, hans\u0131 ki, transformatorun y\u00fcks\u0259kvoltlu m\u0259ftill\u0259rin\u0259 qurulmu\u015f\u00a0 \u00f6l\u00e7\u00fc hiss\u0259sin\u0259 t\u00f6k\u00fclm\u00fc\u015f maye dielektriyin s\u0131na\u011f\u0131yla olacaq.<\/p>\r\n<p style=\"text-align: justify;\">Transformatorun ikinci dolamas\u0131nda g\u0259rginliyin qalxmas\u0131 elektron modullardan biri olan idar\u0259 olunan ver\u0259n invertordan sinusoidal g\u0259rginliyin ona verm\u0259 vaxt\u0131 ilkin dolamada g\u0259rginliyin t\u0259dric\u0259n art\u0131m\u0131n\u0131n hesab\u0131na olur.<\/p>\r\n<p style=\"text-align: justify;\">G\u0259rginliyin qalxmas\u0131n\u0131n idar\u0259 etm\u0259si mikrokontrollerin k\u00f6m\u0259yi il\u0259 olur, hans\u0131 ki, ver\u0259n invertorun i\u015fini idar\u0259 edir. \u0130dar\u0259 olunan ver\u0259n invertor qura\u015fd\u0131rman\u0131n idar\u0259 etm\u0259sinin modulundan komandalar \u00fczr\u0259 i\u015fl\u0259yir.<\/p>\r\n<p style=\"text-align: justify;\">Cihaz\u0131n i\u015fi vaxt\u0131 d\u0259yi\u015f\u0259n (50 \u2013 60 Hs) hiss\u0259l\u0259rin elektrodlar\u0131 vasit\u0259sil\u0259 ikinci dolaman\u0131n m\u0259ftill\u0259rind\u0259n y\u00fcks\u0259k g\u0259rginlik hiss\u0259l\u0259rin fincan\u0131na t\u00f6k\u00fclm\u00fc\u015f t\u0259dqiq edil\u0259n maye dielektriy\u0259 verilir. S\u0131naqla maye dielektrikl\u0259 doldurulmu\u015f sah\u0259 vasit\u0259sil\u0259 hiss\u0259nin elektrodlar\u0131n\u0131n aras\u0131nda olur.<\/p>"}],"add_def_tab":[{"tab_title":"Texniki x\u00fcsusiyy\u0259tl\u0259r","tab_content":"<table>\r\n<tbody>\r\n<tr>\r\n<td width=\"40\"><strong>\u2116<\/strong><\/td>\r\n<td width=\"366\">\r\n<p style=\"text-align: center;\"><strong>Ad\u0131<\/strong><\/p>\r\n<\/td>\r\n<td width=\"153\">\r\n<p style=\"text-align: center;\"><strong>M\u0259na<\/strong><\/p>\r\n<\/td>\r\n<\/tr>\r\n<tr>\r\n<td width=\"40\">1<\/td>\r\n<td width=\"366\">\r\n<p style=\"text-align: left;\">D\u0259yi\u015f\u0259n c\u0259r\u0259yan\u0131n i\u015f g\u0259rginliyi, V<\/p>\r\n<\/td>\r\n<td width=\"153\">\r\n<p style=\"text-align: center;\">85 \u2013 264<\/p>\r\n<\/td>\r\n<\/tr>\r\n<tr>\r\n<td width=\"40\">2<\/td>\r\n<td width=\"366\">\r\n<p style=\"text-align: left;\">Qidaland\u0131ran \u015f\u0259b\u0259k\u0259nin tezliyi, Hs<\/p>\r\n<\/td>\r\n<td width=\"153\">\r\n<p style=\"text-align: center;\">48 \u2013 63<\/p>\r\n<\/td>\r\n<\/tr>\r\n<tr>\r\n<td width=\"40\">3<\/td>\r\n<td width=\"366\">\r\n<p style=\"text-align: left;\">\u0130stehlak edil\u0259n g\u00fcc, V\u0410<\/p>\r\n<\/td>\r\n<td width=\"153\">\r\n<p style=\"text-align: center;\">\u018fn \u00e7ox 250<\/p>\r\n<\/td>\r\n<\/tr>\r\n<tr>\r\n<td width=\"40\">4<\/td>\r\n<td width=\"366\">\r\n<p style=\"text-align: left;\">Maksimal \u00e7\u0131x\u0131\u015f g\u0259rginliyi, kV<\/p>\r\n<\/td>\r\n<td width=\"153\">\r\n<p style=\"text-align: center;\">Sinusoidal, 80 kV q\u0259d\u0259r h\u0259q. m.<\/p>\r\n<\/td>\r\n<\/tr>\r\n<tr>\r\n<td width=\"40\">5<\/td>\r\n<td width=\"366\">\r\n<p style=\"text-align: left;\">\u00c7\u0131x\u0131\u015f g\u0259rginliyinin \u00f6l\u00e7\u00fcs\u00fcn\u00fcn s\u0259hvi<\/p>\r\n<\/td>\r\n<td width=\"153\">\r\n<p style=\"text-align: center;\">\u00b12 %<\/p>\r\n<\/td>\r\n<\/tr>\r\n<tr>\r\n<td width=\"40\">6<\/td>\r\n<td width=\"366\">\r\n<p style=\"text-align: left;\">G\u0259rginliyin art\u0131r\u0131lmas\u0131n\u0131n s\u00fcr\u0259ti, kV\/s<\/p>\r\n<\/td>\r\n<td width=\"153\">\r\n<p style=\"text-align: center;\">0,1-dan \u0434\u043e 5 * q\u0259d\u0259r<\/p>\r\n<\/td>\r\n<\/tr>\r\n<tr>\r\n<td width=\"40\">7<\/td>\r\n<td width=\"366\">\r\n<p style=\"text-align: left;\">\u00c7\u0131x\u0131\u015f g\u0259rginliyinin t\u0259sviri vaxt\u0131 icaz\u0259,<\/p>\r\n<\/td>\r\n<td width=\"153\">\r\n<p style=\"text-align: center;\">100<\/p>\r\n<\/td>\r\n<\/tr>\r\n<tr>\r\n<td width=\"40\">8<\/td>\r\n<td width=\"366\">\r\n<p style=\"text-align: left;\">Halqadan sonra y\u00fcks\u0259k g\u0259rginliyin s\u00f6nd\u00fcr\u00fclm\u0259si vaxt\u0131, mks<\/p>\r\n<\/td>\r\n<td width=\"153\">\r\n<p style=\"text-align: center;\">10 maks,<\/p>\r\n<p style=\"text-align: center;\">4 tipli<\/p>\r\n<\/td>\r\n<\/tr>\r\n<tr>\r\n<td width=\"40\">9<\/td>\r\n<td width=\"366\">\r\n<p style=\"text-align: left;\">\u00d6l\u00e7\u00fc hiss\u0259sinin h\u0259cmi, sm3<\/p>\r\n<\/td>\r\n<td width=\"153\">\r\n<p style=\"text-align: center;\">500<\/p>\r\n<\/td>\r\n<\/tr>\r\n<tr>\r\n<td width=\"40\">10<\/td>\r\n<td width=\"366\">\r\n<p style=\"text-align: left;\">\u018ftraf m\u00fchitin temperaturunun \u00f6l\u00e7\u00fcs\u00fcn\u00fcn diapazonu, \u00b0\u0421<\/p>\r\n<\/td>\r\n<td width=\"153\">\r\n<p style=\"text-align: center;\">0 \u2013 100<\/p>\r\n<\/td>\r\n<\/tr>\r\n<tr>\r\n<td width=\"40\">11<\/td>\r\n<td width=\"366\">\r\n<p style=\"text-align: left;\">Temperaturun \u00f6l\u00e7\u00fcs\u00fc vaxt\u0131 icaz\u0259, \u00b0\u0421<\/p>\r\n<\/td>\r\n<td width=\"153\">\r\n<p style=\"text-align: center;\">1<\/p>\r\n<\/td>\r\n<\/tr>\r\n<tr>\r\n<td width=\"40\">12<\/td>\r\n<td width=\"366\">\r\n<p style=\"text-align: left;\">\u0130nteqrasiya edilmi\u015f printer<\/p>\r\n<\/td>\r\n<td width=\"153\">\r\n<p style=\"text-align: center;\">\u0434\u0430<\/p>\r\n<\/td>\r\n<\/tr>\r\n<tr>\r\n<td width=\"40\">13<\/td>\r\n<td width=\"366\">\r\n<p style=\"text-align: left;\">\u0130\u015f temperaturu, \u00b0\u0421<\/p>\r\n<\/td>\r\n<td width=\"153\">\r\n<p style=\"text-align: center;\">0 \u2013 50<\/p>\r\n<\/td>\r\n<\/tr>\r\n<tr>\r\n<td width=\"40\">14<\/td>\r\n<td width=\"366\">\r\n<p style=\"text-align: left;\">Saxlama temperaturu, \u00b0\u0421<\/p>\r\n<\/td>\r\n<td width=\"153\">\r\n<p style=\"text-align: center;\">\u041e\u0442 \u2013 20 \u0434\u043e + 60<\/p>\r\n<\/td>\r\n<\/tr>\r\n<tr>\r\n<td width=\"40\">15<\/td>\r\n<td width=\"366\">\r\n<p style=\"text-align: left;\">Nisbi r\u00fctub\u0259t, %<\/p>\r\n<\/td>\r\n<td width=\"153\">\r\n<p style=\"text-align: center;\">90-a q\u0259d\u0259r kondensasiyas\u0131z<\/p>\r\n<\/td>\r\n<\/tr>\r\n<tr>\r\n<td width=\"40\">16<\/td>\r\n<td width=\"366\">\r\n<p style=\"text-align: left;\">Qabarit \u00f6l\u00e7\u00fcl\u0259r, mm<\/p>\r\n<\/td>\r\n<td width=\"153\">\r\n<p style=\"text-align: center;\">490\u0425320\u0425300<\/p>\r\n<\/td>\r\n<\/tr>\r\n<tr>\r\n<td width=\"40\">17<\/td>\r\n<td width=\"366\">\r\n<p style=\"text-align: left;\">\u00c7\u0259ki, kq, \u0259n \u00e7ox<\/p>\r\n<\/td>\r\n<td width=\"153\">\r\n<p style=\"text-align: center;\">25<\/p>\r\n<\/td>\r\n<\/tr>\r\n<\/tbody>\r\n<\/table>\r\n* \u2013 d\u0259yi\u015f\u0259n."},{"tab_title":"\u00dcst\u00fcnl\u00fckl\u0259r","tab_content":"<ul>\r\n \t<li style=\"text-align: justify;\">80 kv-a q\u0259d\u0259r de\u015fm\u0259 g\u0259rginliyinin avtomatla\u015fd\u0131r\u0131lm\u0131\u015f v\u0259 d\u0259qiq \u00f6l\u00e7\u00fcs\u00fc;<\/li>\r\n \t<li style=\"text-align: justify;\">ani (4 mks) halqan\u0131n g\u0259lm\u0259si vaxt\u0131 yoxlayan g\u0259rginliyin s\u00f6nd\u00fcr\u00fclm\u0259si;<\/li>\r\n \t<li style=\"text-align: justify;\">FK-da n\u0259tic\u0259l\u0259rin \u00f6t\u00fcr\u00fclm\u0259si, lokal bazan\u0131n yarad\u0131lmas\u0131, hesabatlar\u0131n formala\u015fmas\u0131, qrafikl\u0259rin v\u0259 n\u0259tic\u0259l\u0259rin \u00e7ap\u0131n\u0131n qurulmas\u0131 il\u0259 m\u00fcst\u0259qil v\u0259 ya \u015f\u0259b\u0259k\u0259d\u0259 i\u015fl\u0259y\u0259 bil\u0259r;<\/li>\r\n \t<li style=\"text-align: justify;\">\u00f6l\u00e7\u00fcn\u00fcn standart v\u0259 istifad\u0259\u00e7i prosedurlar\u0131n\u0131n realla\u015fd\u0131rmas\u0131 \u00fc\u00e7\u00fcn proqram t\u0259minat\u0131 m\u00f6vcuddur \u2013 cihaz elmi-t\u0259dqiqat m\u0259qs\u0259dl\u0259ri \u00fc\u00e7\u00fcn istifad\u0259 etm\u0259k olar;<\/li>\r\n \t<li style=\"text-align: justify;\">i\u015fd\u0259 v\u0259 xidm\u0259td\u0259 sad\u0259 v\u0259 rahatd\u0131r.<\/li>\r\n<\/ul>"}],"add_video_tab":[{"video_tab_title":"Video","add_video_id":[{"video_id":"XCL1sdeDr_g"}]}],"add_gallery_tab":null,"add_price_tab":null,"science_title":"","science_id":null},"language":"az","_links":{"self":[{"href":"https:\/\/globecore.info\/az\/wp-json\/wp\/v2\/pages\/16788","targetHints":{"allow":["GET"]}}],"collection":[{"href":"https:\/\/globecore.info\/az\/wp-json\/wp\/v2\/pages"}],"about":[{"href":"https:\/\/globecore.info\/az\/wp-json\/wp\/v2\/types\/page"}],"author":[{"embeddable":true,"href":"https:\/\/globecore.info\/az\/wp-json\/wp\/v2\/users\/4"}],"replies":[{"embeddable":true,"href":"https:\/\/globecore.info\/az\/wp-json\/wp\/v2\/comments?post=16788"}],"version-history":[{"count":3,"href":"https:\/\/globecore.info\/az\/wp-json\/wp\/v2\/pages\/16788\/revisions"}],"predecessor-version":[{"id":16791,"href":"https:\/\/globecore.info\/az\/wp-json\/wp\/v2\/pages\/16788\/revisions\/16791"}],"up":[{"embeddable":true,"href":"https:\/\/globecore.info\/az\/wp-json\/wp\/v2\/pages\/16774"}],"wp:featuredmedia":[{"embeddable":true,"href":"https:\/\/globecore.info\/az\/wp-json\/wp\/v2\/media\/17199"}],"wp:attachment":[{"href":"https:\/\/globecore.info\/az\/wp-json\/wp\/v2\/media?parent=16788"}],"wp:term":[{"taxonomy":"category","embeddable":true,"href":"https:\/\/globecore.info\/az\/wp-json\/wp\/v2\/categories?post=16788"}],"curies":[{"name":"wp","href":"https:\/\/api.w.org\/{rel}","templated":true}]}}