{"id":16793,"date":"2021-08-11T10:13:07","date_gmt":"2021-08-11T06:13:07","guid":{"rendered":"https:\/\/globecore.info\/products\/pribory\/sistema-onlajn-diagnostiki-transformatora-i-obrabotki-izolyatsionnogo-masla-tor-5\/"},"modified":"2024-03-18T10:37:49","modified_gmt":"2024-03-18T06:37:49","slug":"sistema-onlajn-diagnostiki-transformatora-i-obrabotki-izolyatsionnogo-masla-tor-5","status":"publish","type":"page","link":"https:\/\/globecore.info\/az\/products\/pribory\/sistema-onlajn-diagnostiki-transformatora-i-obrabotki-izolyatsionnogo-masla-tor-5\/","title":{"rendered":"Transformator ya\u011f\u0131 \u00fc\u00e7\u00fcn TOR-5 \u00f6l\u00e7\u00fc cihaz\u0131 (transformatorun onlayn-diaqnostikas\u0131)"},"content":{"rendered":"","protected":false},"excerpt":{"rendered":"","protected":false},"author":4,"featured_media":16440,"parent":16774,"menu_order":0,"comment_status":"closed","ping_status":"closed","template":"","meta":{"_acf_changed":false,"footnotes":""},"categories":[],"class_list":["post-16793","page","type-page","status-publish","has-post-thumbnail","hentry"],"acf":{"add_tab":[{"tab_title":"T\u0259svir","tab_content":"<p style=\"text-align: justify;\">TOR-5 sisteminin \u0259sas t\u0259yinat\u0131 \u2013izolyasiya ya\u011f\u0131n\u0131n v\u0259ziyy\u0259tinin qiym\u0259tl\u0259ndirilm\u0259sinin hesab\u0131na q\u00fcvv\u0259t transformatorlar\u0131n\u0131n onlayn-monitorinqidir, x\u00fcsusi t\u0259yinatl\u0131 transformatorlar\u0131 daxil olmaqla: dart\u0131c\u0131, m\u0259d\u0259n, elektro sobal\u0131, g\u0259mi, k\u00fcl\u0259k generatorlar\u0131n y\u00fcks\u0259ld\u0259n transformatorlar\u0131 v\u0259 ba\u015fqalar\u0131<\/p>\r\n<p style=\"text-align: justify;\">Sistem transformatora qo\u015fulur v\u0259 daim onun yan\u0131ndad\u0131r. Qo\u015fulmadan sonra d\u00f6vriyy\u0259nin ba\u011fl\u0131 konturu yaran\u0131r: ya\u011f transformatorun \u00e7\u0259ninin a\u015fa\u011f\u0131 hiss\u0259sind\u0259n h\u0259r\u0259k\u0259t edir, TOR-5 sisteminin t\u0259nzim\u00e7il\u0259ri vasit\u0259sil\u0259 ke\u00e7ir v\u0259 transformatorun \u00e7\u0259ninin yuxar\u0131 hiss\u0259sin\u0259 qay\u0131d\u0131r. T\u0259nzim\u00e7il\u0259r d\u0259qiq\u0259y\u0259 bir d\u0259f\u0259 tezliyi il\u0259 transformator ya\u011f\u0131n\u0131n parametrl\u0259rini \u00f6l\u00e7\u00fcr v\u0259 onlar\u0131 buludlu server\u0259 \u00f6t\u00fcr\u00fcrl\u0259r, orada GlobeCore metodikas\u0131yla h\u0259m\u00e7inin ba\u015fqa parametrl\u0259ri hesabla\u015f\u0131rlar, hans\u0131lar ki, transformator v\u0259ziyy\u0259tini daha tam olaraq qiym\u0259tl\u0259ndirm\u0259y\u0259 icaz\u0259 verirl\u0259r.<\/p>\r\n<p style=\"text-align: justify;\">TOR-5 sisteminin k\u00f6m\u0259yi il\u0259 t\u0259yin edil\u0259n transformatorun \u0259h\u0259miyy\u0259tli parametrl\u0259ri:<\/p>\r\n\r\n<ul style=\"text-align: justify;\">\r\n \t<li>transformatorun ya\u011f\u0131nda yuxar\u0131 v\u0259 a\u015fa\u011f\u0131 hiss\u0259sind\u0259 suyun miqdar\u0131;<\/li>\r\n \t<li>transformatorun m\u00f6hk\u0259m izolyasiyada yuxar\u0131 v\u0259 a\u015fa\u011f\u0131 hiss\u0259sind\u0259 suyun miqdar\u0131;<\/li>\r\n \t<li>ya\u011f\u0131n dielektrik m\u00f6hk\u0259mliyi;<\/li>\r\n \t<li>ya\u011f\u0131n keyfiyy\u0259tinin indeksi.<\/li>\r\n<\/ul>\r\n<p style=\"text-align: justify;\">Ya\u011f\u0131n keyfiyy\u0259t indeksi \u2013 kompleks g\u00f6st\u0259ricisidir, hans\u0131 ki, b\u00fctovl\u00fckd\u0259 ya\u011f\u0131n v\u0259ziyy\u0259tini qiym\u0259tl\u0259ndirm\u0259y\u0259 icaz\u0259 verir. O\u00a0 tur\u015fu say\u0131yla yax\u015f\u0131 uy\u011funla\u015f\u0131r, buna g\u00f6r\u0259 ya\u011f\u0131n k\u00f6hn\u0259lm\u0259sinin d\u0259r\u0259c\u0259sinin qiym\u0259tl\u0259ndirilm\u0259si \u00fc\u00e7\u00fcn istifad\u0259 oluna bil\u0259r.<\/p>\r\n<p style=\"text-align: center;\"><strong>\u0130stifad\u0259\u00e7inin m\u0259lumat verilm\u0259sinin x\u00fcsusiyy\u0259tl\u0259ri<\/strong><\/p>\r\n<p style=\"text-align: justify;\">B\u00fct\u00fcn \u00f6l\u00e7\u00fclm\u00fc\u015f v\u0259 hesablanm\u0131\u015f parametrl\u0259r\u0259 bax\u0131\u015f \u00fc\u00e7\u00fcn \u0130nternet\u0259 giri\u015f\u0259 malik olmaq kifay\u0259tdir. X\u00fcsusi \u00fcnvan \u00fczr\u0259 \u0130nternetd\u0259 veb s\u0259hif\u0259 yerl\u0259\u015fir, hans\u0131na ki, giri\u015f parol \u00fczr\u0259 verilir. Bu veb s\u0259hif\u0259d\u0259, TOR-5 sisteml\u0259rin\u0259 qo\u015fulmu\u015f, b\u00fct\u00fcn transformatorlar \u00fczr\u0259 informasiya m\u00f6vcuddur. M\u0259lumatlar\u0131 g\u00f6zd\u0259n ke\u00e7irm\u0259k ist\u0259nil\u0259n m\u00fcdd\u0259t \u00fc\u00e7\u00fcn olar. B\u00fct\u00fcn m\u0259lumatlar rahat qrafikl\u0259r, n\u00f6qt\u0259 diaqramlar\u0131 v\u0259 indikatorlar \u015f\u0259klind\u0259 t\u0259qdim edilib, v\u0259 transformatorlar d\u00fcnyan\u0131n x\u0259rit\u0259sind\u0259 \u0259ks etdirilmi\u015fdir.<\/p>\r\n<p style=\"text-align: justify;\">\u015e\u0259b\u0259k\u0259yl\u0259 birl\u0259\u015fm\u0259nin q\u0131sa m\u00fcdd\u0259tli dayand\u0131rmas\u0131 hal\u0131nda \u0130nternet m\u0259lumatlar\u0131 daxili bazada toplan\u0131r, v\u0259 \u0259laq\u0259nin yenil\u0259nm\u0259sind\u0259n sonra paket rejimind\u0259 veb-\u0259lav\u0259y\u0259 \u00f6t\u00fcr\u00fcl\u00fcr.<\/p>\r\n<p style=\"text-align: center;\"><strong>\u0130zolyasiya ya\u011f\u0131n\u0131n \u201conlayn\u201d rejimind\u0259 emal\u0131 <\/strong><\/p>\r\n<p style=\"text-align: justify;\">TOR-5 \u0259lav\u0259 olaraq izolyasiya ya\u011f\u0131n\u0131n qurutman\u0131n v\u0259 filtrasiya sistemiyl\u0259 t\u0259chiz edilmi\u015fdir. N\u0259 vaxt ki, transformatorun parametrl\u0259rin m\u0259nalar\u0131 operatoru t\u0259r\u0259find\u0259n verilmi\u015f \u00e7atanda, TOR-5 izolyasiya ya\u011f\u0131n\u0131n diaqnostikan\u0131n rejimind\u0259n avtomatik olaraq filtrasiya v\u0259\u00a0 qurutma rejimin\u0259 ke\u00e7ir.<\/p>\r\n<p style=\"text-align: justify;\">Bu rejimd\u0259 ya\u011f transformatorun a\u015fa\u011f\u0131 hiss\u0259sind\u0259n g\u00f6t\u00fcr\u00fcl\u00fcr, sonra on mikron v\u0259 \u00fc\u00e7 adsorber (sorbent patronu) filtrasiyan\u0131n inc\u0259liyiyl\u0259 filtr vasit\u0259sil\u0259 ard\u0131c\u0131ll\u0131qla vurulur, hans\u0131lardan ki, h\u0259r biri mikrom\u0259sam\u0259li strukturla qranulalardan ibar\u0259t olan 15 kiloqram sorbenti \u00f6z\u00fcnd\u0259 saxlay\u0131r. Filtrin k\u00f6m\u0259yi il\u0259 ya\u011fdan mexaniki qat\u0131\u015f\u0131qlar t\u0259mizl\u0259nir, v\u0259 sorbent suyun molekullar\u0131n\u0131 udur v\u0259 \u00f6z kristallar\u0131nda saxlay\u0131r. Bundan sonra t\u0259miz v\u0259 quru ya\u011f transformatorun \u00e7\u0259ninin yuxar\u0131 hiss\u0259sin\u0259 verilir. Udman\u0131n v\u0259 suyun tutulmas\u0131n\u0131n prosesi temperaturdan as\u0131l\u0131 olmayaraq ya\u011f\u0131n q\u0131zd\u0131rmas\u0131n\u0131 t\u0259l\u0259b etmir v\u0259 eyni c\u00fcr effektiv gedir. Ya\u011f\u0131n emal\u0131 g\u00fcn\u00fcn vaxt\u0131ndan, hava \u015f\u0259raitd\u0259n v\u0259 ya xidm\u0259t ed\u0259n personal\u0131n m\u00f6vcudlu\u011fundan as\u0131l\u0131 olmayaraq transformatorun s\u00f6nd\u00fcr\u00fclm\u0259si olmadan olur.<\/p>\r\n<p style=\"text-align: justify;\">Ya\u011f\u0131n parametrl\u0259ri normaya g\u0259l\u0259nd\u0259n sonra, TOR-5 ya\u011f\u0131n emal\u0131n\u0131n rejimind\u0259n avtomatik olaraq monitorinq parametrl\u0259rin\u00a0 rejimin\u0259 qay\u0131d\u0131r.<\/p>"}],"add_def_tab":[{"tab_title":"Texniki x\u00fcsusiyy\u0259tl\u0259r","tab_content":"<table width=\"100%\">\r\n<tbody>\r\n<tr>\r\n<td colspan=\"2\" width=\"61%\">\r\n<p style=\"text-align: center;\"><strong>Parametrin ad\u0131<\/strong><\/p>\r\n<\/td>\r\n<td colspan=\"3\" width=\"13%\">\r\n<p style=\"text-align: center;\"><strong>Ol\u00e7\u00fc vahidi<\/strong><\/p>\r\n<\/td>\r\n<td width=\"25%\">\r\n<p style=\"text-align: center;\"><strong>M\u0259na<\/strong><\/p>\r\n<\/td>\r\n<\/tr>\r\n<tr>\r\n<td colspan=\"2\" width=\"61%\">\r\n<p style=\"text-align: left;\">1. M\u0259hsuldarl\u0131q<\/p>\r\n<\/td>\r\n<td colspan=\"3\" width=\"13%\">\r\n<p style=\"text-align: center;\">l\/s<\/p>\r\n<\/td>\r\n<td width=\"25%\">\r\n<p style=\"text-align: center;\">30<\/p>\r\n<\/td>\r\n<\/tr>\r\n<tr>\r\n<td colspan=\"2\" width=\"61%\">\r\n<p style=\"text-align: left;\">2. Sovurulan suyun miqdar\u0131<\/p>\r\n<\/td>\r\n<td colspan=\"3\" width=\"13%\">\r\n<p style=\"text-align: center;\">l<\/p>\r\n<\/td>\r\n<td width=\"25%\">\r\n<p style=\"text-align: center;\">9<\/p>\r\n<\/td>\r\n<\/tr>\r\n<tr>\r\n<td colspan=\"2\" width=\"61%\">\r\n<p style=\"text-align: left;\">Bir adsorberd\u0259 sorbentin miqdar\u0131<\/p>\r\n<\/td>\r\n<td colspan=\"3\" width=\"13%\">\r\n<p style=\"text-align: center;\">kq<\/p>\r\n<\/td>\r\n<td width=\"25%\">\r\n<p style=\"text-align: center;\">21<\/p>\r\n<\/td>\r\n<\/tr>\r\n<tr>\r\n<td colspan=\"2\" width=\"61%\">\r\n<p style=\"text-align: left;\">3. \u00c7\u0131x\u0131\u015fda t\u0259zyiq<\/p>\r\n<\/td>\r\n<td colspan=\"3\" width=\"13%\">\r\n<p style=\"text-align: center;\">bar<\/p>\r\n<\/td>\r\n<td width=\"25%\">\r\n<p style=\"text-align: center;\">2<\/p>\r\n<\/td>\r\n<\/tr>\r\n<tr>\r\n<td colspan=\"2\" width=\"61%\">\r\n<p style=\"text-align: left;\">4. \u00c7\u0131x\u0131\u015f qol borusu uy\u011fun ya\u011f\u0131n verm\u0259sinin h\u00fcnd\u00fcrl\u00fcy\u00fc<\/p>\r\n<\/td>\r\n<td colspan=\"3\" width=\"13%\">\r\n<p style=\"text-align: center;\">m<\/p>\r\n<\/td>\r\n<td width=\"25%\">\r\n<p style=\"text-align: center;\">20<\/p>\r\n<\/td>\r\n<\/tr>\r\n<tr>\r\n<td colspan=\"2\" width=\"61%\">\r\n<p style=\"text-align: left;\">5. Maksimal istehlak edil\u0259n g\u00fcc, \u0259n \u00e7ox<\/p>\r\n<\/td>\r\n<td colspan=\"3\" width=\"13%\">\r\n<p style=\"text-align: center;\">Vt<\/p>\r\n<\/td>\r\n<td width=\"25%\">\r\n<p style=\"text-align: center;\">500<\/p>\r\n<\/td>\r\n<\/tr>\r\n<tr>\r\n<td colspan=\"6\" width=\"100%\">\r\n<p style=\"text-align: left;\">6. Elektrik c\u0259r\u0259yan\u0131n parametrl\u0259ri<\/p>\r\n<\/td>\r\n<\/tr>\r\n<tr>\r\n<td rowspan=\"3\" width=\"6%\"><\/td>\r\n<td colspan=\"2\" width=\"54%\">\r\n<p style=\"text-align: left;\">Fazalar\u0131n say\u0131<\/p>\r\n<\/td>\r\n<td colspan=\"2\" width=\"12%\"><\/td>\r\n<td width=\"25%\">\r\n<p style=\"text-align: center;\">3p+1N+PE<\/p>\r\n<\/td>\r\n<\/tr>\r\n<tr>\r\n<td colspan=\"2\" width=\"54%\">\r\n<p style=\"text-align: left;\">G\u0259rginlik<\/p>\r\n<\/td>\r\n<td colspan=\"2\" width=\"12%\">\r\n<p style=\"text-align: center;\">V<\/p>\r\n<\/td>\r\n<td width=\"25%\">\r\n<p style=\"text-align: center;\">380<\/p>\r\n<\/td>\r\n<\/tr>\r\n<tr>\r\n<td colspan=\"2\" width=\"54%\">\r\n<p style=\"text-align: left;\">D\u0259yi\u015f\u0259n tezlikl\u0259<\/p>\r\n<\/td>\r\n<td colspan=\"2\" width=\"12%\">\r\n<p style=\"text-align: center;\">Hs<\/p>\r\n<\/td>\r\n<td width=\"25%\">\r\n<p style=\"text-align: center;\">50<\/p>\r\n<\/td>\r\n<\/tr>\r\n<tr>\r\n<td colspan=\"6\" width=\"100%\">\r\n<p style=\"text-align: left;\">7. Qo\u015fulan \u00f6l\u00e7\u00fcl\u0259r<\/p>\r\n<\/td>\r\n<\/tr>\r\n<tr>\r\n<td rowspan=\"2\" width=\"6%\"><\/td>\r\n<td colspan=\"2\" width=\"54%\">\r\n<p style=\"text-align: left;\">Ya\u011f\u0131n giri\u015fi<\/p>\r\n<\/td>\r\n<td colspan=\"2\" width=\"12%\">\r\n<p style=\"text-align: center;\">Du<\/p>\r\n<\/td>\r\n<td width=\"25%\">\r\n<p style=\"text-align: center;\">20<\/p>\r\n<\/td>\r\n<\/tr>\r\n<tr>\r\n<td colspan=\"2\" width=\"54%\">\r\n<p style=\"text-align: left;\">Ya\u011f\u0131n \u00e7\u0131x\u0131\u015f\u0131<\/p>\r\n<\/td>\r\n<td colspan=\"2\" width=\"12%\">\r\n<p style=\"text-align: center;\">Du<\/p>\r\n<\/td>\r\n<td width=\"25%\">\r\n<p style=\"text-align: center;\">20<\/p>\r\n<\/td>\r\n<\/tr>\r\n<tr>\r\n<td colspan=\"6\" width=\"100%\">\r\n<p style=\"text-align: left;\">8. Qabarit ol\u00e7\u00fcl\u0259r, \u0259n \u00e7ox<\/p>\r\n<\/td>\r\n<\/tr>\r\n<tr>\r\n<td rowspan=\"3\" width=\"6%\"><\/td>\r\n<td colspan=\"3\" width=\"55%\">\r\n<p style=\"text-align: left;\">uzunluq<\/p>\r\n<\/td>\r\n<td width=\"12%\">\r\n<p style=\"text-align: center;\">mm<\/p>\r\n<\/td>\r\n<td width=\"25%\">\r\n<p style=\"text-align: center;\">1180<\/p>\r\n<\/td>\r\n<\/tr>\r\n<tr>\r\n<td colspan=\"3\" width=\"55%\">\r\n<p style=\"text-align: left;\">enlik\/ \u00e7\u0259r\u00e7iv\u0259yl\u0259 enlik<\/p>\r\n<\/td>\r\n<td width=\"12%\">\r\n<p style=\"text-align: center;\">mm<\/p>\r\n<\/td>\r\n<td width=\"25%\">\r\n<p style=\"text-align: center;\">350\/550<\/p>\r\n<\/td>\r\n<\/tr>\r\n<tr>\r\n<td colspan=\"3\" width=\"55%\">\r\n<p style=\"text-align: left;\">h\u00fcnd\u00fcrl\u00fck\/\u00e7\u0259r\u00e7iv\u0259yl\u0259 h\u00fcnd\u00fcrl\u00fck<\/p>\r\n<\/td>\r\n<td width=\"12%\">\r\n<p style=\"text-align: center;\">mm<\/p>\r\n<\/td>\r\n<td width=\"25%\">\r\n<p style=\"text-align: center;\">2035\/2085<\/p>\r\n<\/td>\r\n<\/tr>\r\n<tr>\r\n<td colspan=\"4\" width=\"61%\">\r\n<p style=\"text-align: left;\">9. \u00c7\u0259ki, \u0259n \u00e7ox<\/p>\r\n<\/td>\r\n<td width=\"12%\">\r\n<p style=\"text-align: center;\">kq<\/p>\r\n<\/td>\r\n<td width=\"25%\">\r\n<p style=\"text-align: center;\">500<\/p>\r\n<\/td>\r\n<\/tr>\r\n<\/tbody>\r\n<\/table>"},{"tab_title":"\u00dcst\u00fcnl\u00fckl\u0259r","tab_content":"<ul>\r\n \t<li style=\"text-align: justify;\">sistemin nisb\u0259t\u0259n a\u015fa\u011f\u0131 nisbi qiym\u0259ti. Yenil v\u0259 q\u00fcvv\u0259d\u0259 olan transformatorlar\u0131n q\u0259zal\u0131 s\u0131radan \u00e7\u0131xmas\u0131ndan z\u0259r\u0259rl\u0259r y\u00fczl\u0259rl\u0259 min v\u0259 milyonlarla dollar qiym\u0259t\u0259 \u00e7at\u0131r. Amma TOR-5 sisteminin d\u0259y\u0259ri yaln\u0131z bu x\u0259rcl\u0259rd\u0259n balaca hiss\u0259ni t\u0259\u015fkil edir, bu onun almas\u0131 v\u0259 istifad\u0259si \u0259lveri\u015fli investisiyad\u0131r ;<\/li>\r\n \t<li style=\"text-align: justify;\">\u00e7ox funksional. Sistem \u00fc\u00e7 m\u0259s\u0259l\u0259ni h\u0259ll edir: onlayn rejimind\u0259 transformatorlar\u0131n \u0259h\u0259miyy\u0259tli parametrl\u0259rinin m\u00fc\u0259yy\u0259n edilm\u0259si, izolyasiya ya\u011f\u0131n\u0131n filtrasiyas\u0131 v\u0259 qurutmas\u0131, h\u0259m\u00e7inin istifad\u0259\u00e7inin \u00f6z i\u015fi v\u0259 transformatorun i\u015fi haqq\u0131nda s\u00fcr\u0259tli m\u0259lumat verilm\u0259si;<\/li>\r\n \t<li style=\"text-align: justify;\">universall\u0131q. TOR-5 sistemi yeni v\u0259 k\u00f6hn\u0259 ya\u011fla doldurulmu\u015f transformatorlar\u0131n\u0131n, h\u0259m\u00e7inin m\u00fcxt\u0259lif t\u0259yinatl\u0131 transformatorlar\u0131n servis xidm\u0259ti \u00fc\u00e7\u00fcn yaray\u0131r;<\/li>\r\n \t<li style=\"text-align: justify;\">\u00f6l\u00e7\u00fcl\u0259rin y\u0131\u011fcaml\u0131\u011f\u0131. Sistem effektiv i\u015fi \u00fc\u00e7\u00fcn laz\u0131m olan komponentl\u0259rin minimum miqdar\u0131ndan ibar\u0259tdir, hans\u0131lar ki, vahid korpusda yerl\u0259\u015fdirilmi\u015fdir;<\/li>\r\n \t<li style=\"text-align: justify;\">sistemin xidm\u0259t m\u00fcdd\u0259ti z\u0259d\u0259l\u0259rd\u0259n v\u0259 atmosfera \u00e7\u00f6k\u00fcnt\u00fcl\u0259rind\u0259n b\u00fct\u00fcn komponentl\u0259rin etibarl\u0131 m\u00fcdafi\u0259sinin hesab\u0131na transformatorun xidm\u0259t m\u00fcdd\u0259tiyl\u0259 m\u00fcqayis\u0259 oluna bil\u0259ndir;<\/li>\r\n \t<li style=\"text-align: justify;\">veb-\u0259lav\u0259d\u0259n istifad\u0259nin rahatl\u0131\u011f\u0131. Veb s\u0259hif\u0259d\u0259 yar\u0131mstansiyalar\u0131n v\u0259 h\u0259r yar\u0131mstansiyan\u0131n transformatorlar\u0131n\u0131n siyah\u0131s\u0131 \u0259ks olunur. H\u0259m\u00e7inin proqrama qrafikl\u0259r v\u0259 diaqramlar \u015f\u0259klind\u0259 \u00f6l\u00e7\u00fcl\u0259rin v\u0259 hesablamalar\u0131n t\u0259qdim etm\u0259siyl\u0259 x\u0259rit\u0259d\u0259 transformatorlar\u0131n t\u0259sviri daxil olur. Obyekti se\u00e7ib transformatorun yan\u0131nda v\u0259 ya se\u00e7ilmi\u015f m\u00fcdd\u0259ti \u00fc\u00e7\u00fcn TOR-5 sistemin qura\u015fd\u0131r\u0131lmas\u0131 an\u0131ndan b\u00fct\u00fcn d\u00f6vr \u00fc\u00e7\u00fcn ya\u011f v\u0259ziyy\u0259ti haqq\u0131nda tam informasiyan\u0131 almaq olar;<\/li>\r\n \t<li style=\"text-align: justify;\">qo\u015fulman\u0131n sad\u0259liyi. Haz\u0131rl\u0131q m\u0259rh\u0259l\u0259sind\u0259n sonra sistem bir ne\u00e7\u0259 d\u0259qiq\u0259 \u0259rzind\u0259 transformatora qo\u015fulur;<\/li>\r\n \t<li style=\"text-align: justify;\">ya\u011f\u0131n emal\u0131 avtomatik rejimd\u0259 transformatorun s\u00f6nd\u00fcr\u00fclm\u0259si olmadan yerin\u0259 yetirilir;<\/li>\r\n \t<li style=\"text-align: justify;\">uzaqla\u015fd\u0131r\u0131lm\u0131\u015f kontrol. H\u0259tta m\u0259zuniyy\u0259td\u0259 olaraq, elektrik enerjisi \u015firk\u0259tinin r\u0259hb\u0259ri v\u0259 ya xidm\u0259t b\u00f6lm\u0259sinin \u0259m\u0259kda\u015f\u0131 ist\u0259nil\u0259n i\u015f yerind\u0259n sistem\u0259 gir\u0259 v\u0259 transformator park\u0131 v\u0259ziyy\u0259tini m\u0259lumat\u0131n\u0131 ala bil\u0259r, laboratoriyadan n\u0259tic\u0259ni g\u00f6zl\u0259m\u0259d\u0259n v\u0259 avadanl\u0131\u011f\u0131n istismarlar\u0131 yerin\u0259 \u00e7\u0131xmadan;<\/li>\r\n \t<li style=\"text-align: justify;\">transformator v\u0259ziyy\u0259tinin d\u0259yi\u015fiklikl\u0259rinin dinamikas\u0131n\u0131n daha tam informasiyas\u0131 v\u0259 qiym\u0259tl\u0259ndirilm\u0259si. Daimi m\u0259lumatlar\u0131n \u0259ld\u0259 edilm\u0259si n\u0259tic\u0259sind\u0259 transformator ya\u011f\u0131 v\u0259ziyy\u0259tinin d\u0259yi\u015fiklikl\u0259rinin dinamikas\u0131n\u0131 qiym\u0259tl\u0259ndirm\u0259k olar, bu is\u0259 TOR-5 sistemini d\u00f6vri laboratoriya analizl\u0259ri m\u00fcqayis\u0259d\u0259 daha \u00e7ox informativ edir.<\/li>\r\n<\/ul>"}],"add_video_tab":[{"video_tab_title":"Video","add_video_id":[{"video_id":"Wgf5gaEcrqU"}]}],"add_gallery_tab":null,"add_price_tab":null,"science_title":"","science_id":null},"language":"az","_links":{"self":[{"href":"https:\/\/globecore.info\/az\/wp-json\/wp\/v2\/pages\/16793","targetHints":{"allow":["GET"]}}],"collection":[{"href":"https:\/\/globecore.info\/az\/wp-json\/wp\/v2\/pages"}],"about":[{"href":"https:\/\/globecore.info\/az\/wp-json\/wp\/v2\/types\/page"}],"author":[{"embeddable":true,"href":"https:\/\/globecore.info\/az\/wp-json\/wp\/v2\/users\/4"}],"replies":[{"embeddable":true,"href":"https:\/\/globecore.info\/az\/wp-json\/wp\/v2\/comments?post=16793"}],"version-history":[{"count":2,"href":"https:\/\/globecore.info\/az\/wp-json\/wp\/v2\/pages\/16793\/revisions"}],"predecessor-version":[{"id":16795,"href":"https:\/\/globecore.info\/az\/wp-json\/wp\/v2\/pages\/16793\/revisions\/16795"}],"up":[{"embeddable":true,"href":"https:\/\/globecore.info\/az\/wp-json\/wp\/v2\/pages\/16774"}],"wp:featuredmedia":[{"embeddable":true,"href":"https:\/\/globecore.info\/az\/wp-json\/wp\/v2\/media\/16440"}],"wp:attachment":[{"href":"https:\/\/globecore.info\/az\/wp-json\/wp\/v2\/media?parent=16793"}],"wp:term":[{"taxonomy":"category","embeddable":true,"href":"https:\/\/globecore.info\/az\/wp-json\/wp\/v2\/categories?post=16793"}],"curies":[{"name":"wp","href":"https:\/\/api.w.org\/{rel}","templated":true}]}}